{"id":4002,"date":"2022-12-12T09:45:57","date_gmt":"2022-12-12T09:45:57","guid":{"rendered":"https:\/\/nissantravelguide.com\/budapest\/casa-de-la-musica-hungara\/"},"modified":"2022-12-12T17:26:20","modified_gmt":"2022-12-12T17:26:20","slug":"casa-de-la-musica-hungara","status":"publish","type":"page","link":"https:\/\/nissantravelguide.com\/es\/budapest\/casa-de-la-musica-hungara\/","title":{"rendered":"Casa de la M\u00fasica H\u00fangara"},"content":{"rendered":"<p class=\"p1\">\u00bfSab\u00edas que es en la m\u00fasica donde la cultura h\u00fangara ha tenido, en parte, su mayor impacto? Construida por el arquitecto japon\u00e9s Sou Fujimoto, la Casa de la M\u00fasica H\u00fangara abri\u00f3 sus puertas en el Parque de la Ciudad en enero de 2022, y se ha convertido en uno de los lugares m\u00e1s interesantes y novedosos de la ciudad. Se trata de un edificio \u00fanico y espectacular que parece surrealista y casi sobrenatural, ubicado entre los \u00e1rboles. Es la primera exposici\u00f3n exhaustiva del pa\u00eds que muestra la evoluci\u00f3n de la m\u00fasica h\u00fangara, por lo que merece la pena visitarla.<span class=\"Apple-converted-space\">\u00a0<\/span><\/p>\n","protected":false},"excerpt":{"rendered":"<p>\u00bfSab\u00edas que es en la m\u00fasica donde la cultura h\u00fangara ha tenido, en parte, su mayor impacto? Construida por el arquitecto japon\u00e9s Sou Fujimoto, la Casa de la M\u00fasica H\u00fangara abri\u00f3 sus puertas en el Parque de la Ciudad en enero de 2022, y se ha convertido en uno de los lugares m\u00e1s interesantes y [&hellip;]<\/p>\n","protected":false},"author":1,"featured_media":3214,"parent":2907,"menu_order":0,"comment_status":"closed","ping_status":"closed","template":"tpl-location.php","meta":{"_acf_changed":false,"footnotes":""},"acf":{"address":"Budapest, Olof Palme stny. 3, 1146 Hungary","location_type":"interest","map_link":"https:\/\/www.google.com\/maps\/place\/House+of+Music,+Hungary\/@47.5126328,19.0840292,15z\/data=!4m5!3m4!1s0x0:0x1b0365a6f8f3620!8m2!3d47.5126328!4d19.0840292","trip_advisor":"https:\/\/www.tripadvisor.co.uk\/Attraction_Review-g274887-d23873098-Reviews-Magyar_Zene_Haza-Budapest_Central_Hungary.html","coordinates":{"latitude":"47.5126328","longitude":"19.0840292"},"charging_stations":[{"charging_station":"Type 2, (22.1 kW): Mobiliti Charging Station, Varosligeti Fasor 18, 1068 (1.6km \/ 6 min) "}]},"aioseo_notices":[],"_links":{"self":[{"href":"https:\/\/nissantravelguide.com\/es\/wp-json\/wp\/v2\/pages\/4002"}],"collection":[{"href":"https:\/\/nissantravelguide.com\/es\/wp-json\/wp\/v2\/pages"}],"about":[{"href":"https:\/\/nissantravelguide.com\/es\/wp-json\/wp\/v2\/types\/page"}],"author":[{"embeddable":true,"href":"https:\/\/nissantravelguide.com\/es\/wp-json\/wp\/v2\/users\/1"}],"replies":[{"embeddable":true,"href":"https:\/\/nissantravelguide.com\/es\/wp-json\/wp\/v2\/comments?post=4002"}],"version-history":[{"count":1,"href":"https:\/\/nissantravelguide.com\/es\/wp-json\/wp\/v2\/pages\/4002\/revisions"}],"predecessor-version":[{"id":4245,"href":"https:\/\/nissantravelguide.com\/es\/wp-json\/wp\/v2\/pages\/4002\/revisions\/4245"}],"up":[{"embeddable":true,"href":"https:\/\/nissantravelguide.com\/es\/wp-json\/wp\/v2\/pages\/2907"}],"wp:featuredmedia":[{"embeddable":true,"href":"https:\/\/nissantravelguide.com\/es\/wp-json\/wp\/v2\/media\/3214"}],"wp:attachment":[{"href":"https:\/\/nissantravelguide.com\/es\/wp-json\/wp\/v2\/media?parent=4002"}],"curies":[{"name":"wp","href":"https:\/\/api.w.org\/{rel}","templated":true}]}}