{"id":4004,"date":"2022-12-12T09:47:11","date_gmt":"2022-12-12T09:47:11","guid":{"rendered":"https:\/\/nissantravelguide.com\/praga\/mosaic-house\/"},"modified":"2022-12-12T17:29:34","modified_gmt":"2022-12-12T17:29:34","slug":"mosaic-house","status":"publish","type":"page","link":"https:\/\/nissantravelguide.com\/es\/praga\/mosaic-house\/","title":{"rendered":"Mosaic House"},"content":{"rendered":"<p class=\"p1\">Peculiar, moderno, sostenible y chic: el Mosaic House Design Hotel en el coraz\u00f3n de Praga es una ubicaci\u00f3n ideal desde la que explorar esta vibrante ciudad. La Mosaic House, situada a un tiro de piedra del r\u00edo Moldava y renovada en 2020, se construy\u00f3 originalmente en 1935 bas\u00e1ndose en el funcionalismo, lo que le da un aire de practicidad. El hotel cuenta con una variedad de obras de arte (incluidos los mosaicos, por supuesto) repartidas por todo el inmueble. Esto se suma a sus espacios de trabajo, servicios de spa y sauna, un caf\u00e9, una biblioteca y tranquilas \u00e1reas de descanso donde realmente puedes escapar del ajetreo de la ciudad.<span class=\"Apple-converted-space\">\u00a0<\/span><\/p>\n<p class=\"p1\">Mosaic House tambi\u00e9n cuenta con importantes credenciales de sostenibilidad, ya que acoge el primer sistema de reciclaje de aguas grises de la Rep\u00fablica Checa, con electrodom\u00e9sticos que ahorran agua en las habitaciones y persianas automatizadas que optimizan la calefacci\u00f3n y la refrigeraci\u00f3n.<\/p>\n","protected":false},"excerpt":{"rendered":"<p>Peculiar, moderno, sostenible y chic: el Mosaic House Design Hotel en el coraz\u00f3n de Praga es una ubicaci\u00f3n ideal desde la que explorar esta vibrante ciudad. La Mosaic House, situada a un tiro de piedra del r\u00edo Moldava y renovada en 2020, se construy\u00f3 originalmente en 1935 bas\u00e1ndose en el funcionalismo, lo que le da [&hellip;]<\/p>\n","protected":false},"author":1,"featured_media":3638,"parent":2910,"menu_order":0,"comment_status":"closed","ping_status":"closed","template":"tpl-location.php","meta":{"_acf_changed":false,"footnotes":""},"acf":{"address":"Odbor\u016f 278\/4, 120 00 Nov\u00e9 M\u011bsto, Czechia","location_type":"hotel","map_link":"https:\/\/www.google.com\/maps\/place\/Mosaic+House+Design+Hotel\/@50.0775048,14.4158254,17z\/data=!3m1!4b1!4m8!3m7!1s0x470b952a6030a397:0xa5c39ac7d5ee7a24!5m2!4m1!1i2!8m2!3d50.0775048!4d14.4180141","trip_advisor":"https:\/\/www.tripadvisor.com\/Hotel_Review-g274707-d1656616-Reviews-Mosaic_House_Design_Hotel-Prague_Bohemia.html","coordinates":{"latitude":"50.0775048","longitude":"14.4158254"},"charging_stations":[{"charging_station":"Type 2 (22kW): Sokolovska 11 (4.2km \/ 14 min)"}]},"aioseo_notices":[],"_links":{"self":[{"href":"https:\/\/nissantravelguide.com\/es\/wp-json\/wp\/v2\/pages\/4004"}],"collection":[{"href":"https:\/\/nissantravelguide.com\/es\/wp-json\/wp\/v2\/pages"}],"about":[{"href":"https:\/\/nissantravelguide.com\/es\/wp-json\/wp\/v2\/types\/page"}],"author":[{"embeddable":true,"href":"https:\/\/nissantravelguide.com\/es\/wp-json\/wp\/v2\/users\/1"}],"replies":[{"embeddable":true,"href":"https:\/\/nissantravelguide.com\/es\/wp-json\/wp\/v2\/comments?post=4004"}],"version-history":[{"count":1,"href":"https:\/\/nissantravelguide.com\/es\/wp-json\/wp\/v2\/pages\/4004\/revisions"}],"predecessor-version":[{"id":4249,"href":"https:\/\/nissantravelguide.com\/es\/wp-json\/wp\/v2\/pages\/4004\/revisions\/4249"}],"up":[{"embeddable":true,"href":"https:\/\/nissantravelguide.com\/es\/wp-json\/wp\/v2\/pages\/2910"}],"wp:featuredmedia":[{"embeddable":true,"href":"https:\/\/nissantravelguide.com\/es\/wp-json\/wp\/v2\/media\/3638"}],"wp:attachment":[{"href":"https:\/\/nissantravelguide.com\/es\/wp-json\/wp\/v2\/media?parent=4004"}],"curies":[{"name":"wp","href":"https:\/\/api.w.org\/{rel}","templated":true}]}}