{"id":4005,"date":"2022-12-12T09:47:32","date_gmt":"2022-12-12T09:47:32","guid":{"rendered":"https:\/\/nissantravelguide.com\/praga\/botanique-hotel\/"},"modified":"2022-12-12T09:47:32","modified_gmt":"2022-12-12T09:47:32","slug":"botanique-hotel","status":"publish","type":"page","link":"https:\/\/nissantravelguide.com\/es\/praga\/botanique-hotel\/","title":{"rendered":"Botanique Hotel"},"content":{"rendered":"<p class=\"p1\">Con su impresionante compromiso con la sostenibilidad, una paleta de colores minimalistas y habitaciones dise\u00f1adas por los famosos dise\u00f1adores checos Olgoj Chorchoj, el Botanique Hotel, que acepta mascotas en el centro de Praga, es la opci\u00f3n perfecta para el viajero consciente (\u00a1y sus peludos acompa\u00f1antes!). El ecohotel, muy inspirado en la naturaleza, cuenta con su propio programa integral \u201cBe Green\u201d, que incluye una estricta pol\u00edtica de prohibici\u00f3n de pl\u00e1sticos de un solo uso, iniciativas de reciclaje, obsequios de cortes\u00eda org\u00e1nicos y una estaci\u00f3n de carga de coches el\u00e9ctricos.<span class=\"Apple-converted-space\">\u00a0<\/span><\/p>\n<p class=\"p1\">El Bistro &amp; Bar del hotel sirve una excelente cocina elaborada con productos locales frescos, y ofrece men\u00fas vegetarianos, veganos y sin gluten para los hu\u00e9spedes.<span class=\"Apple-converted-space\">\u00a0<\/span><\/p>\n","protected":false},"excerpt":{"rendered":"<p>Con su impresionante compromiso con la sostenibilidad, una paleta de colores minimalistas y habitaciones dise\u00f1adas por los famosos dise\u00f1adores checos Olgoj Chorchoj, el Botanique Hotel, que acepta mascotas en el centro de Praga, es la opci\u00f3n perfecta para el viajero consciente (\u00a1y sus peludos acompa\u00f1antes!). El ecohotel, muy inspirado en la naturaleza, cuenta con su [&hellip;]<\/p>\n","protected":false},"author":1,"featured_media":3538,"parent":2910,"menu_order":0,"comment_status":"closed","ping_status":"closed","template":"tpl-location.php","meta":{"_acf_changed":false,"footnotes":""},"acf":{"address":"Sokolovsk\u00e1 11, 186 00 Karl\u00edn, Czechia","location_type":"hotel","map_link":"https:\/\/www.google.com\/maps\/place\/Botanique+Hotel+Prague\/@50.0915412,14.4374769,17z\/data=!4m18!1m9!3m8!1s0x470b94be7f21d87b:0xd8d08da4fac64ffc!2sBotanique+Hotel+Prague!5m2!4m1!1i2!8m2!3d50.0915412!4d14.4396656!3m7!1s0x470b94be7f21d87b:0xd8d08da4fac64ffc!5m2!4m1!1i2!8m2!3d50.0915412!4d14.4396656","trip_advisor":"https:\/\/www.tripadvisor.com\/Hotel_Review-g274707-d1479215-Reviews-Botanique_Hotel_Prague-Prague_Bohemia.html","coordinates":{"latitude":"50.0915412","longitude":"14.4374769"},"charging_stations":[{"charging_station":"Hotel has EV Charging"},{"charging_station":"Sokolovska 11 (18m \/ 1 min)"}]},"aioseo_notices":[],"_links":{"self":[{"href":"https:\/\/nissantravelguide.com\/es\/wp-json\/wp\/v2\/pages\/4005"}],"collection":[{"href":"https:\/\/nissantravelguide.com\/es\/wp-json\/wp\/v2\/pages"}],"about":[{"href":"https:\/\/nissantravelguide.com\/es\/wp-json\/wp\/v2\/types\/page"}],"author":[{"embeddable":true,"href":"https:\/\/nissantravelguide.com\/es\/wp-json\/wp\/v2\/users\/1"}],"replies":[{"embeddable":true,"href":"https:\/\/nissantravelguide.com\/es\/wp-json\/wp\/v2\/comments?post=4005"}],"version-history":[{"count":0,"href":"https:\/\/nissantravelguide.com\/es\/wp-json\/wp\/v2\/pages\/4005\/revisions"}],"up":[{"embeddable":true,"href":"https:\/\/nissantravelguide.com\/es\/wp-json\/wp\/v2\/pages\/2910"}],"wp:featuredmedia":[{"embeddable":true,"href":"https:\/\/nissantravelguide.com\/es\/wp-json\/wp\/v2\/media\/3538"}],"wp:attachment":[{"href":"https:\/\/nissantravelguide.com\/es\/wp-json\/wp\/v2\/media?parent=4005"}],"curies":[{"name":"wp","href":"https:\/\/api.w.org\/{rel}","templated":true}]}}