{"id":4006,"date":"2022-12-12T09:47:55","date_gmt":"2022-12-12T09:47:55","guid":{"rendered":"https:\/\/nissantravelguide.com\/praga\/spojka-karlin\/"},"modified":"2022-12-12T09:47:55","modified_gmt":"2022-12-12T09:47:55","slug":"spojka-karlin","status":"publish","type":"page","link":"https:\/\/nissantravelguide.com\/es\/praga\/spojka-karlin\/","title":{"rendered":"Spojka Karl\u00edn"},"content":{"rendered":"<p class=\"p1\">Spojka, presentado como el primer restaurante \u201cflexitariano\u201d de la Rep\u00fablica Checa (que no proh\u00edbe completamente la carne y los productos de origen animal, pero reduce su consumo a favor de los alimentos de origen vegetal), es un elegante restaurante situado en el moderno barrio de Karl\u00edn. El restaurante, con m\u00e1s de 500 plantas entre sus paredes e impulsado por la misi\u00f3n de conectar a las personas a trav\u00e9s de la comida, ofrece una variedad de opciones para veganos, vegetarianos y amantes de la carne, todo en una sola mesa. Y lo que es m\u00e1s, \u00a1incluso ofrecen kombucha casero!<span class=\"Apple-converted-space\">\u00a0<\/span><\/p>\n","protected":false},"excerpt":{"rendered":"<p>Spojka, presentado como el primer restaurante \u201cflexitariano\u201d de la Rep\u00fablica Checa (que no proh\u00edbe completamente la carne y los productos de origen animal, pero reduce su consumo a favor de los alimentos de origen vegetal), es un elegante restaurante situado en el moderno barrio de Karl\u00edn. El restaurante, con m\u00e1s de 500 plantas entre sus [&hellip;]<\/p>\n","protected":false},"author":1,"featured_media":3663,"parent":2910,"menu_order":0,"comment_status":"closed","ping_status":"closed","template":"tpl-location.php","meta":{"_acf_changed":false,"footnotes":""},"acf":{"address":"Pernerova 697\/35, 186 00 Praha 8-Karl\u00edn, Czechia","location_type":"restaurant","map_link":"https:\/\/www.google.com\/maps\/place\/Spojka+Karl%C3%ADn\/@50.0908549,14.4514692,17z\/data=!3m1!4b1!4m5!3m4!1s0x470b9511d385f561:0x94e8acc0d10ada3e!8m2!3d50.0908549!4d14.4514692","trip_advisor":"https:\/\/www.tripadvisor.com\/Restaurant_Review-g274707-d17503386-Reviews-Spojka_Karlin-Prague_Bohemia.html","coordinates":{"latitude":"50.0908549","longitude":"14.4514692"},"charging_stations":[{"charging_station":"Type 2 (22kW): Sokolovska 11 (1.4km \/ 6 min)"}]},"aioseo_notices":[],"_links":{"self":[{"href":"https:\/\/nissantravelguide.com\/es\/wp-json\/wp\/v2\/pages\/4006"}],"collection":[{"href":"https:\/\/nissantravelguide.com\/es\/wp-json\/wp\/v2\/pages"}],"about":[{"href":"https:\/\/nissantravelguide.com\/es\/wp-json\/wp\/v2\/types\/page"}],"author":[{"embeddable":true,"href":"https:\/\/nissantravelguide.com\/es\/wp-json\/wp\/v2\/users\/1"}],"replies":[{"embeddable":true,"href":"https:\/\/nissantravelguide.com\/es\/wp-json\/wp\/v2\/comments?post=4006"}],"version-history":[{"count":0,"href":"https:\/\/nissantravelguide.com\/es\/wp-json\/wp\/v2\/pages\/4006\/revisions"}],"up":[{"embeddable":true,"href":"https:\/\/nissantravelguide.com\/es\/wp-json\/wp\/v2\/pages\/2910"}],"wp:featuredmedia":[{"embeddable":true,"href":"https:\/\/nissantravelguide.com\/es\/wp-json\/wp\/v2\/media\/3663"}],"wp:attachment":[{"href":"https:\/\/nissantravelguide.com\/es\/wp-json\/wp\/v2\/media?parent=4006"}],"curies":[{"name":"wp","href":"https:\/\/api.w.org\/{rel}","templated":true}]}}