{"id":4008,"date":"2022-12-12T09:48:40","date_gmt":"2022-12-12T09:48:40","guid":{"rendered":"https:\/\/nissantravelguide.com\/praga\/la-boheme-cafe\/"},"modified":"2022-12-12T09:48:40","modified_gmt":"2022-12-12T09:48:40","slug":"la-boheme-cafe","status":"publish","type":"page","link":"https:\/\/nissantravelguide.com\/es\/praga\/la-boheme-cafe\/","title":{"rendered":"La Boh\u00e8me Caf\u00e9"},"content":{"rendered":"<p class=\"p1\">Para los amantes del buen caf\u00e9, La Boh\u00e8me Caf\u00e9 es de visita obligada. La Boh\u00e8me, dirigida por un entregado equipo de entusiastas, cuenta con mezclas \u00fanicas y excepcionales de todo el mundo. La cafeter\u00eda, que va un paso m\u00e1s all\u00e1 para garantizar que tu caf\u00e9 matutino sea realmente el mejor, sigue una estricta pol\u00edtica de comercio justo. Solo compran caf\u00e9 de socios comerciales que tratan a sus trabajadores agr\u00edcolas con respeto y les dan buenos sueldos, y siguen pr\u00e1cticas respetuosas con el medio ambiente al cultivar y procesar sus productos.<\/p>\n","protected":false},"excerpt":{"rendered":"<p>Para los amantes del buen caf\u00e9, La Boh\u00e8me Caf\u00e9 es de visita obligada. La Boh\u00e8me, dirigida por un entregado equipo de entusiastas, cuenta con mezclas \u00fanicas y excepcionales de todo el mundo. La cafeter\u00eda, que va un paso m\u00e1s all\u00e1 para garantizar que tu caf\u00e9 matutino sea realmente el mejor, sigue una estricta pol\u00edtica de [&hellip;]<\/p>\n","protected":false},"author":1,"featured_media":3623,"parent":2910,"menu_order":0,"comment_status":"closed","ping_status":"closed","template":"tpl-location.php","meta":{"_acf_changed":false,"footnotes":""},"acf":{"address":"S\u00e1zavsk\u00e1 2031\/32, 120 00 Vinohrady, Czechia","location_type":"beauty","map_link":"https:\/\/www.google.com\/maps\/place\/La+Boh%C3%A8me+Caf%C3%A9\/@50.0767609,14.4408578,15z\/data=!4m5!3m4!1s0x0:0xc8660818d935dd00!8m2!3d50.0767919!4d14.4407401","trip_advisor":"https:\/\/www.tripadvisor.com\/Restaurant_Review-g274707-d6707589-Reviews-La_Boheme_Cafe-Prague_Bohemia.html","coordinates":{"latitude":"50.0767609","longitude":"14.4408578"},"charging_stations":[{"charging_station":"Type 2 (22kW): Sokolovska 11 (2.7km \/ 9 min)"}]},"aioseo_notices":[],"_links":{"self":[{"href":"https:\/\/nissantravelguide.com\/es\/wp-json\/wp\/v2\/pages\/4008"}],"collection":[{"href":"https:\/\/nissantravelguide.com\/es\/wp-json\/wp\/v2\/pages"}],"about":[{"href":"https:\/\/nissantravelguide.com\/es\/wp-json\/wp\/v2\/types\/page"}],"author":[{"embeddable":true,"href":"https:\/\/nissantravelguide.com\/es\/wp-json\/wp\/v2\/users\/1"}],"replies":[{"embeddable":true,"href":"https:\/\/nissantravelguide.com\/es\/wp-json\/wp\/v2\/comments?post=4008"}],"version-history":[{"count":0,"href":"https:\/\/nissantravelguide.com\/es\/wp-json\/wp\/v2\/pages\/4008\/revisions"}],"up":[{"embeddable":true,"href":"https:\/\/nissantravelguide.com\/es\/wp-json\/wp\/v2\/pages\/2910"}],"wp:featuredmedia":[{"embeddable":true,"href":"https:\/\/nissantravelguide.com\/es\/wp-json\/wp\/v2\/media\/3623"}],"wp:attachment":[{"href":"https:\/\/nissantravelguide.com\/es\/wp-json\/wp\/v2\/media?parent=4008"}],"curies":[{"name":"wp","href":"https:\/\/api.w.org\/{rel}","templated":true}]}}