{"id":4009,"date":"2022-12-12T09:48:57","date_gmt":"2022-12-12T09:48:57","guid":{"rendered":"https:\/\/nissantravelguide.com\/praga\/bistro-8\/"},"modified":"2022-12-12T09:48:57","modified_gmt":"2022-12-12T09:48:57","slug":"bistro-8","status":"publish","type":"page","link":"https:\/\/nissantravelguide.com\/es\/praga\/bistro-8\/","title":{"rendered":"Bistro 8"},"content":{"rendered":"<p class=\"p1\">Bistro 8, inspirado en los bistros parisinos tradicionales, es uno de los m\u00e1s antiguos de Praga, y sirve una variedad de platos elaborados con ingredientes locales. Su ambiente lo convierte en el lugar perfecto para el brunch, y el men\u00fa cambia seg\u00fan las estaciones, dependiendo de la disponibilidad de productos locales, pero siempre hay algo para satisfacer las dietas vegetarianas, veganas o sin gluten. Su interior minimalista est\u00e1 dise\u00f1ado para destacar las obras de artistas locales, as\u00ed que presta atenci\u00f3n a los platos, candelabros, muebles e incluso decoraciones florales durante tu visita.<\/p>\n","protected":false},"excerpt":{"rendered":"<p>Bistro 8, inspirado en los bistros parisinos tradicionales, es uno de los m\u00e1s antiguos de Praga, y sirve una variedad de platos elaborados con ingredientes locales. Su ambiente lo convierte en el lugar perfecto para el brunch, y el men\u00fa cambia seg\u00fan las estaciones, dependiendo de la disponibilidad de productos locales, pero siempre hay algo [&hellip;]<\/p>\n","protected":false},"author":1,"featured_media":3528,"parent":2910,"menu_order":0,"comment_status":"closed","ping_status":"closed","template":"tpl-location.php","meta":{"_acf_changed":false,"footnotes":""},"acf":{"address":"Veverkova 1410\/8, 170 00 Praha 7-Letn\u00e1, Czechia","location_type":"restaurant","map_link":"https:\/\/www.google.com\/maps\/place\/Bistro+8\/@50.0982606,14.4202782,15z\/data=!4m6!3m5!1s0x470b94c65301683f:0xa90bbe4f9fb4e2dc!8m2!3d50.0982649!4d14.4328028!15sCghiaXN0cm8gOFoKIghiaXN0cm8gOJIBBmJpc3Ryb-ABAA?shorturl=1","trip_advisor":"https:\/\/www.tripadvisor.com\/Restaurant_Review-g274707-d3316388-Reviews-Bistro_8-Prague_Bohemia.html","coordinates":{"latitude":"50.0982606","longitude":"14.4202782"},"charging_stations":[{"charging_station":"Type 2 (22kW): Sokolovska 11 (2.5km \/ 8 min)"}]},"aioseo_notices":[],"_links":{"self":[{"href":"https:\/\/nissantravelguide.com\/es\/wp-json\/wp\/v2\/pages\/4009"}],"collection":[{"href":"https:\/\/nissantravelguide.com\/es\/wp-json\/wp\/v2\/pages"}],"about":[{"href":"https:\/\/nissantravelguide.com\/es\/wp-json\/wp\/v2\/types\/page"}],"author":[{"embeddable":true,"href":"https:\/\/nissantravelguide.com\/es\/wp-json\/wp\/v2\/users\/1"}],"replies":[{"embeddable":true,"href":"https:\/\/nissantravelguide.com\/es\/wp-json\/wp\/v2\/comments?post=4009"}],"version-history":[{"count":0,"href":"https:\/\/nissantravelguide.com\/es\/wp-json\/wp\/v2\/pages\/4009\/revisions"}],"up":[{"embeddable":true,"href":"https:\/\/nissantravelguide.com\/es\/wp-json\/wp\/v2\/pages\/2910"}],"wp:featuredmedia":[{"embeddable":true,"href":"https:\/\/nissantravelguide.com\/es\/wp-json\/wp\/v2\/media\/3528"}],"wp:attachment":[{"href":"https:\/\/nissantravelguide.com\/es\/wp-json\/wp\/v2\/media?parent=4009"}],"curies":[{"name":"wp","href":"https:\/\/api.w.org\/{rel}","templated":true}]}}