{"id":4010,"date":"2022-12-12T09:49:13","date_gmt":"2022-12-12T09:49:13","guid":{"rendered":"https:\/\/nissantravelguide.com\/praga\/babiccina-zahrada\/"},"modified":"2022-12-12T09:49:13","modified_gmt":"2022-12-12T09:49:13","slug":"babiccina-zahrada","status":"publish","type":"page","link":"https:\/\/nissantravelguide.com\/es\/praga\/babiccina-zahrada\/","title":{"rendered":"Babi\u010d\u010dina Zahrada"},"content":{"rendered":"<p class=\"p1\">Retrocede en el tiempo y disfruta del c\u00e1lido resplandor y los irresistibles aromas de la cocina de la abuela en Babi\u010d\u010dina Zahrada, un restaurante de estilo \u00edntimo que ofrece con cenas al aire libre (y su propia casa de hu\u00e9spedes) en medio de hermosos jardines. Hay una cosa que el equipo toma muy en serio en lo que respecta al men\u00fa: cada plato debe prepararse con ingredientes de origen checo, lo que significa obtenerlos de forma sostenible de agricultores y proveedores locales. Adem\u00e1s, \u00a1incluso ofrecen carga gratuita para coches el\u00e9ctricos a los hu\u00e9spedes!<\/p>\n","protected":false},"excerpt":{"rendered":"<p>Retrocede en el tiempo y disfruta del c\u00e1lido resplandor y los irresistibles aromas de la cocina de la abuela en Babi\u010d\u010dina Zahrada, un restaurante de estilo \u00edntimo que ofrece con cenas al aire libre (y su propia casa de hu\u00e9spedes) en medio de hermosos jardines. Hay una cosa que el equipo toma muy en serio [&hellip;]<\/p>\n","protected":false},"author":1,"featured_media":3508,"parent":2910,"menu_order":0,"comment_status":"closed","ping_status":"closed","template":"tpl-location.php","meta":{"_acf_changed":false,"footnotes":""},"acf":{"address":"Tov\u00e1rn\u00ed 536, 252 43 Pr\u016fhonice, Czechia","location_type":"restaurant","map_link":"https:\/\/www.google.com\/maps\/place\/Babi%C4%8D%C4%8Dina+zahrada\/@49.9965528,14.5500917,15z\/data=!4m5!3m4!1s0x0:0xe3d9e4d4ef592bce!8m2!3d49.9965528!4d14.5500917","trip_advisor":"https:\/\/www.tripadvisor.com\/Restaurant_Review-g274707-d4881536-Reviews-Babiccina_Zahrada-Prague_Bohemia.html","coordinates":{"latitude":"49.9965528","longitude":"14.5500917"},"charging_stations":[{"charging_station":"Automobilova 585 (7.8km \/ 12 min)"}]},"aioseo_notices":[],"_links":{"self":[{"href":"https:\/\/nissantravelguide.com\/es\/wp-json\/wp\/v2\/pages\/4010"}],"collection":[{"href":"https:\/\/nissantravelguide.com\/es\/wp-json\/wp\/v2\/pages"}],"about":[{"href":"https:\/\/nissantravelguide.com\/es\/wp-json\/wp\/v2\/types\/page"}],"author":[{"embeddable":true,"href":"https:\/\/nissantravelguide.com\/es\/wp-json\/wp\/v2\/users\/1"}],"replies":[{"embeddable":true,"href":"https:\/\/nissantravelguide.com\/es\/wp-json\/wp\/v2\/comments?post=4010"}],"version-history":[{"count":0,"href":"https:\/\/nissantravelguide.com\/es\/wp-json\/wp\/v2\/pages\/4010\/revisions"}],"up":[{"embeddable":true,"href":"https:\/\/nissantravelguide.com\/es\/wp-json\/wp\/v2\/pages\/2910"}],"wp:featuredmedia":[{"embeddable":true,"href":"https:\/\/nissantravelguide.com\/es\/wp-json\/wp\/v2\/media\/3508"}],"wp:attachment":[{"href":"https:\/\/nissantravelguide.com\/es\/wp-json\/wp\/v2\/media?parent=4010"}],"curies":[{"name":"wp","href":"https:\/\/api.w.org\/{rel}","templated":true}]}}