{"id":4011,"date":"2022-12-12T09:49:46","date_gmt":"2022-12-12T09:49:46","guid":{"rendered":"https:\/\/nissantravelguide.com\/praga\/kasarna-karlin\/"},"modified":"2022-12-12T09:49:46","modified_gmt":"2022-12-12T09:49:46","slug":"kasarna-karlin","status":"publish","type":"page","link":"https:\/\/nissantravelguide.com\/es\/praga\/kasarna-karlin\/","title":{"rendered":"Kas\u00e1rna Karl\u00edn"},"content":{"rendered":"<p class=\"p1\"><a href=\"https:\/\/www.kasarnakarlin.cz\/\">Kas\u00e1rna Karl\u00edn<\/a> (tambi\u00e9n conocido como <a href=\"https:\/\/www.kasarnakarlin.cz\/\">Karl\u00edn<\/a> Barracks) es un lugar de encuentro cultural de moda ubicado cerca del coraz\u00f3n de Praga. Kas\u00e1rna, dirigido por un equipo de voluntarios y colaboradores apasionados, se enorgullece de no presentar \u201cdesorden visual\u201d gracias a su pol\u00edtica libre de anuncios. Cuenta con una cafeter\u00eda, un cine, un arenero, una galer\u00eda, una fogata y un bar con un club (solamente\u2026). Es un lugar animado para visitar para cualquiera que busque una experiencia local verdaderamente \u00fanica.<\/p>\n<p class=\"p1\">Kas\u00e1rna tambi\u00e9n es un sitio consciente de su impacto en el medio ambiente local. Sin duda, sus pr\u00e1cticas de clasificaci\u00f3n y reciclaje de residuos te parecer\u00e1n un poco m\u00e1s rigurosas que las de la mayor\u00eda&#8230;<span class=\"Apple-converted-space\">\u00a0<\/span><\/p>\n","protected":false},"excerpt":{"rendered":"<p>Kas\u00e1rna Karl\u00edn (tambi\u00e9n conocido como Karl\u00edn Barracks) es un lugar de encuentro cultural de moda ubicado cerca del coraz\u00f3n de Praga. Kas\u00e1rna, dirigido por un equipo de voluntarios y colaboradores apasionados, se enorgullece de no presentar \u201cdesorden visual\u201d gracias a su pol\u00edtica libre de anuncios. Cuenta con una cafeter\u00eda, un cine, un arenero, una galer\u00eda, [&hellip;]<\/p>\n","protected":false},"author":1,"featured_media":3603,"parent":2910,"menu_order":0,"comment_status":"closed","ping_status":"closed","template":"tpl-location.php","meta":{"_acf_changed":false,"footnotes":""},"acf":{"address":"Prvn\u00edho pluku 20\/2, 186 00 Karl\u00edn, Czechia","location_type":"interest","map_link":"https:\/\/www.google.com\/maps\/place\/Kas%C3%A1rna+Karl%C3%ADn\/@50.0898307,14.4434196,15z\/data=!4m5!3m4!1s0x0:0xb4ab62b11de22eb4!8m2!3d50.0898307!4d14.4434196","trip_advisor":"https:\/\/www.tripadvisor.co.nz\/Attraction_Review-g274707-d12702015-Reviews-Kasarna_Karlin-Prague_Bohemia.html","coordinates":{"latitude":"50.0898307","longitude":"14.4434196"},"charging_stations":[{"charging_station":"Type 2 (22kW): Sokolovska 11 (950m \/ 4 min)"}]},"aioseo_notices":[],"_links":{"self":[{"href":"https:\/\/nissantravelguide.com\/es\/wp-json\/wp\/v2\/pages\/4011"}],"collection":[{"href":"https:\/\/nissantravelguide.com\/es\/wp-json\/wp\/v2\/pages"}],"about":[{"href":"https:\/\/nissantravelguide.com\/es\/wp-json\/wp\/v2\/types\/page"}],"author":[{"embeddable":true,"href":"https:\/\/nissantravelguide.com\/es\/wp-json\/wp\/v2\/users\/1"}],"replies":[{"embeddable":true,"href":"https:\/\/nissantravelguide.com\/es\/wp-json\/wp\/v2\/comments?post=4011"}],"version-history":[{"count":0,"href":"https:\/\/nissantravelguide.com\/es\/wp-json\/wp\/v2\/pages\/4011\/revisions"}],"up":[{"embeddable":true,"href":"https:\/\/nissantravelguide.com\/es\/wp-json\/wp\/v2\/pages\/2910"}],"wp:featuredmedia":[{"embeddable":true,"href":"https:\/\/nissantravelguide.com\/es\/wp-json\/wp\/v2\/media\/3603"}],"wp:attachment":[{"href":"https:\/\/nissantravelguide.com\/es\/wp-json\/wp\/v2\/media?parent=4011"}],"curies":[{"name":"wp","href":"https:\/\/api.w.org\/{rel}","templated":true}]}}