{"id":4012,"date":"2022-12-12T09:50:00","date_gmt":"2022-12-12T09:50:00","guid":{"rendered":"https:\/\/nissantravelguide.com\/praga\/out-of-office\/"},"modified":"2022-12-13T11:14:41","modified_gmt":"2022-12-13T11:14:41","slug":"out-of-office","status":"publish","type":"page","link":"https:\/\/nissantravelguide.com\/es\/praga\/out-of-office\/","title":{"rendered":"Out of Office"},"content":{"rendered":"<p class=\"p1\">Para cualquier viajero a quien le interese el dise\u00f1o de interiores o el bricolaje, Out of Office es de visita obligada. Adem\u00e1s de muebles, decoraci\u00f3n y accesorios, esta innovadora tienda conceptual cuenta con un estudio y talleres de carpinter\u00eda. Al equipo de all\u00ed le encanta dar nueva vida a los muebles antiguos, y son expertos en renovar, reciclar y tapizar diversas piezas. Y, por supuesto, tambi\u00e9n tienen productos a la venta (incluidos art\u00edculos vintage \u00fanicos y piezas originales de artesanos locales). Solo ten cuidado de asegurarte de tener sitio para tus compras en tu coche&#8230;<\/p>\n","protected":false},"excerpt":{"rendered":"<p>Para cualquier viajero a quien le interese el dise\u00f1o de interiores o el bricolaje, Out of Office es de visita obligada. Adem\u00e1s de muebles, decoraci\u00f3n y accesorios, esta innovadora tienda conceptual cuenta con un estudio y talleres de carpinter\u00eda. Al equipo de all\u00ed le encanta dar nueva vida a los muebles antiguos, y son expertos [&hellip;]<\/p>\n","protected":false},"author":1,"featured_media":3653,"parent":2910,"menu_order":0,"comment_status":"closed","ping_status":"closed","template":"tpl-location.php","meta":{"_acf_changed":false,"footnotes":""},"acf":{"address":"\u0160aldova 406\/28, 186 00 Praha 8-Karl\u00edn, Czechia","location_type":"interest","map_link":"https:\/\/www.google.com\/maps\/place\/Out+Of+Office,+Karlin\/@50.094156,14.4531798,17z\/data=!4m12!1m6!3m5!1s0x470b94a425d29065:0x6c149c80bcb6407f!2sOut+Of+Office,+Karlin!8m2!3d50.0941382!4d14.455278!3m4!1s0x470b94a425d29065:0x6c149c80bcb6407f!8m2!3d50.0941382!4d14.455278","trip_advisor":"https:\/\/www.tripadvisor.com\/Attraction_Review-g274707-d9821127-Reviews-OUT_of_OFFICE_Paint_Studio-Prague_Bohemia.html","coordinates":{"latitude":"50.094156","longitude":"14.4531798"},"charging_stations":[{"charging_station":"Type 2 (22kW): Sokolovska 11 (1.8km \/ 5 min)"}]},"aioseo_notices":[],"_links":{"self":[{"href":"https:\/\/nissantravelguide.com\/es\/wp-json\/wp\/v2\/pages\/4012"}],"collection":[{"href":"https:\/\/nissantravelguide.com\/es\/wp-json\/wp\/v2\/pages"}],"about":[{"href":"https:\/\/nissantravelguide.com\/es\/wp-json\/wp\/v2\/types\/page"}],"author":[{"embeddable":true,"href":"https:\/\/nissantravelguide.com\/es\/wp-json\/wp\/v2\/users\/1"}],"replies":[{"embeddable":true,"href":"https:\/\/nissantravelguide.com\/es\/wp-json\/wp\/v2\/comments?post=4012"}],"version-history":[{"count":1,"href":"https:\/\/nissantravelguide.com\/es\/wp-json\/wp\/v2\/pages\/4012\/revisions"}],"predecessor-version":[{"id":4365,"href":"https:\/\/nissantravelguide.com\/es\/wp-json\/wp\/v2\/pages\/4012\/revisions\/4365"}],"up":[{"embeddable":true,"href":"https:\/\/nissantravelguide.com\/es\/wp-json\/wp\/v2\/pages\/2910"}],"wp:featuredmedia":[{"embeddable":true,"href":"https:\/\/nissantravelguide.com\/es\/wp-json\/wp\/v2\/media\/3653"}],"wp:attachment":[{"href":"https:\/\/nissantravelguide.com\/es\/wp-json\/wp\/v2\/media?parent=4012"}],"curies":[{"name":"wp","href":"https:\/\/api.w.org\/{rel}","templated":true}]}}