{"id":4013,"date":"2022-12-12T09:50:13","date_gmt":"2022-12-12T09:50:13","guid":{"rendered":"https:\/\/nissantravelguide.com\/praga\/manifesto-andel\/"},"modified":"2022-12-12T09:50:13","modified_gmt":"2022-12-12T09:50:13","slug":"manifesto-andel","status":"publish","type":"page","link":"https:\/\/nissantravelguide.com\/es\/praga\/manifesto-andel\/","title":{"rendered":"Manifesto And\u011bl"},"content":{"rendered":"<p class=\"p1\">\u00bfQuieres ir a uno de los (muchos) lugares de moda de Praga? El mercado Manifiesto en And\u011bl, un punto de encuentro y sal\u00f3n de comidas en el coraz\u00f3n de la ciudad, es sin duda uno a visitar. Manifesto And\u011bl, que ha transformado lo que era un espacio olvidado e infrautilizado en un destino social y cultural popular, ofrece una variedad de restaurantes y dos bares en un ambiente animado y festivalero. Elige entre una variedad de platos aut\u00e9nticos de hasta 14 diversas gastronom\u00edas, mientras disfrutas de bebidas de proveedores locales y cervecer\u00edas de cosecha propia. Abierto todos los d\u00edas y durante todo el a\u00f1o, de 11:00 a 22:00.<\/p>\n","protected":false},"excerpt":{"rendered":"<p>\u00bfQuieres ir a uno de los (muchos) lugares de moda de Praga? El mercado Manifiesto en And\u011bl, un punto de encuentro y sal\u00f3n de comidas en el coraz\u00f3n de la ciudad, es sin duda uno a visitar. Manifesto And\u011bl, que ha transformado lo que era un espacio olvidado e infrautilizado en un destino social y [&hellip;]<\/p>\n","protected":false},"author":1,"featured_media":3628,"parent":2910,"menu_order":0,"comment_status":"closed","ping_status":"closed","template":"tpl-location.php","meta":{"_acf_changed":false,"footnotes":""},"acf":{"address":"Ostrovsk\u00e9ho 34, 150 00 Praha 5-And\u011bl, Czechia","location_type":"interest","map_link":"https:\/\/www.google.com\/maps\/place\/Manifesto+Market+And%C4%9Bl\/@50.0693087,14.4041424,17z\/data=!3m1!4b1!4m5!3m4!1s0x470b95d52bab27a7:0xebe4d36ea0f3d796!8m2!3d50.0693087!4d14.4041424","trip_advisor":"https:\/\/www.tripadvisor.com\/Restaurant_Review-g274707-d23650020-Reviews-Manifesto_Market_Andel-Prague_Bohemia.html","coordinates":{"latitude":"50.0693087","longitude":"14.4041424"},"charging_stations":[{"charging_station":"Milevska 922 (5km \/ 14 min)"}]},"aioseo_notices":[],"_links":{"self":[{"href":"https:\/\/nissantravelguide.com\/es\/wp-json\/wp\/v2\/pages\/4013"}],"collection":[{"href":"https:\/\/nissantravelguide.com\/es\/wp-json\/wp\/v2\/pages"}],"about":[{"href":"https:\/\/nissantravelguide.com\/es\/wp-json\/wp\/v2\/types\/page"}],"author":[{"embeddable":true,"href":"https:\/\/nissantravelguide.com\/es\/wp-json\/wp\/v2\/users\/1"}],"replies":[{"embeddable":true,"href":"https:\/\/nissantravelguide.com\/es\/wp-json\/wp\/v2\/comments?post=4013"}],"version-history":[{"count":0,"href":"https:\/\/nissantravelguide.com\/es\/wp-json\/wp\/v2\/pages\/4013\/revisions"}],"up":[{"embeddable":true,"href":"https:\/\/nissantravelguide.com\/es\/wp-json\/wp\/v2\/pages\/2910"}],"wp:featuredmedia":[{"embeddable":true,"href":"https:\/\/nissantravelguide.com\/es\/wp-json\/wp\/v2\/media\/3628"}],"wp:attachment":[{"href":"https:\/\/nissantravelguide.com\/es\/wp-json\/wp\/v2\/media?parent=4013"}],"curies":[{"name":"wp","href":"https:\/\/api.w.org\/{rel}","templated":true}]}}