{"id":4014,"date":"2022-12-12T09:50:45","date_gmt":"2022-12-12T09:50:45","guid":{"rendered":"https:\/\/nissantravelguide.com\/praga\/mercados-agricolas-naplavka-y-otros\/"},"modified":"2022-12-12T09:50:45","modified_gmt":"2022-12-12T09:50:45","slug":"mercados-agricolas-naplavka-y-otros","status":"publish","type":"page","link":"https:\/\/nissantravelguide.com\/es\/praga\/mercados-agricolas-naplavka-y-otros\/","title":{"rendered":"Mercados agr\u00edcolas (Naplavka y otros)"},"content":{"rendered":"<p class=\"p1\">Aqu\u00ed te explicamos c\u00f3mo descubrir los productos checos m\u00e1s frescos y refinados a orillas del r\u00edo Moldava. Recorre m\u00e1s de 90 puestos en el mercado de agricultores de Naplavka, que lleva funcionando los s\u00e1bados desde 2010 y que ahora es un evento del fin de semana de Praga. Adem\u00e1s de los productos frescos, encontrar\u00e1s cosm\u00e9ticos naturales y \u00e9ticos, art\u00edculos artesanales caseros, caf\u00e9, mermeladas y conservas de frutas, flores frescas y mucho m\u00e1s&#8230; Ah, y tambi\u00e9n hay deliciosa comida y m\u00fasica en vivo para disfrutar mientras paseas por el mercado.<\/p>\n<p class=\"p1\">Nota: Abierto los s\u00e1bados de febrero a Navidad, de 8:00 a 14:00. Se anima a los visitantes a que traigan sus propias bolsas, preferiblemente fabricadas con materiales sostenibles.<span class=\"Apple-converted-space\">\u00a0<\/span><\/p>\n","protected":false},"excerpt":{"rendered":"<p>Aqu\u00ed te explicamos c\u00f3mo descubrir los productos checos m\u00e1s frescos y refinados a orillas del r\u00edo Moldava. Recorre m\u00e1s de 90 puestos en el mercado de agricultores de Naplavka, que lleva funcionando los s\u00e1bados desde 2010 y que ahora es un evento del fin de semana de Praga. Adem\u00e1s de los productos frescos, encontrar\u00e1s cosm\u00e9ticos [&hellip;]<\/p>\n","protected":false},"author":1,"featured_media":3583,"parent":2910,"menu_order":0,"comment_status":"closed","ping_status":"closed","template":"tpl-location.php","meta":{"_acf_changed":false,"footnotes":""},"acf":{"address":"Ra\u0161\u00ednovo n\u00e1b\u0159e\u017e\u00ed Vltavsk\u00e1, N\u00e1plavka, 120 00 Praha 2, Czechia","location_type":"interest","map_link":"https:\/\/www.google.com\/maps\/place\/Farmers'+Saturday+market\/@50.0706661,14.4140813,15z\/data=!4m5!3m4!1s0x0:0xbe27b6c2d22d02c2!8m2!3d50.0706661!4d14.4140813","trip_advisor":"https:\/\/www.tripadvisor.com\/Attraction_Review-g274707-d7623543-Reviews-Naplavka_Farmer_s_Market-Prague_Bohemia.html","coordinates":{"latitude":"50.0706661","longitude":"14.4140813"},"charging_stations":[{"charging_station":"Type 2 (22kW): Sokolovska 11 (2.7km \/ 9 min)"}]},"aioseo_notices":[],"_links":{"self":[{"href":"https:\/\/nissantravelguide.com\/es\/wp-json\/wp\/v2\/pages\/4014"}],"collection":[{"href":"https:\/\/nissantravelguide.com\/es\/wp-json\/wp\/v2\/pages"}],"about":[{"href":"https:\/\/nissantravelguide.com\/es\/wp-json\/wp\/v2\/types\/page"}],"author":[{"embeddable":true,"href":"https:\/\/nissantravelguide.com\/es\/wp-json\/wp\/v2\/users\/1"}],"replies":[{"embeddable":true,"href":"https:\/\/nissantravelguide.com\/es\/wp-json\/wp\/v2\/comments?post=4014"}],"version-history":[{"count":0,"href":"https:\/\/nissantravelguide.com\/es\/wp-json\/wp\/v2\/pages\/4014\/revisions"}],"up":[{"embeddable":true,"href":"https:\/\/nissantravelguide.com\/es\/wp-json\/wp\/v2\/pages\/2910"}],"wp:featuredmedia":[{"embeddable":true,"href":"https:\/\/nissantravelguide.com\/es\/wp-json\/wp\/v2\/media\/3583"}],"wp:attachment":[{"href":"https:\/\/nissantravelguide.com\/es\/wp-json\/wp\/v2\/media?parent=4014"}],"curies":[{"name":"wp","href":"https:\/\/api.w.org\/{rel}","templated":true}]}}