{"id":4015,"date":"2022-12-12T09:51:08","date_gmt":"2022-12-12T09:51:08","guid":{"rendered":"https:\/\/nissantravelguide.com\/praga\/nila\/"},"modified":"2022-12-12T09:51:08","modified_gmt":"2022-12-12T09:51:08","slug":"nila","status":"publish","type":"page","link":"https:\/\/nissantravelguide.com\/es\/praga\/nila\/","title":{"rendered":"NILA"},"content":{"rendered":"<p class=\"p1\">ntusiastas de la moda: esto es para vosotros. Descubre una gama de ropa, accesorios, decoraci\u00f3n para el hogar y productos de belleza y estilo de vida sostenibles y de comercio justo, de m\u00e1s de 150 marcas de todo el mundo, en Nila, una boutique de moda con m\u00faltiples ubicaciones en Praga. Nila sigue un enfoque \u00e9tico de la moda, contra la sobreproducci\u00f3n y los residuos, eligiendo solo los materiales de la m\u00e1s alta calidad, que se eval\u00faan regularmente en cuanto a su durabilidad y valor general.<span class=\"Apple-converted-space\">\u00a0<\/span><\/p>\n","protected":false},"excerpt":{"rendered":"<p>ntusiastas de la moda: esto es para vosotros. Descubre una gama de ropa, accesorios, decoraci\u00f3n para el hogar y productos de belleza y estilo de vida sostenibles y de comercio justo, de m\u00e1s de 150 marcas de todo el mundo, en Nila, una boutique de moda con m\u00faltiples ubicaciones en Praga. Nila sigue un enfoque [&hellip;]<\/p>\n","protected":false},"author":1,"featured_media":3643,"parent":2910,"menu_order":0,"comment_status":"closed","ping_status":"closed","template":"tpl-location.php","meta":{"_acf_changed":false,"footnotes":""},"acf":{"address":"M. Hor\u00e1kov\u00e9 690\/4, 170 00 Praha 7-Hole\u0161ovice, Czechia","location_type":"interest","map_link":"https:\/\/www.google.com\/maps\/place\/Nila+Letn%C3%A1\/@50.0990299,14.4325605,17z\/data=!4m5!3m4!1s0x470b953da20aeab3:0x4449d5195ff8e16c!8m2!3d50.0991104!4d14.4325968","trip_advisor":"https:\/\/www.tripadvisor.com\/Attraction_Review-g274707-d7789481-Reviews-NILA-Prague_Bohemia.html","coordinates":{"latitude":"50.0990299","longitude":"14.4325605"},"charging_stations":[{"charging_station":"Type 2 (22kW): Sokolovska 11 (1.8km \/ 5 min)"}]},"aioseo_notices":[],"_links":{"self":[{"href":"https:\/\/nissantravelguide.com\/es\/wp-json\/wp\/v2\/pages\/4015"}],"collection":[{"href":"https:\/\/nissantravelguide.com\/es\/wp-json\/wp\/v2\/pages"}],"about":[{"href":"https:\/\/nissantravelguide.com\/es\/wp-json\/wp\/v2\/types\/page"}],"author":[{"embeddable":true,"href":"https:\/\/nissantravelguide.com\/es\/wp-json\/wp\/v2\/users\/1"}],"replies":[{"embeddable":true,"href":"https:\/\/nissantravelguide.com\/es\/wp-json\/wp\/v2\/comments?post=4015"}],"version-history":[{"count":0,"href":"https:\/\/nissantravelguide.com\/es\/wp-json\/wp\/v2\/pages\/4015\/revisions"}],"up":[{"embeddable":true,"href":"https:\/\/nissantravelguide.com\/es\/wp-json\/wp\/v2\/pages\/2910"}],"wp:featuredmedia":[{"embeddable":true,"href":"https:\/\/nissantravelguide.com\/es\/wp-json\/wp\/v2\/media\/3643"}],"wp:attachment":[{"href":"https:\/\/nissantravelguide.com\/es\/wp-json\/wp\/v2\/media?parent=4015"}],"curies":[{"name":"wp","href":"https:\/\/api.w.org\/{rel}","templated":true}]}}