{"id":4016,"date":"2022-12-12T09:51:27","date_gmt":"2022-12-12T09:51:27","guid":{"rendered":"https:\/\/nissantravelguide.com\/praga\/bohempia\/"},"modified":"2022-12-12T09:51:27","modified_gmt":"2022-12-12T09:51:27","slug":"bohempia","status":"publish","type":"page","link":"https:\/\/nissantravelguide.com\/es\/praga\/bohempia\/","title":{"rendered":"Bohempia"},"content":{"rendered":"<p class=\"p1\">Si te gusta el c\u00e1\u00f1amo, \u00a1no busques m\u00e1s! Fundada en 2015, Bohempia es una marca de ropa innovadora que utiliza el c\u00e1\u00f1amo como material clave. Bohempia, centrada firmemente en la sostenibilidad ecol\u00f3gica y social, fabrica todos sus productos lo m\u00e1s localmente posible, y da a todo el mundo la oportunidad de descubrir lo vers\u00e1til y fuerte que es el c\u00e1\u00f1amo.<\/p>\n","protected":false},"excerpt":{"rendered":"<p>Si te gusta el c\u00e1\u00f1amo, \u00a1no busques m\u00e1s! Fundada en 2015, Bohempia es una marca de ropa innovadora que utiliza el c\u00e1\u00f1amo como material clave. Bohempia, centrada firmemente en la sostenibilidad ecol\u00f3gica y social, fabrica todos sus productos lo m\u00e1s localmente posible, y da a todo el mundo la oportunidad de descubrir lo vers\u00e1til y [&hellip;]<\/p>\n","protected":false},"author":1,"featured_media":3533,"parent":2910,"menu_order":0,"comment_status":"closed","ping_status":"closed","template":"tpl-location.php","meta":{"_acf_changed":false,"footnotes":""},"acf":{"address":"76, Sokolovsk\u00e1 105, Karl\u00edn, 186 00 Praha 8, Czechia","location_type":"interest","map_link":"https:\/\/www.google.com\/maps\/place\/Bohempia+store\/@50.0934829,14.4495996,15z\/data=!4m5!3m4!1s0x0:0x71f970a3010475fd!8m2!3d50.0934829!4d14.4495996","trip_advisor":"https:\/\/www.tripadvisor.com\/Attraction_Review-g274707-d13085009-Reviews-Bohempia-Prague_Bohemia.html","coordinates":{"latitude":"50.0934829","longitude":"14.4495996"},"charging_stations":[{"charging_station":"Type 2 (22kW): Sokolovska 11 (1.6km \/ 5 min) "}]},"aioseo_notices":[],"_links":{"self":[{"href":"https:\/\/nissantravelguide.com\/es\/wp-json\/wp\/v2\/pages\/4016"}],"collection":[{"href":"https:\/\/nissantravelguide.com\/es\/wp-json\/wp\/v2\/pages"}],"about":[{"href":"https:\/\/nissantravelguide.com\/es\/wp-json\/wp\/v2\/types\/page"}],"author":[{"embeddable":true,"href":"https:\/\/nissantravelguide.com\/es\/wp-json\/wp\/v2\/users\/1"}],"replies":[{"embeddable":true,"href":"https:\/\/nissantravelguide.com\/es\/wp-json\/wp\/v2\/comments?post=4016"}],"version-history":[{"count":0,"href":"https:\/\/nissantravelguide.com\/es\/wp-json\/wp\/v2\/pages\/4016\/revisions"}],"up":[{"embeddable":true,"href":"https:\/\/nissantravelguide.com\/es\/wp-json\/wp\/v2\/pages\/2910"}],"wp:featuredmedia":[{"embeddable":true,"href":"https:\/\/nissantravelguide.com\/es\/wp-json\/wp\/v2\/media\/3533"}],"wp:attachment":[{"href":"https:\/\/nissantravelguide.com\/es\/wp-json\/wp\/v2\/media?parent=4016"}],"curies":[{"name":"wp","href":"https:\/\/api.w.org\/{rel}","templated":true}]}}