{"id":4017,"date":"2022-12-12T09:51:40","date_gmt":"2022-12-12T09:51:40","guid":{"rendered":"https:\/\/nissantravelguide.com\/praga\/green-decor\/"},"modified":"2022-12-13T12:41:56","modified_gmt":"2022-12-13T12:41:56","slug":"green-decor","status":"publish","type":"page","link":"https:\/\/nissantravelguide.com\/es\/praga\/green-decor\/","title":{"rendered":"Green D\u00e9cor"},"content":{"rendered":"<p class=\"p1\">Green D\u00e9cor es una florister\u00eda sostenible que se centra en aumentar la disponibilidad de variedades de flores nacionales y reducir las importaciones. Impulsada por la filosof\u00eda de que la producci\u00f3n de flores debe aportar tanta alegr\u00eda como su consumo, Green D\u00e9cor sigue una pol\u00edtica exhaustiva de pocos residuos. Esto incluye el uso del transporte p\u00fablico para entregas en Praga, pr\u00e1cticas de ahorro de energ\u00eda, agricultura org\u00e1nica, clasificaci\u00f3n de residuos, reciclaje y reutilizaci\u00f3n y mucho m\u00e1s.<\/p>\n","protected":false},"excerpt":{"rendered":"<p>Green D\u00e9cor es una florister\u00eda sostenible que se centra en aumentar la disponibilidad de variedades de flores nacionales y reducir las importaciones. Impulsada por la filosof\u00eda de que la producci\u00f3n de flores debe aportar tanta alegr\u00eda como su consumo, Green D\u00e9cor sigue una pol\u00edtica exhaustiva de pocos residuos. Esto incluye el uso del transporte p\u00fablico [&hellip;]<\/p>\n","protected":false},"author":1,"featured_media":3593,"parent":2910,"menu_order":0,"comment_status":"closed","ping_status":"closed","template":"tpl-location.php","meta":{"_acf_changed":false,"footnotes":""},"acf":{"address":"Dejvick\u00e1 3, 160 00 Praha 6, Czechia","location_type":"interest","map_link":"https:\/\/www.google.co.uk\/maps\/place\/Green+Decor+Dejvice\/@50.0979336,14.334768,13z\/data=!4m9!1m2!2m1!1sGreen+Decor+near+Prague,+Czechia!3m5!1s0x470b9528216ac8db:0xbbccbfe7bba5c661!8m2!3d50.0979224!4d14.4006762!15sCiBHcmVlbiBEZWNvciBuZWFyIFByYWd1ZSwgQ3plY2hpYVohIh9ncmVlbiBkZWNvciBuZWFyIHByYWd1ZSBjemVjaGlhkgEHZmxvcmlzdOABAA","trip_advisor":"https:\/\/www.google.co.uk\/maps\/place\/Green+Decor+Dejvice\/@50.0979336,14.334768,13z\/data=!4m11!1m2!2m1!1sGreen+Decor+near+Prague,+Czechia!3m7!1s0x470b9528216ac8db:0xbbccbfe7bba5c661!8m2!3d50.0979224!4d14.4006762!9m1!1b1!15sCiBHcmVlbiBEZWNvciBuZWFyIFByYWd1ZSwgQ3plY2hpYVohIh9ncmVlbiBkZWNvciBuZWFyIHByYWd1ZSBjemVjaGlhkgEHZmxvcmlzdOABAA","coordinates":{"latitude":"50.0979336","longitude":"14.334768"},"charging_stations":[{"charging_station":"Type 2 (22kW): Sokolovska 11 (1.5km \/ 5 min)"}]},"aioseo_notices":[],"_links":{"self":[{"href":"https:\/\/nissantravelguide.com\/es\/wp-json\/wp\/v2\/pages\/4017"}],"collection":[{"href":"https:\/\/nissantravelguide.com\/es\/wp-json\/wp\/v2\/pages"}],"about":[{"href":"https:\/\/nissantravelguide.com\/es\/wp-json\/wp\/v2\/types\/page"}],"author":[{"embeddable":true,"href":"https:\/\/nissantravelguide.com\/es\/wp-json\/wp\/v2\/users\/1"}],"replies":[{"embeddable":true,"href":"https:\/\/nissantravelguide.com\/es\/wp-json\/wp\/v2\/comments?post=4017"}],"version-history":[{"count":1,"href":"https:\/\/nissantravelguide.com\/es\/wp-json\/wp\/v2\/pages\/4017\/revisions"}],"predecessor-version":[{"id":4466,"href":"https:\/\/nissantravelguide.com\/es\/wp-json\/wp\/v2\/pages\/4017\/revisions\/4466"}],"up":[{"embeddable":true,"href":"https:\/\/nissantravelguide.com\/es\/wp-json\/wp\/v2\/pages\/2910"}],"wp:featuredmedia":[{"embeddable":true,"href":"https:\/\/nissantravelguide.com\/es\/wp-json\/wp\/v2\/media\/3593"}],"wp:attachment":[{"href":"https:\/\/nissantravelguide.com\/es\/wp-json\/wp\/v2\/media?parent=4017"}],"curies":[{"name":"wp","href":"https:\/\/api.w.org\/{rel}","templated":true}]}}