{"id":4018,"date":"2022-12-12T09:51:53","date_gmt":"2022-12-12T09:51:53","guid":{"rendered":"https:\/\/nissantravelguide.com\/praga\/dox\/"},"modified":"2022-12-12T09:51:53","modified_gmt":"2022-12-12T09:51:53","slug":"dox","status":"publish","type":"page","link":"https:\/\/nissantravelguide.com\/es\/praga\/dox\/","title":{"rendered":"DOX"},"content":{"rendered":"<p class=\"p1\">Visita uno de los centros m\u00e1s progresistas de la Rep\u00fablica Checa para el arte y la cultura en el DOX Centre for Contemporary Arts, gestionado de forma independiente. Los edificios DOX y Gulliver Airship, que anteriormente eran un complejo industrial, son considerados ejemplos vanguardistas de arquitectura contempor\u00e1nea, que cuentan el trabajo de algunos de los arquitectos m\u00e1s reconocidos del pa\u00eds. Su programa actual abarca artes visuales, literatura, teatro y m\u00fasica contempor\u00e1nea, a la vez que fomenta conversaciones sobre algunos de los dilemas sociales m\u00e1s acuciantes de la sociedad. Y, si eso es demasiado pesado para las familias j\u00f3venes, DOX tambi\u00e9n ofrece programas educativos m\u00e1s informales para ni\u00f1os.<span class=\"Apple-converted-space\">\u00a0<\/span><\/p>\n","protected":false},"excerpt":{"rendered":"<p>Visita uno de los centros m\u00e1s progresistas de la Rep\u00fablica Checa para el arte y la cultura en el DOX Centre for Contemporary Arts, gestionado de forma independiente. Los edificios DOX y Gulliver Airship, que anteriormente eran un complejo industrial, son considerados ejemplos vanguardistas de arquitectura contempor\u00e1nea, que cuentan el trabajo de algunos de los [&hellip;]<\/p>\n","protected":false},"author":1,"featured_media":3553,"parent":2910,"menu_order":0,"comment_status":"closed","ping_status":"closed","template":"tpl-location.php","meta":{"_acf_changed":false,"footnotes":""},"acf":{"address":"Poup\u011btova 1, 170 00 Praha 7-Hole\u0161ovice, Czechia","location_type":"interest","map_link":"https:\/\/www.google.com\/maps\/place\/DOX+Centre+for+Contemporary+Art\/@50.1068153,14.4478283,15z\/data=!4m5!3m4!1s0x0:0x97fffe8c62059191!8m2!3d50.1068153!4d14.4478283","trip_advisor":"https:\/\/www.tripadvisor.com\/Attraction_Review-g274707-d1490973-Reviews-DOX_Centre_for_Contemporary_Art-Prague_Bohemia.html","coordinates":{"latitude":"50.1068153","longitude":"14.4478283"},"charging_stations":[{"charging_station":"Type 2 (22kW): Sokolovska 11 (2.9km \/ 9 min)"}]},"aioseo_notices":[],"_links":{"self":[{"href":"https:\/\/nissantravelguide.com\/es\/wp-json\/wp\/v2\/pages\/4018"}],"collection":[{"href":"https:\/\/nissantravelguide.com\/es\/wp-json\/wp\/v2\/pages"}],"about":[{"href":"https:\/\/nissantravelguide.com\/es\/wp-json\/wp\/v2\/types\/page"}],"author":[{"embeddable":true,"href":"https:\/\/nissantravelguide.com\/es\/wp-json\/wp\/v2\/users\/1"}],"replies":[{"embeddable":true,"href":"https:\/\/nissantravelguide.com\/es\/wp-json\/wp\/v2\/comments?post=4018"}],"version-history":[{"count":0,"href":"https:\/\/nissantravelguide.com\/es\/wp-json\/wp\/v2\/pages\/4018\/revisions"}],"up":[{"embeddable":true,"href":"https:\/\/nissantravelguide.com\/es\/wp-json\/wp\/v2\/pages\/2910"}],"wp:featuredmedia":[{"embeddable":true,"href":"https:\/\/nissantravelguide.com\/es\/wp-json\/wp\/v2\/media\/3553"}],"wp:attachment":[{"href":"https:\/\/nissantravelguide.com\/es\/wp-json\/wp\/v2\/media?parent=4018"}],"curies":[{"name":"wp","href":"https:\/\/api.w.org\/{rel}","templated":true}]}}