{"id":4019,"date":"2022-12-12T09:52:09","date_gmt":"2022-12-12T09:52:09","guid":{"rendered":"https:\/\/nissantravelguide.com\/praga\/kutna-hora\/"},"modified":"2022-12-12T09:52:09","modified_gmt":"2022-12-12T09:52:09","slug":"kutna-hora","status":"publish","type":"page","link":"https:\/\/nissantravelguide.com\/es\/praga\/kutna-hora\/","title":{"rendered":"Kutn\u00e1 Hora"},"content":{"rendered":"<p class=\"p1\">Kutn\u00e1 Hora, situada a solo una hora en coche desde Praga, es una ciudad medieval con magn\u00edficos edificios antiguos. Como antiguo centro financiero de Bohemia, la ciudad igual\u00f3 anta\u00f1o la opulencia de Praga. Es conocida por la iglesia g\u00f3tica de Santa B\u00e1rbara, junto con el Osario de Sedlec, una capilla cat\u00f3lica romana decorada con huesos llamada, apropiadamente, la Iglesia de los Huesos. Y mientras est\u00e9s all\u00ed, aseg\u00farate de visitar la Ciudad Vieja, declarada Patrimonio de la Humanidad por la UNESCO, o la galer\u00eda de arte GASK.<\/p>\n","protected":false},"excerpt":{"rendered":"<p>Kutn\u00e1 Hora, situada a solo una hora en coche desde Praga, es una ciudad medieval con magn\u00edficos edificios antiguos. Como antiguo centro financiero de Bohemia, la ciudad igual\u00f3 anta\u00f1o la opulencia de Praga. Es conocida por la iglesia g\u00f3tica de Santa B\u00e1rbara, junto con el Osario de Sedlec, una capilla cat\u00f3lica romana decorada con huesos [&hellip;]<\/p>\n","protected":false},"author":1,"featured_media":3613,"parent":2910,"menu_order":0,"comment_status":"closed","ping_status":"closed","template":"tpl-location.php","meta":{"_acf_changed":false,"footnotes":""},"acf":{"address":"Kutn\u00e1 Hora, Czechia","location_type":"beauty","map_link":"https:\/\/www.google.com\/maps\/place\/Kutna+Hora,+Czechia\/@49.9492142,15.2820633,13z\/data=!3m1!4b1!4m5!3m4!1s0x470c41050983008f:0x400af0f66154f30!8m2!3d49.9524314!4d15.2686536","trip_advisor":"https:\/\/www.tripadvisor.com\/Tourism-g274701-Kutna_Hora_Central_Bohemian_Region_Bohemia-Vacations.html","coordinates":{"latitude":"49.9492142","longitude":"15.2820633"},"charging_stations":[{"charging_station":"Bilkova 289 (27.8km \/ 27 min)"}]},"aioseo_notices":[],"_links":{"self":[{"href":"https:\/\/nissantravelguide.com\/es\/wp-json\/wp\/v2\/pages\/4019"}],"collection":[{"href":"https:\/\/nissantravelguide.com\/es\/wp-json\/wp\/v2\/pages"}],"about":[{"href":"https:\/\/nissantravelguide.com\/es\/wp-json\/wp\/v2\/types\/page"}],"author":[{"embeddable":true,"href":"https:\/\/nissantravelguide.com\/es\/wp-json\/wp\/v2\/users\/1"}],"replies":[{"embeddable":true,"href":"https:\/\/nissantravelguide.com\/es\/wp-json\/wp\/v2\/comments?post=4019"}],"version-history":[{"count":0,"href":"https:\/\/nissantravelguide.com\/es\/wp-json\/wp\/v2\/pages\/4019\/revisions"}],"up":[{"embeddable":true,"href":"https:\/\/nissantravelguide.com\/es\/wp-json\/wp\/v2\/pages\/2910"}],"wp:featuredmedia":[{"embeddable":true,"href":"https:\/\/nissantravelguide.com\/es\/wp-json\/wp\/v2\/media\/3613"}],"wp:attachment":[{"href":"https:\/\/nissantravelguide.com\/es\/wp-json\/wp\/v2\/media?parent=4019"}],"curies":[{"name":"wp","href":"https:\/\/api.w.org\/{rel}","templated":true}]}}