{"id":4020,"date":"2022-12-12T09:52:26","date_gmt":"2022-12-12T09:52:26","guid":{"rendered":"https:\/\/nissantravelguide.com\/praga\/vinne-sklepy-kutna-hora\/"},"modified":"2022-12-12T09:52:26","modified_gmt":"2022-12-12T09:52:26","slug":"vinne-sklepy-kutna-hora","status":"publish","type":"page","link":"https:\/\/nissantravelguide.com\/es\/praga\/vinne-sklepy-kutna-hora\/","title":{"rendered":"Vinn\u00e9 Sklepy Kutn\u00e1 Hora\u200b"},"content":{"rendered":"<p class=\"p1\">Para los fans de Pinot Noir, el vi\u00f1edo Vinn\u00e9 Sklepy de Kutn\u00e1 Hora es de visita obligada. Esta bodega, establecida en 2002, es la \u00fanica de la Rep\u00fablica Checa que cuenta con el prestigioso certificado DEMETER. La propiedad abarca una enorme extensi\u00f3n de 80 hect\u00e1reas, la mitad de las cuales son vi\u00f1edos, mientras que la otra mitad se utiliza como id\u00edlicos pastos para ovejas, huertos y campos. Tambi\u00e9n producen vinos biodin\u00e1micos, evitando el uso de aditivos y pesticidas. <span class=\"Apple-converted-space\">\u00a0<\/span><\/p>\n","protected":false},"excerpt":{"rendered":"<p>Para los fans de Pinot Noir, el vi\u00f1edo Vinn\u00e9 Sklepy de Kutn\u00e1 Hora es de visita obligada. Esta bodega, establecida en 2002, es la \u00fanica de la Rep\u00fablica Checa que cuenta con el prestigioso certificado DEMETER. La propiedad abarca una enorme extensi\u00f3n de 80 hect\u00e1reas, la mitad de las cuales son vi\u00f1edos, mientras que la [&hellip;]<\/p>\n","protected":false},"author":1,"featured_media":3683,"parent":2910,"menu_order":0,"comment_status":"closed","ping_status":"closed","template":"tpl-location.php","meta":{"_acf_changed":false,"footnotes":""},"acf":{"address":"J. z Pod\u011bbrad 288\/13, 284 01 Kutn\u00e1 Hora, Czechia","location_type":"beauty","map_link":"https:\/\/www.google.com\/maps\/place\/Wine+Cellars+Kutna+Hora\/@49.9524199,15.2674202,17.09z\/data=!4m13!1m7!3m6!1s0x470c41050983008f:0x400af0f66154f30!2sKutna+Hora,+Czechia!3b1!8m2!3d49.9524314!4d15.2686536!3m4!1s0x470c41a856b278a7:0xf72967354a1b2b60!8m2!3d49.952057!4d15.2679803","trip_advisor":"https:\/\/www.tripadvisor.com\/Attraction_Review-g274701-d10637962-Reviews-Vinne_sklepy_Kutna_Hora-Kutna_Hora_Central_Bohemian_Region_Bohemia.html","coordinates":{"latitude":"49.9524199","longitude":"15.2674202"},"charging_stations":[{"charging_station":"Bilkova 289 (27.9km \/ 27 min)"}]},"aioseo_notices":[],"_links":{"self":[{"href":"https:\/\/nissantravelguide.com\/es\/wp-json\/wp\/v2\/pages\/4020"}],"collection":[{"href":"https:\/\/nissantravelguide.com\/es\/wp-json\/wp\/v2\/pages"}],"about":[{"href":"https:\/\/nissantravelguide.com\/es\/wp-json\/wp\/v2\/types\/page"}],"author":[{"embeddable":true,"href":"https:\/\/nissantravelguide.com\/es\/wp-json\/wp\/v2\/users\/1"}],"replies":[{"embeddable":true,"href":"https:\/\/nissantravelguide.com\/es\/wp-json\/wp\/v2\/comments?post=4020"}],"version-history":[{"count":0,"href":"https:\/\/nissantravelguide.com\/es\/wp-json\/wp\/v2\/pages\/4020\/revisions"}],"up":[{"embeddable":true,"href":"https:\/\/nissantravelguide.com\/es\/wp-json\/wp\/v2\/pages\/2910"}],"wp:featuredmedia":[{"embeddable":true,"href":"https:\/\/nissantravelguide.com\/es\/wp-json\/wp\/v2\/media\/3683"}],"wp:attachment":[{"href":"https:\/\/nissantravelguide.com\/es\/wp-json\/wp\/v2\/media?parent=4020"}],"curies":[{"name":"wp","href":"https:\/\/api.w.org\/{rel}","templated":true}]}}