{"id":4021,"date":"2022-12-12T09:52:46","date_gmt":"2022-12-12T09:52:46","guid":{"rendered":"https:\/\/nissantravelguide.com\/praga\/bodega-sonberk\/"},"modified":"2022-12-13T09:25:41","modified_gmt":"2022-12-13T09:25:41","slug":"bodega-sonberk","status":"publish","type":"page","link":"https:\/\/nissantravelguide.com\/es\/praga\/bodega-sonberk\/","title":{"rendered":"Bodega Sonberk"},"content":{"rendered":"<p class=\"p1\">Descubre una vista espectacular de las colinas de P\u00e1lava en la bodega Sonberk, un vi\u00f1edo del siglo XIII ubicado en las laderas de Popice cerca de Mikulov. Aunque el entorno es pintoresco por s\u00ed mismo, el edificio de la bodega tambi\u00e9n es una maravilla arquitect\u00f3nica, dise\u00f1ada en armon\u00eda con el paisaje circundante. Sonberk se enorgullece de cultivar algunas de las uvas de mayor calidad de la Rep\u00fablica Checa, que producen algunos de los mejores vinos de la regi\u00f3n. Y, si buscas entretenimiento para agregar a tu experiencia, tambi\u00e9n puedes asistir al Festival de verano de vino y cultura de Sonberk.<span class=\"Apple-converted-space\">\u00a0<\/span><\/p>\n","protected":false},"excerpt":{"rendered":"<p>Descubre una vista espectacular de las colinas de P\u00e1lava en la bodega Sonberk, un vi\u00f1edo del siglo XIII ubicado en las laderas de Popice cerca de Mikulov. Aunque el entorno es pintoresco por s\u00ed mismo, el edificio de la bodega tambi\u00e9n es una maravilla arquitect\u00f3nica, dise\u00f1ada en armon\u00eda con el paisaje circundante. Sonberk se enorgullece [&hellip;]<\/p>\n","protected":false},"author":1,"featured_media":4083,"parent":2910,"menu_order":0,"comment_status":"closed","ping_status":"closed","template":"tpl-location.php","meta":{"_acf_changed":false,"footnotes":""},"acf":{"address":"Sonberk 393, 691 27 Popice, Czechia","location_type":"beauty","map_link":"https:\/\/www.google.com\/maps\/place\/Sonberk\/@48.927488,16.6933179,15z\/data=!4m5!3m4!1s0x0:0xe616ee301bd9ca96!8m2!3d48.927488!4d16.6933179","trip_advisor":"https:\/\/www.tripadvisor.com\/Attraction_Review-g3819945-d3819947-Reviews-Sonberk-Popice_South_Moravian_Region_Moravia.html","coordinates":{"latitude":"48.927488","longitude":"16.6933179"},"charging_stations":[{"charging_station":"Stara Posta 750 (29.1km \/ 32 min)"}]},"aioseo_notices":[],"_links":{"self":[{"href":"https:\/\/nissantravelguide.com\/es\/wp-json\/wp\/v2\/pages\/4021"}],"collection":[{"href":"https:\/\/nissantravelguide.com\/es\/wp-json\/wp\/v2\/pages"}],"about":[{"href":"https:\/\/nissantravelguide.com\/es\/wp-json\/wp\/v2\/types\/page"}],"author":[{"embeddable":true,"href":"https:\/\/nissantravelguide.com\/es\/wp-json\/wp\/v2\/users\/1"}],"replies":[{"embeddable":true,"href":"https:\/\/nissantravelguide.com\/es\/wp-json\/wp\/v2\/comments?post=4021"}],"version-history":[{"count":1,"href":"https:\/\/nissantravelguide.com\/es\/wp-json\/wp\/v2\/pages\/4021\/revisions"}],"predecessor-version":[{"id":4266,"href":"https:\/\/nissantravelguide.com\/es\/wp-json\/wp\/v2\/pages\/4021\/revisions\/4266"}],"up":[{"embeddable":true,"href":"https:\/\/nissantravelguide.com\/es\/wp-json\/wp\/v2\/pages\/2910"}],"wp:featuredmedia":[{"embeddable":true,"href":"https:\/\/nissantravelguide.com\/es\/wp-json\/wp\/v2\/media\/4083"}],"wp:attachment":[{"href":"https:\/\/nissantravelguide.com\/es\/wp-json\/wp\/v2\/media?parent=4021"}],"curies":[{"name":"wp","href":"https:\/\/api.w.org\/{rel}","templated":true}]}}