{"id":4022,"date":"2022-12-12T09:52:58","date_gmt":"2022-12-12T09:52:58","guid":{"rendered":"https:\/\/nissantravelguide.com\/praga\/sonnentor\/"},"modified":"2022-12-12T09:52:58","modified_gmt":"2022-12-12T09:52:58","slug":"sonnentor","status":"publish","type":"page","link":"https:\/\/nissantravelguide.com\/es\/praga\/sonnentor\/","title":{"rendered":"Sonnentor"},"content":{"rendered":"<p class=\"p1\">Descubre los sabores y aromas \u00fanicos de los finos t\u00e9s, especias y hierbas en Sonnentor, una de las empresas ecol\u00f3gicas m\u00e1s antiguas de la Rep\u00fablica Checa. Adem\u00e1s de vender productos de comercio justo y neutrales en carbono, Sonnentor ofrece exhaustivas visitas a sus unidades de procesamiento de t\u00e9 y especias, <span class=\"s1\">\u00a1<\/span>para que puedas presenciar la g\u00e9nesis de tus bolsitas de t\u00e9 favoritas de primera mano!<\/p>\n","protected":false},"excerpt":{"rendered":"<p>Descubre los sabores y aromas \u00fanicos de los finos t\u00e9s, especias y hierbas en Sonnentor, una de las empresas ecol\u00f3gicas m\u00e1s antiguas de la Rep\u00fablica Checa. Adem\u00e1s de vender productos de comercio justo y neutrales en carbono, Sonnentor ofrece exhaustivas visitas a sus unidades de procesamiento de t\u00e9 y especias, \u00a1para que puedas presenciar la [&hellip;]<\/p>\n","protected":false},"author":1,"featured_media":3658,"parent":2910,"menu_order":0,"comment_status":"closed","ping_status":"closed","template":"tpl-location.php","meta":{"_acf_changed":false,"footnotes":""},"acf":{"address":"P\u0159\u00edhon 943, 696 15 \u010cejkovice, Czechia","location_type":"beauty","map_link":"https:\/\/www.google.com\/maps\/place\/Sonnentor+s.r.o.\/@48.9023209,16.9448633,17z\/data=!3m1!4b1!4m5!3m4!1s0x4712d7bfa2136867:0x3a03e1f6c6183136!8m2!3d48.9023209!4d16.947052?shorturl=1","trip_advisor":"https:\/\/www.tripadvisor.com\/Attraction_Review-g4591497-d10412446-Reviews-SONNENTOR_Experience-Cejkovice_South_Moravian_Region_Moravia.html","coordinates":{"latitude":"48.9023209","longitude":"16.9448633"},"charging_stations":[{"charging_station":"Stara Posta 750 (50.6km \/ 45 min)"}]},"aioseo_notices":[],"_links":{"self":[{"href":"https:\/\/nissantravelguide.com\/es\/wp-json\/wp\/v2\/pages\/4022"}],"collection":[{"href":"https:\/\/nissantravelguide.com\/es\/wp-json\/wp\/v2\/pages"}],"about":[{"href":"https:\/\/nissantravelguide.com\/es\/wp-json\/wp\/v2\/types\/page"}],"author":[{"embeddable":true,"href":"https:\/\/nissantravelguide.com\/es\/wp-json\/wp\/v2\/users\/1"}],"replies":[{"embeddable":true,"href":"https:\/\/nissantravelguide.com\/es\/wp-json\/wp\/v2\/comments?post=4022"}],"version-history":[{"count":0,"href":"https:\/\/nissantravelguide.com\/es\/wp-json\/wp\/v2\/pages\/4022\/revisions"}],"up":[{"embeddable":true,"href":"https:\/\/nissantravelguide.com\/es\/wp-json\/wp\/v2\/pages\/2910"}],"wp:featuredmedia":[{"embeddable":true,"href":"https:\/\/nissantravelguide.com\/es\/wp-json\/wp\/v2\/media\/3658"}],"wp:attachment":[{"href":"https:\/\/nissantravelguide.com\/es\/wp-json\/wp\/v2\/media?parent=4022"}],"curies":[{"name":"wp","href":"https:\/\/api.w.org\/{rel}","templated":true}]}}