{"id":4024,"date":"2022-12-12T09:53:55","date_gmt":"2022-12-12T09:53:55","guid":{"rendered":"https:\/\/nissantravelguide.com\/viena\/boutiquehotel-stadthalle\/"},"modified":"2022-12-12T09:53:55","modified_gmt":"2022-12-12T09:53:55","slug":"boutiquehotel-stadthalle","status":"publish","type":"page","link":"https:\/\/nissantravelguide.com\/es\/viena\/boutiquehotel-stadthalle\/","title":{"rendered":"Boutiquehotel Stadthalle"},"content":{"rendered":"<p class=\"p1\">El Boutiquehotel Stadthalle, a corta distancia a pie del estadio Wiener Stadthalle y del centro de la ciudad de Viena, es el primer hotel de esta ciudad con balance energ\u00e9tico cero. Como hotel que se toma muy en serio la conciencia ambiental, el establecimiento produce su propia electricidad limpia todo el a\u00f1o. Adem\u00e1s del jard\u00edn del patio interior, el hotel tiene un techo de lavanda que alberga abejas que producen la miel que sirven.<\/p>\n","protected":false},"excerpt":{"rendered":"<p>El Boutiquehotel Stadthalle, a corta distancia a pie del estadio Wiener Stadthalle y del centro de la ciudad de Viena, es el primer hotel de esta ciudad con balance energ\u00e9tico cero. Como hotel que se toma muy en serio la conciencia ambiental, el establecimiento produce su propia electricidad limpia todo el a\u00f1o. Adem\u00e1s del jard\u00edn [&hellip;]<\/p>\n","protected":false},"author":1,"featured_media":3706,"parent":2913,"menu_order":0,"comment_status":"closed","ping_status":"closed","template":"tpl-location.php","meta":{"_acf_changed":false,"footnotes":""},"acf":{"address":"Hackengasse 20, 1150 Wien, Austria","location_type":"hotel","map_link":"https:\/\/www.google.com\/maps\/place\/Boutiquehotel+Stadthalle\/@48.1992118,16.3338114,17z\/data=!4m8!3m7!1s0x476d07f6e066d5d7:0xb21eb629e546beaf!5m2!4m1!1i2!8m2!3d48.1991774!4d16.3337591","trip_advisor":"https:\/\/www.tripadvisor.co.uk\/Hotel_Review-g190454-d229702-Reviews-Boutiquehotel_Stadthalle-Vienna.html","coordinates":{"latitude":"48.1992118","longitude":"16.3338114"},"charging_stations":[{"charging_station":"Type 2 (3.7kW): Europaplatz 2\/4\/3, 1150 Wien (1.7km \/ 6 min)"}]},"aioseo_notices":[],"_links":{"self":[{"href":"https:\/\/nissantravelguide.com\/es\/wp-json\/wp\/v2\/pages\/4024"}],"collection":[{"href":"https:\/\/nissantravelguide.com\/es\/wp-json\/wp\/v2\/pages"}],"about":[{"href":"https:\/\/nissantravelguide.com\/es\/wp-json\/wp\/v2\/types\/page"}],"author":[{"embeddable":true,"href":"https:\/\/nissantravelguide.com\/es\/wp-json\/wp\/v2\/users\/1"}],"replies":[{"embeddable":true,"href":"https:\/\/nissantravelguide.com\/es\/wp-json\/wp\/v2\/comments?post=4024"}],"version-history":[{"count":0,"href":"https:\/\/nissantravelguide.com\/es\/wp-json\/wp\/v2\/pages\/4024\/revisions"}],"up":[{"embeddable":true,"href":"https:\/\/nissantravelguide.com\/es\/wp-json\/wp\/v2\/pages\/2913"}],"wp:featuredmedia":[{"embeddable":true,"href":"https:\/\/nissantravelguide.com\/es\/wp-json\/wp\/v2\/media\/3706"}],"wp:attachment":[{"href":"https:\/\/nissantravelguide.com\/es\/wp-json\/wp\/v2\/media?parent=4024"}],"curies":[{"name":"wp","href":"https:\/\/api.w.org\/{rel}","templated":true}]}}