{"id":4026,"date":"2022-12-12T09:54:19","date_gmt":"2022-12-12T09:54:19","guid":{"rendered":"https:\/\/nissantravelguide.com\/viena\/luftburg-kolarik\/"},"modified":"2022-12-12T09:54:19","modified_gmt":"2022-12-12T09:54:19","slug":"luftburg-kolarik","status":"publish","type":"page","link":"https:\/\/nissantravelguide.com\/es\/viena\/luftburg-kolarik\/","title":{"rendered":"Luftburg Kolarik"},"content":{"rendered":"<p class=\"p1\">Disfruta de la cocina tradicional austriaca en medio del parque de atracciones Wiener Prater. La sostenibilidad ecol\u00f3gica y social es parte esencial del mayor restaurante con certificaci\u00f3n org\u00e1nica del mundo. Desde platos que no te debes perder hasta un \u00e1rea de juegos para ni\u00f1os, hay algo para hacer sonre\u00edr a todos. \u00a1As\u00ed que dir\u00edgete a Luftburg Kolarik para disfrutar de una experiencia familiar!<\/p>\n","protected":false},"excerpt":{"rendered":"<p>Disfruta de la cocina tradicional austriaca en medio del parque de atracciones Wiener Prater. La sostenibilidad ecol\u00f3gica y social es parte esencial del mayor restaurante con certificaci\u00f3n org\u00e1nica del mundo. Desde platos que no te debes perder hasta un \u00e1rea de juegos para ni\u00f1os, hay algo para hacer sonre\u00edr a todos. \u00a1As\u00ed que dir\u00edgete a [&hellip;]<\/p>\n","protected":false},"author":1,"featured_media":3771,"parent":2913,"menu_order":0,"comment_status":"closed","ping_status":"closed","template":"tpl-location.php","meta":{"_acf_changed":false,"footnotes":""},"acf":{"address":"Prater, Waldsteingartenstra\u00dfe 128, 1020 Wien, Austria","location_type":"restaurant","map_link":"https:\/\/www.google.com\/maps\/place\/Luftburg+-+Kolarik+im+Prater\/@48.2133015,16.4031243,17z\/data=!3m1!4b1!4m5!3m4!1s0x476d0716d5e2df85:0x5f2720405b0a6139!8m2!3d48.2133015!4d16.4031243","trip_advisor":"https:\/\/www.tripadvisor.co.uk\/Restaurant_Review-g190454-d1788654-Reviews-Luftburg_Kolarik_im_Prater-Vienna.html","coordinates":{"latitude":"48.2133015","longitude":"16.4031243"},"charging_stations":[{"charging_station":"1 Messeplatz Wien 1020 (750m \/ 3 min)"}]},"aioseo_notices":[],"_links":{"self":[{"href":"https:\/\/nissantravelguide.com\/es\/wp-json\/wp\/v2\/pages\/4026"}],"collection":[{"href":"https:\/\/nissantravelguide.com\/es\/wp-json\/wp\/v2\/pages"}],"about":[{"href":"https:\/\/nissantravelguide.com\/es\/wp-json\/wp\/v2\/types\/page"}],"author":[{"embeddable":true,"href":"https:\/\/nissantravelguide.com\/es\/wp-json\/wp\/v2\/users\/1"}],"replies":[{"embeddable":true,"href":"https:\/\/nissantravelguide.com\/es\/wp-json\/wp\/v2\/comments?post=4026"}],"version-history":[{"count":0,"href":"https:\/\/nissantravelguide.com\/es\/wp-json\/wp\/v2\/pages\/4026\/revisions"}],"up":[{"embeddable":true,"href":"https:\/\/nissantravelguide.com\/es\/wp-json\/wp\/v2\/pages\/2913"}],"wp:featuredmedia":[{"embeddable":true,"href":"https:\/\/nissantravelguide.com\/es\/wp-json\/wp\/v2\/media\/3771"}],"wp:attachment":[{"href":"https:\/\/nissantravelguide.com\/es\/wp-json\/wp\/v2\/media?parent=4026"}],"curies":[{"name":"wp","href":"https:\/\/api.w.org\/{rel}","templated":true}]}}