{"id":4027,"date":"2022-12-12T09:54:34","date_gmt":"2022-12-12T09:54:34","guid":{"rendered":"https:\/\/nissantravelguide.com\/viena\/palmenhaus\/"},"modified":"2022-12-12T09:54:34","modified_gmt":"2022-12-12T09:54:34","slug":"palmenhaus","status":"publish","type":"page","link":"https:\/\/nissantravelguide.com\/es\/viena\/palmenhaus\/","title":{"rendered":"Palmenhaus"},"content":{"rendered":"<p class=\"p1\">Sigue los pasos de los l\u00edderes imperiales austriacos en Palmenhaus \u2014un caf\u00e9, bar y sal\u00f3n\u2014 ubicado en un antiguo invernadero construido para los emperadores de la naci\u00f3n. Disfruta de la magia de los alrededores mientras saboreas una selecci\u00f3n de platos austr\u00edacos e internacionales. Mientras est\u00e9s all\u00ed, no olvides visitar Schmetterlinghaus o \u201cCasa de las mariposas\u201d. Incluso puedes toparte con los caballos blancos de la Escuela Espa\u00f1ola de Equitaci\u00f3n mientras paseas por el oasis verde.<\/p>\n","protected":false},"excerpt":{"rendered":"<p>Sigue los pasos de los l\u00edderes imperiales austriacos en Palmenhaus \u2014un caf\u00e9, bar y sal\u00f3n\u2014 ubicado en un antiguo invernadero construido para los emperadores de la naci\u00f3n. Disfruta de la magia de los alrededores mientras saboreas una selecci\u00f3n de platos austr\u00edacos e internacionales. Mientras est\u00e9s all\u00ed, no olvides visitar Schmetterlinghaus o \u201cCasa de las mariposas\u201d. [&hellip;]<\/p>\n","protected":false},"author":1,"featured_media":3801,"parent":2913,"menu_order":0,"comment_status":"closed","ping_status":"closed","template":"tpl-location.php","meta":{"_acf_changed":false,"footnotes":""},"acf":{"address":"Burggarten 1, 1010 Wien, Austria","location_type":"restaurant","map_link":"https:\/\/www.google.com\/maps\/place\/Brasserie+Palmenhaus+Wien\/@48.2051071,16.3645346,17z\/data=!3m1!4b1!4m5!3m4!1s0x476da7e17fff0d83:0x1755573d1d568b9d!8m2!3d48.2051027!4d16.3667273","trip_advisor":"https:\/\/www.tripadvisor.co.uk\/Restaurant_Review-g190454-d928973-Reviews-Palmenhaus-Vienna.html","coordinates":{"latitude":"48.2051071","longitude":"16.3645346"},"charging_stations":[{"charging_station":"Type 2 (11.1kW): Haidingergasse 16, 1030 Wien (3.6km \/ 15 min) "}]},"aioseo_notices":[],"_links":{"self":[{"href":"https:\/\/nissantravelguide.com\/es\/wp-json\/wp\/v2\/pages\/4027"}],"collection":[{"href":"https:\/\/nissantravelguide.com\/es\/wp-json\/wp\/v2\/pages"}],"about":[{"href":"https:\/\/nissantravelguide.com\/es\/wp-json\/wp\/v2\/types\/page"}],"author":[{"embeddable":true,"href":"https:\/\/nissantravelguide.com\/es\/wp-json\/wp\/v2\/users\/1"}],"replies":[{"embeddable":true,"href":"https:\/\/nissantravelguide.com\/es\/wp-json\/wp\/v2\/comments?post=4027"}],"version-history":[{"count":0,"href":"https:\/\/nissantravelguide.com\/es\/wp-json\/wp\/v2\/pages\/4027\/revisions"}],"up":[{"embeddable":true,"href":"https:\/\/nissantravelguide.com\/es\/wp-json\/wp\/v2\/pages\/2913"}],"wp:featuredmedia":[{"embeddable":true,"href":"https:\/\/nissantravelguide.com\/es\/wp-json\/wp\/v2\/media\/3801"}],"wp:attachment":[{"href":"https:\/\/nissantravelguide.com\/es\/wp-json\/wp\/v2\/media?parent=4027"}],"curies":[{"name":"wp","href":"https:\/\/api.w.org\/{rel}","templated":true}]}}