{"id":4028,"date":"2022-12-12T09:54:53","date_gmt":"2022-12-12T09:54:53","guid":{"rendered":"https:\/\/nissantravelguide.com\/viena\/parque-nacional-danubio-auen\/"},"modified":"2022-12-12T09:54:53","modified_gmt":"2022-12-12T09:54:53","slug":"parque-nacional-danubio-auen","status":"publish","type":"page","link":"https:\/\/nissantravelguide.com\/es\/viena\/parque-nacional-danubio-auen\/","title":{"rendered":"Parque Nacional Danubio-Auen"},"content":{"rendered":"<p class=\"p1\">Para los entusiastas de la naturaleza, el Parque Nacional Danubio-Auen es el lugar ideal. Aunque la belleza del paisaje de 9600 hect\u00e1reas es suficiente para justificar una visita, el parque ofrece una variedad de excursiones para explorar los mayores humedales ribere\u00f1os (aquellos ubicados a orillas de un r\u00edo) naturales de Europa Central, y las muchas plantas y animales en peligro de extinci\u00f3n que alberga. Es una cinta verde entre las ciudades de Viena y Bratislava y recibe la influencia vital del tramo pr\u00e1cticamente sin restricciones del r\u00edo Danubio que lo atraviesa.<\/p>\n","protected":false},"excerpt":{"rendered":"<p>Para los entusiastas de la naturaleza, el Parque Nacional Danubio-Auen es el lugar ideal. Aunque la belleza del paisaje de 9600 hect\u00e1reas es suficiente para justificar una visita, el parque ofrece una variedad de excursiones para explorar los mayores humedales ribere\u00f1os (aquellos ubicados a orillas de un r\u00edo) naturales de Europa Central, y las muchas [&hellip;]<\/p>\n","protected":false},"author":1,"featured_media":3731,"parent":2913,"menu_order":0,"comment_status":"closed","ping_status":"closed","template":"tpl-location.php","meta":{"_acf_changed":false,"footnotes":""},"acf":{"address":"Schlo\u00dfpl. 1, 2304 Orth an der Donau, Austria","location_type":"beauty","map_link":"https:\/\/www.google.com\/maps\/place\/Danube-Auen+National+Park\/@48.1447168,16.7004541,17z\/data=!3m1!4b1!4m5!3m4!1s0x476cf81537095a4d:0xabe9b89748410546!8m2!3d48.1447168!4d16.7004541","trip_advisor":"https:\/\/www.tripadvisor.com\/ShowUserReviews-g1071607-d3520193-r479188659-Nationalpark_Donau_Auen-Orth_an_der_Donau_Lower_Austria.html","coordinates":{"latitude":"48.1447168","longitude":"16.7004541"},"charging_stations":[{"charging_station":"2304 Orth an der Donau (71m \/ 1 min)"}]},"aioseo_notices":[],"_links":{"self":[{"href":"https:\/\/nissantravelguide.com\/es\/wp-json\/wp\/v2\/pages\/4028"}],"collection":[{"href":"https:\/\/nissantravelguide.com\/es\/wp-json\/wp\/v2\/pages"}],"about":[{"href":"https:\/\/nissantravelguide.com\/es\/wp-json\/wp\/v2\/types\/page"}],"author":[{"embeddable":true,"href":"https:\/\/nissantravelguide.com\/es\/wp-json\/wp\/v2\/users\/1"}],"replies":[{"embeddable":true,"href":"https:\/\/nissantravelguide.com\/es\/wp-json\/wp\/v2\/comments?post=4028"}],"version-history":[{"count":0,"href":"https:\/\/nissantravelguide.com\/es\/wp-json\/wp\/v2\/pages\/4028\/revisions"}],"up":[{"embeddable":true,"href":"https:\/\/nissantravelguide.com\/es\/wp-json\/wp\/v2\/pages\/2913"}],"wp:featuredmedia":[{"embeddable":true,"href":"https:\/\/nissantravelguide.com\/es\/wp-json\/wp\/v2\/media\/3731"}],"wp:attachment":[{"href":"https:\/\/nissantravelguide.com\/es\/wp-json\/wp\/v2\/media?parent=4028"}],"curies":[{"name":"wp","href":"https:\/\/api.w.org\/{rel}","templated":true}]}}