{"id":4029,"date":"2022-12-12T09:55:11","date_gmt":"2022-12-12T09:55:11","guid":{"rendered":"https:\/\/nissantravelguide.com\/viena\/isla-del-danubio\/"},"modified":"2022-12-12T09:55:11","modified_gmt":"2022-12-12T09:55:11","slug":"isla-del-danubio","status":"publish","type":"page","link":"https:\/\/nissantravelguide.com\/es\/viena\/isla-del-danubio\/","title":{"rendered":"Isla del Danubio"},"content":{"rendered":"<p class=\"p1\">Un popular para\u00edso de ocio para los lugare\u00f1os. Adem\u00e1s, la isla del Danubio, de 21\u00a0km de largo, con actividades que incluyen nataci\u00f3n, ciclismo, navegaci\u00f3n, remo, voleibol de playa y surf, a menudo resulta ser una experiencia inolvidable para los visitantes de Viena. La isla, a poca distancia del centro de la ciudad, alberga una playa familiar, un parque acu\u00e1tico, un parque de escalada y el mayor lugar de camas el\u00e1sticas flotantes del mundo.<\/p>\n","protected":false},"excerpt":{"rendered":"<p>Un popular para\u00edso de ocio para los lugare\u00f1os. Adem\u00e1s, la isla del Danubio, de 21\u00a0km de largo, con actividades que incluyen nataci\u00f3n, ciclismo, navegaci\u00f3n, remo, voleibol de playa y surf, a menudo resulta ser una experiencia inolvidable para los visitantes de Viena. La isla, a poca distancia del centro de la ciudad, alberga una playa [&hellip;]<\/p>\n","protected":false},"author":1,"featured_media":3721,"parent":2913,"menu_order":0,"comment_status":"closed","ping_status":"closed","template":"tpl-location.php","meta":{"_acf_changed":false,"footnotes":""},"acf":{"address":"","location_type":"beauty","map_link":"https:\/\/www.google.com\/maps\/place\/Donauinsel\/@48.2267849,16.2973444,11z\/data=!3m1!4b1!4m5!3m4!1s0x476d06d127a831ab:0x7cc9686bc88d5e87!8m2!3d48.2106899!4d16.4350074?shorturl=1","trip_advisor":"https:\/\/www.tripadvisor.co.uk\/Attraction_Review-g190454-d2041749-Reviews-Donauinsel-Vienna.html","coordinates":{"latitude":"48.2267849","longitude":"16.2973444"},"charging_stations":[{"charging_station":"1 Messeplatz Wien 1020 (6.0km \/ 12 min)"}]},"aioseo_notices":[],"_links":{"self":[{"href":"https:\/\/nissantravelguide.com\/es\/wp-json\/wp\/v2\/pages\/4029"}],"collection":[{"href":"https:\/\/nissantravelguide.com\/es\/wp-json\/wp\/v2\/pages"}],"about":[{"href":"https:\/\/nissantravelguide.com\/es\/wp-json\/wp\/v2\/types\/page"}],"author":[{"embeddable":true,"href":"https:\/\/nissantravelguide.com\/es\/wp-json\/wp\/v2\/users\/1"}],"replies":[{"embeddable":true,"href":"https:\/\/nissantravelguide.com\/es\/wp-json\/wp\/v2\/comments?post=4029"}],"version-history":[{"count":0,"href":"https:\/\/nissantravelguide.com\/es\/wp-json\/wp\/v2\/pages\/4029\/revisions"}],"up":[{"embeddable":true,"href":"https:\/\/nissantravelguide.com\/es\/wp-json\/wp\/v2\/pages\/2913"}],"wp:featuredmedia":[{"embeddable":true,"href":"https:\/\/nissantravelguide.com\/es\/wp-json\/wp\/v2\/media\/3721"}],"wp:attachment":[{"href":"https:\/\/nissantravelguide.com\/es\/wp-json\/wp\/v2\/media?parent=4029"}],"curies":[{"name":"wp","href":"https:\/\/api.w.org\/{rel}","templated":true}]}}