{"id":4030,"date":"2022-12-12T09:55:38","date_gmt":"2022-12-12T09:55:38","guid":{"rendered":"https:\/\/nissantravelguide.com\/viena\/jardines-botanicos-de-hirschstetten\/"},"modified":"2022-12-12T09:55:38","modified_gmt":"2022-12-12T09:55:38","slug":"jardines-botanicos-de-hirschstetten","status":"publish","type":"page","link":"https:\/\/nissantravelguide.com\/es\/viena\/jardines-botanicos-de-hirschstetten\/","title":{"rendered":"Jardines Bot\u00e1nicos de Hirschstetten"},"content":{"rendered":"<p class=\"p1\">El espectacular globo bot\u00e1nico de los Jardines Bot\u00e1nicos de Hirschstetten cuenta con una variedad de jardines tem\u00e1ticos, como los jardines de la India, M\u00e9xico, Love o Film City. Los Jardines tambi\u00e9n sirven para su prop\u00f3sito tradicional de surtir de flores y arbustos al amplio programa de Viena de plantaci\u00f3n en parques urbanos y otros lugares, aportando vegetaci\u00f3n adicional a una ciudad ya pintoresca.<\/p>\n","protected":false},"excerpt":{"rendered":"<p>El espectacular globo bot\u00e1nico de los Jardines Bot\u00e1nicos de Hirschstetten cuenta con una variedad de jardines tem\u00e1ticos, como los jardines de la India, M\u00e9xico, Love o Film City. Los Jardines tambi\u00e9n sirven para su prop\u00f3sito tradicional de surtir de flores y arbustos al amplio programa de Viena de plantaci\u00f3n en parques urbanos y otros lugares, [&hellip;]<\/p>\n","protected":false},"author":1,"featured_media":3746,"parent":2913,"menu_order":0,"comment_status":"closed","ping_status":"closed","template":"tpl-location.php","meta":{"_acf_changed":false,"footnotes":""},"acf":{"address":"1220 Vienna","location_type":"beauty","map_link":"https:\/\/www.google.com\/maps\/place\/Hirschstetten,+1220+Vienna,+Austria\/@48.2545308,16.4460732,13z\/data=!3m1!4b1!4m5!3m4!1s0x476d01586704d015:0x921981464363113a!8m2!3d48.2514298!4d16.4773321?shorturl=1","trip_advisor":"https:\/\/www.tripadvisor.co.uk\/Attraction_Review-g190454-d3559599-Reviews-Blumengaerten_Hirschstetten-Vienna.html","coordinates":{"latitude":"48.2545308","longitude":"16.4460732"},"charging_stations":[{"charging_station":"1 Messeplatz Wien 1020 (9.7km \/ 16 min)"}]},"aioseo_notices":[],"_links":{"self":[{"href":"https:\/\/nissantravelguide.com\/es\/wp-json\/wp\/v2\/pages\/4030"}],"collection":[{"href":"https:\/\/nissantravelguide.com\/es\/wp-json\/wp\/v2\/pages"}],"about":[{"href":"https:\/\/nissantravelguide.com\/es\/wp-json\/wp\/v2\/types\/page"}],"author":[{"embeddable":true,"href":"https:\/\/nissantravelguide.com\/es\/wp-json\/wp\/v2\/users\/1"}],"replies":[{"embeddable":true,"href":"https:\/\/nissantravelguide.com\/es\/wp-json\/wp\/v2\/comments?post=4030"}],"version-history":[{"count":0,"href":"https:\/\/nissantravelguide.com\/es\/wp-json\/wp\/v2\/pages\/4030\/revisions"}],"up":[{"embeddable":true,"href":"https:\/\/nissantravelguide.com\/es\/wp-json\/wp\/v2\/pages\/2913"}],"wp:featuredmedia":[{"embeddable":true,"href":"https:\/\/nissantravelguide.com\/es\/wp-json\/wp\/v2\/media\/3746"}],"wp:attachment":[{"href":"https:\/\/nissantravelguide.com\/es\/wp-json\/wp\/v2\/media?parent=4030"}],"curies":[{"name":"wp","href":"https:\/\/api.w.org\/{rel}","templated":true}]}}