{"id":4031,"date":"2022-12-12T09:55:58","date_gmt":"2022-12-12T09:55:58","guid":{"rendered":"https:\/\/nissantravelguide.com\/viena\/opera-estatal-de-viena\/"},"modified":"2022-12-12T09:55:58","modified_gmt":"2022-12-12T09:55:58","slug":"opera-estatal-de-viena","status":"publish","type":"page","link":"https:\/\/nissantravelguide.com\/es\/viena\/opera-estatal-de-viena\/","title":{"rendered":"\u00d3pera Estatal de Viena"},"content":{"rendered":"<p class=\"p1\">Esta \u00f3pera mundialmente famosa, Wiener Staatsoper, tiene un pasado impregnado de tradici\u00f3n. Acoge una amplia variedad de actuaciones y eventos, y su programa de temporada incluye 350 actuaciones de m\u00e1s de 60 \u00f3peras y ballets diferentes. Cada noche podr\u00e1s presenciar a artistas de primer nivel en el escenario y en la secci\u00f3n del director, acompa\u00f1ados de una orquesta \u00fanica: la de Wiener Staatsoper, cuyos miembros tambi\u00e9n componen la Orquesta Filarm\u00f3nica de Viena.<\/p>\n","protected":false},"excerpt":{"rendered":"<p>Esta \u00f3pera mundialmente famosa, Wiener Staatsoper, tiene un pasado impregnado de tradici\u00f3n. Acoge una amplia variedad de actuaciones y eventos, y su programa de temporada incluye 350 actuaciones de m\u00e1s de 60 \u00f3peras y ballets diferentes. Cada noche podr\u00e1s presenciar a artistas de primer nivel en el escenario y en la secci\u00f3n del director, acompa\u00f1ados [&hellip;]<\/p>\n","protected":false},"author":1,"featured_media":3826,"parent":2913,"menu_order":0,"comment_status":"closed","ping_status":"closed","template":"tpl-location.php","meta":{"_acf_changed":false,"footnotes":""},"acf":{"address":"Opernring 2, 1010 Wien, Austria","location_type":"interest","map_link":"https:\/\/www.google.com\/maps\/place\/Vienna+Operahouse\/@48.2033188,16.3697379,17z\/data=!3m1!4b1!4m5!3m4!1s0x476d079c861dbfd5:0xfd59268d25377d56!8m2!3d48.2033188!4d16.3697379","trip_advisor":"https:\/\/www.tripadvisor.co.uk\/Attraction_Review-g190454-d194164-Reviews-Wiener_Staatsoper-Vienna.html","coordinates":{"latitude":"48.2033188","longitude":"16.3697379"},"charging_stations":[{"charging_station":"Type 2 (11.1kW): Haidingergrasse 16, 1030 Wien (3.1km \/ 13 min)"}]},"aioseo_notices":[],"_links":{"self":[{"href":"https:\/\/nissantravelguide.com\/es\/wp-json\/wp\/v2\/pages\/4031"}],"collection":[{"href":"https:\/\/nissantravelguide.com\/es\/wp-json\/wp\/v2\/pages"}],"about":[{"href":"https:\/\/nissantravelguide.com\/es\/wp-json\/wp\/v2\/types\/page"}],"author":[{"embeddable":true,"href":"https:\/\/nissantravelguide.com\/es\/wp-json\/wp\/v2\/users\/1"}],"replies":[{"embeddable":true,"href":"https:\/\/nissantravelguide.com\/es\/wp-json\/wp\/v2\/comments?post=4031"}],"version-history":[{"count":0,"href":"https:\/\/nissantravelguide.com\/es\/wp-json\/wp\/v2\/pages\/4031\/revisions"}],"up":[{"embeddable":true,"href":"https:\/\/nissantravelguide.com\/es\/wp-json\/wp\/v2\/pages\/2913"}],"wp:featuredmedia":[{"embeddable":true,"href":"https:\/\/nissantravelguide.com\/es\/wp-json\/wp\/v2\/media\/3826"}],"wp:attachment":[{"href":"https:\/\/nissantravelguide.com\/es\/wp-json\/wp\/v2\/media?parent=4031"}],"curies":[{"name":"wp","href":"https:\/\/api.w.org\/{rel}","templated":true}]}}