{"id":4032,"date":"2022-12-12T09:56:14","date_gmt":"2022-12-12T09:56:14","guid":{"rendered":"https:\/\/nissantravelguide.com\/viena\/mak-museo-de-artes-aplicadas\/"},"modified":"2022-12-12T09:56:14","modified_gmt":"2022-12-12T09:56:14","slug":"mak-museo-de-artes-aplicadas","status":"publish","type":"page","link":"https:\/\/nissantravelguide.com\/es\/viena\/mak-museo-de-artes-aplicadas\/","title":{"rendered":"MAK \u2013 Museo de Artes Aplicadas"},"content":{"rendered":"<p class=\"p1\"><span class=\"s1\">Fundado en 1863, el MAK \u2013 Museo de Artes Aplicadas alberga una colecci\u00f3n \u00fanica de artes aplicadas, dise\u00f1o, arte contempor\u00e1neo y arquitectura. Crea una poderosa combinaci\u00f3n de pasado y futuro, algo que ver\u00e1s claramente cuando visites su amplia colecci\u00f3n, grandes salas de exposiciones y exposiciones especiales tem\u00e1ticas, y experimentes su variado programa de eventos.<\/span><\/p>\n","protected":false},"excerpt":{"rendered":"<p>Fundado en 1863, el MAK \u2013 Museo de Artes Aplicadas alberga una colecci\u00f3n \u00fanica de artes aplicadas, dise\u00f1o, arte contempor\u00e1neo y arquitectura. Crea una poderosa combinaci\u00f3n de pasado y futuro, algo que ver\u00e1s claramente cuando visites su amplia colecci\u00f3n, grandes salas de exposiciones y exposiciones especiales tem\u00e1ticas, y experimentes su variado programa de eventos.<\/p>\n","protected":false},"author":1,"featured_media":3781,"parent":2913,"menu_order":0,"comment_status":"closed","ping_status":"closed","template":"tpl-location.php","meta":{"_acf_changed":false,"footnotes":""},"acf":{"address":"Stubenring 5, 1010 Wien, Austria","location_type":"interest","map_link":"https:\/\/www.google.com\/maps\/place\/Museum+of+Applied+Arts\/@48.2076494,16.3795077,17z\/data=!3m1!4b1!4m5!3m4!1s0x476d077521e1b063:0xa501c28c5fde062f!8m2!3d48.2076458!4d16.3816964?shorturl=1","trip_advisor":"https:\/\/www.tripadvisor.co.uk\/Attraction_Review-g190454-d191395-Reviews-MAK_Austrian_Museum_of_Applied_Arts_Contemporary_Art-Vienna.html","coordinates":{"latitude":"48.2076494","longitude":"16.3795077"},"charging_stations":[{"charging_station":"Type 2 (11.1kW): Haidingergrasse 16, 1030 Wien(2.3km \/ 9 min)"}]},"aioseo_notices":[],"_links":{"self":[{"href":"https:\/\/nissantravelguide.com\/es\/wp-json\/wp\/v2\/pages\/4032"}],"collection":[{"href":"https:\/\/nissantravelguide.com\/es\/wp-json\/wp\/v2\/pages"}],"about":[{"href":"https:\/\/nissantravelguide.com\/es\/wp-json\/wp\/v2\/types\/page"}],"author":[{"embeddable":true,"href":"https:\/\/nissantravelguide.com\/es\/wp-json\/wp\/v2\/users\/1"}],"replies":[{"embeddable":true,"href":"https:\/\/nissantravelguide.com\/es\/wp-json\/wp\/v2\/comments?post=4032"}],"version-history":[{"count":0,"href":"https:\/\/nissantravelguide.com\/es\/wp-json\/wp\/v2\/pages\/4032\/revisions"}],"up":[{"embeddable":true,"href":"https:\/\/nissantravelguide.com\/es\/wp-json\/wp\/v2\/pages\/2913"}],"wp:featuredmedia":[{"embeddable":true,"href":"https:\/\/nissantravelguide.com\/es\/wp-json\/wp\/v2\/media\/3781"}],"wp:attachment":[{"href":"https:\/\/nissantravelguide.com\/es\/wp-json\/wp\/v2\/media?parent=4032"}],"curies":[{"name":"wp","href":"https:\/\/api.w.org\/{rel}","templated":true}]}}