{"id":4034,"date":"2022-12-12T09:56:51","date_gmt":"2022-12-12T09:56:51","guid":{"rendered":"https:\/\/nissantravelguide.com\/viena\/parque-de-atracciones-prater-wien\/"},"modified":"2022-12-12T09:56:51","modified_gmt":"2022-12-12T09:56:51","slug":"parque-de-atracciones-prater-wien","status":"publish","type":"page","link":"https:\/\/nissantravelguide.com\/es\/viena\/parque-de-atracciones-prater-wien\/","title":{"rendered":"Parque de atracciones Prater Wien"},"content":{"rendered":"<p class=\"p1\">La aventura, la tradici\u00f3n y el encanto vien\u00e9s se unen en el parque de atracciones Prater Wien. Para pasar un d\u00eda lleno de emociones de alta energ\u00eda, ve a disfrutar de monta\u00f1as rusas, espeluznantes trenes fantasma y atracciones de todo tipo. Si no temes demasiado las alturas, querr\u00e1s dar una vuelta en la Wiener Riesenrad: la noria en funcionamiento m\u00e1s antigua del mundo, que te lleva a casi 65 metros hacia el cielo.<\/p>\n","protected":false},"excerpt":{"rendered":"<p>La aventura, la tradici\u00f3n y el encanto vien\u00e9s se unen en el parque de atracciones Prater Wien. Para pasar un d\u00eda lleno de emociones de alta energ\u00eda, ve a disfrutar de monta\u00f1as rusas, espeluznantes trenes fantasma y atracciones de todo tipo. Si no temes demasiado las alturas, querr\u00e1s dar una vuelta en la Wiener Riesenrad: [&hellip;]<\/p>\n","protected":false},"author":1,"featured_media":3816,"parent":2913,"menu_order":0,"comment_status":"closed","ping_status":"closed","template":"tpl-location.php","meta":{"_acf_changed":false,"footnotes":""},"acf":{"address":"1020 Vienna, Austria","location_type":"interest","map_link":"https:\/\/www.google.com\/maps\/place\/Prater\/@48.2167398,16.3980327,17z\/data=!3m1!4b1!4m5!3m4!1s0x476d073f4daba163:0xfce7699ce9a8b1f4!8m2!3d48.2167398!4d16.3980327","trip_advisor":"https:\/\/www.tripadvisor.co.uk\/Attraction_Review-g190454-d5966675-Reviews-Prater-Vienna.html","coordinates":{"latitude":"48.2167398","longitude":"16.3980327"},"charging_stations":[{"charging_station":"1 Messeplatz Wien 1020 (750m \/ 3 min)"}]},"aioseo_notices":[],"_links":{"self":[{"href":"https:\/\/nissantravelguide.com\/es\/wp-json\/wp\/v2\/pages\/4034"}],"collection":[{"href":"https:\/\/nissantravelguide.com\/es\/wp-json\/wp\/v2\/pages"}],"about":[{"href":"https:\/\/nissantravelguide.com\/es\/wp-json\/wp\/v2\/types\/page"}],"author":[{"embeddable":true,"href":"https:\/\/nissantravelguide.com\/es\/wp-json\/wp\/v2\/users\/1"}],"replies":[{"embeddable":true,"href":"https:\/\/nissantravelguide.com\/es\/wp-json\/wp\/v2\/comments?post=4034"}],"version-history":[{"count":0,"href":"https:\/\/nissantravelguide.com\/es\/wp-json\/wp\/v2\/pages\/4034\/revisions"}],"up":[{"embeddable":true,"href":"https:\/\/nissantravelguide.com\/es\/wp-json\/wp\/v2\/pages\/2913"}],"wp:featuredmedia":[{"embeddable":true,"href":"https:\/\/nissantravelguide.com\/es\/wp-json\/wp\/v2\/media\/3816"}],"wp:attachment":[{"href":"https:\/\/nissantravelguide.com\/es\/wp-json\/wp\/v2\/media?parent=4034"}],"curies":[{"name":"wp","href":"https:\/\/api.w.org\/{rel}","templated":true}]}}