{"id":4166,"date":"2022-12-12T16:53:19","date_gmt":"2022-12-12T16:53:19","guid":{"rendered":"https:\/\/nissantravelguide.com\/budapest\/rokusfalvy\/"},"modified":"2022-12-12T16:53:19","modified_gmt":"2022-12-12T16:53:19","slug":"rokusfalvy","status":"publish","type":"page","link":"https:\/\/nissantravelguide.com\/es\/budapest\/rokusfalvy\/","title":{"rendered":"R\u00f3kusfalvy"},"content":{"rendered":"<p class=\"p1\">Esta bodega familiar de segunda generaci\u00f3n, que se encuentra en Etyek, la regi\u00f3n vitivin\u00edcola m\u00e1s cercana a la capital (los vi\u00f1edos de Budapest), tiene 25 a\u00f1os de existencia. Sus vi\u00f1edos, aprobados con certificaci\u00f3n org\u00e1nica desde 2015, se cultivan de forma ecol\u00f3gica desde hace una d\u00e9cada. Visitar R\u00f3kusfalvy es una excelente oportunidad para probar sus vinos blancos, rojos y espumosos, chispeantes y din\u00e1micos, todos ellos provenientes de variedades de uva t\u00edpicas de esta regi\u00f3n vin\u00edcola. Disfrute de una degustaci\u00f3n y un tour por el vi\u00f1edo, o vaya a R\u00f3kusfalvy Inn, su restaurante recomendado por la Gu\u00eda Michelin, para probar exquisitos platos de sabor casero.<span class=\"Apple-converted-space\">\u00a0<\/span><\/p>\n<p class=\"p1\">\n<p class=\"p1\">La regi\u00f3n de Etyek tambi\u00e9n es excelente para quienes buscan unas vacaciones deportivas con muchas rutas ciclistas y de senderismo.<span class=\"Apple-converted-space\">\u00a0<\/span><\/p>\n","protected":false},"excerpt":{"rendered":"<p>Esta bodega familiar de segunda generaci\u00f3n, que se encuentra en Etyek, la regi\u00f3n vitivin\u00edcola m\u00e1s cercana a la capital (los vi\u00f1edos de Budapest), tiene 25 a\u00f1os de existencia. Sus vi\u00f1edos, aprobados con certificaci\u00f3n org\u00e1nica desde 2015, se cultivan de forma ecol\u00f3gica desde hace una d\u00e9cada. Visitar R\u00f3kusfalvy es una excelente oportunidad para probar sus vinos [&hellip;]<\/p>\n","protected":false},"author":1,"featured_media":4160,"parent":2907,"menu_order":0,"comment_status":"closed","ping_status":"closed","template":"tpl-location.php","meta":{"_acf_changed":false,"footnotes":""},"acf":{"address":"Ujhegy 89, 2091","location_type":"interest","map_link":"https:\/\/www.google.co.uk\/maps\/place\/R%C3%B3kusfalvy+Estate\/@47.448573,18.7337775,17z\/data=!3m1!4b1!4m5!3m4!1s0x476a0c7cd56db681:0x1db23e22dd908aa2!8m2!3d47.4485694!4d18.7359662","trip_advisor":"https:\/\/www.tripadvisor.co.uk\/Attraction_Review-g1077271-d3385298-Reviews-Rokusfalvy_Estate-Etyek_Fejer_County_Central_Transdanubia.html","coordinates":{"latitude":"47.448573","longitude":"18.7337775"},"charging_stations":[{"charging_station":"Type 2 (22kW): Biatorbagy, Nimrod Utca, 2051 (10.4km \/ 18 min)"}]},"aioseo_notices":[],"_links":{"self":[{"href":"https:\/\/nissantravelguide.com\/es\/wp-json\/wp\/v2\/pages\/4166"}],"collection":[{"href":"https:\/\/nissantravelguide.com\/es\/wp-json\/wp\/v2\/pages"}],"about":[{"href":"https:\/\/nissantravelguide.com\/es\/wp-json\/wp\/v2\/types\/page"}],"author":[{"embeddable":true,"href":"https:\/\/nissantravelguide.com\/es\/wp-json\/wp\/v2\/users\/1"}],"replies":[{"embeddable":true,"href":"https:\/\/nissantravelguide.com\/es\/wp-json\/wp\/v2\/comments?post=4166"}],"version-history":[{"count":0,"href":"https:\/\/nissantravelguide.com\/es\/wp-json\/wp\/v2\/pages\/4166\/revisions"}],"up":[{"embeddable":true,"href":"https:\/\/nissantravelguide.com\/es\/wp-json\/wp\/v2\/pages\/2907"}],"wp:featuredmedia":[{"embeddable":true,"href":"https:\/\/nissantravelguide.com\/es\/wp-json\/wp\/v2\/media\/4160"}],"wp:attachment":[{"href":"https:\/\/nissantravelguide.com\/es\/wp-json\/wp\/v2\/media?parent=4166"}],"curies":[{"name":"wp","href":"https:\/\/api.w.org\/{rel}","templated":true}]}}