{"id":4167,"date":"2022-12-12T16:53:46","date_gmt":"2022-12-12T16:53:46","guid":{"rendered":"https:\/\/nissantravelguide.com\/bratislava\/bemba\/"},"modified":"2022-12-12T16:53:46","modified_gmt":"2022-12-12T16:53:46","slug":"bemba","status":"publish","type":"page","link":"https:\/\/nissantravelguide.com\/es\/bratislava\/bemba\/","title":{"rendered":"Bemba"},"content":{"rendered":"<p class=\"p1\">Bemba es el primer restaurante de Bratislava que ofrece productos de origen vegetal y crudos. Situado en el centro hist\u00f3rico de Bratislava, propone platos modernos inspirados en las gastronom\u00edas de todo el mundo. Tanto si desea probar su \u201cfaux gras\u201d, sus tacos o su sopa de coco tailand\u00e9s, como si elige una de sus ricas ensaladas, las coloridas creaciones vegetales de su plato no le decepcionar\u00e1n. El restaurante cuenta con una terraza disponible en la temporada de verano, y las comidas tambi\u00e9n se pueden pedir para llevar o entregar a domicilio.<\/p>\n<p class=\"p1\">\n","protected":false},"excerpt":{"rendered":"<p>Bemba es el primer restaurante de Bratislava que ofrece productos de origen vegetal y crudos. Situado en el centro hist\u00f3rico de Bratislava, propone platos modernos inspirados en las gastronom\u00edas de todo el mundo. Tanto si desea probar su \u201cfaux gras\u201d, sus tacos o su sopa de coco tailand\u00e9s, como si elige una de sus ricas [&hellip;]<\/p>\n","protected":false},"author":1,"featured_media":2931,"parent":2873,"menu_order":0,"comment_status":"closed","ping_status":"closed","template":"tpl-location.php","meta":{"_acf_changed":false,"footnotes":""},"acf":{"address":"Koll\u00e1rovo n\u00e1mestie 17, 811 06 Star\u00e9 Mesto, Slovakia","location_type":"restaurant","map_link":"https:\/\/www.google.com\/maps\/place\/BEMBA+-+rawfood+%26+plant-based\/@48.1492859,17.1103185,17z\/data=!3m1!4b1!4m5!3m4!1s0x476c8eba15a0ebbb:0xb4e6eb023d75f6b8!8m2!3d48.1492859!4d17.1125072?coh=164777&entry=tt&shorturl=1","trip_advisor":"https:\/\/www.tripadvisor.com\/Restaurant_Review-g274924-d6416628-Reviews-Raw_Restauracia_Bemba-Bratislava_Bratislava_Region.html","coordinates":{"latitude":"48.1492859","longitude":"17.1103185"},"charging_stations":[{"charging_station":"Type 2 22.1kW CCS 50kW CHAdeMO 50kW: 17904, Metodova, 821 08 Bratislava, Slovakia (1.6 km \/ 6-min)"}]},"aioseo_notices":[],"_links":{"self":[{"href":"https:\/\/nissantravelguide.com\/es\/wp-json\/wp\/v2\/pages\/4167"}],"collection":[{"href":"https:\/\/nissantravelguide.com\/es\/wp-json\/wp\/v2\/pages"}],"about":[{"href":"https:\/\/nissantravelguide.com\/es\/wp-json\/wp\/v2\/types\/page"}],"author":[{"embeddable":true,"href":"https:\/\/nissantravelguide.com\/es\/wp-json\/wp\/v2\/users\/1"}],"replies":[{"embeddable":true,"href":"https:\/\/nissantravelguide.com\/es\/wp-json\/wp\/v2\/comments?post=4167"}],"version-history":[{"count":0,"href":"https:\/\/nissantravelguide.com\/es\/wp-json\/wp\/v2\/pages\/4167\/revisions"}],"up":[{"embeddable":true,"href":"https:\/\/nissantravelguide.com\/es\/wp-json\/wp\/v2\/pages\/2873"}],"wp:featuredmedia":[{"embeddable":true,"href":"https:\/\/nissantravelguide.com\/es\/wp-json\/wp\/v2\/media\/2931"}],"wp:attachment":[{"href":"https:\/\/nissantravelguide.com\/es\/wp-json\/wp\/v2\/media?parent=4167"}],"curies":[{"name":"wp","href":"https:\/\/api.w.org\/{rel}","templated":true}]}}