{"id":4265,"date":"2022-12-13T08:55:55","date_gmt":"2022-12-13T08:55:55","guid":{"rendered":"https:\/\/nissantravelguide.com\/terms-of-use\/"},"modified":"2023-01-27T09:55:39","modified_gmt":"2023-01-27T09:55:39","slug":"terms-of-use","status":"publish","type":"page","link":"https:\/\/nissantravelguide.com\/es\/terms-of-use\/","title":{"rendered":"Condiciones de uso"},"content":{"rendered":"<ol>\n<li>INTRODUCCI\u00d3N\n<ol>\n<li>Las siguientes condiciones rigen su uso de este sitio web (el \u201cSitio web\u201d) y, al acceder al Sitio web, usted acepta quedar vinculado por ellas. Si no acepta estas condiciones, abandone el Sitio web.<\/li>\n<li>Nissan Motor (GB) Limited, una empresa inscrita en Inglaterra y Gales con el n\u00famero de inscripci\u00f3n 02514418 (\u201cNissan\u201d, \u201cnosotros\u201d, \u201cnos\u201d o \u201cnuestro\u201d), le proporciona este Sitio web. Nuestro domicilio social se encuentra en The Rivers Office Park, Denham Way, Maple Cross, Rickmansworth, WD3\u00a09YS.<\/li>\n<li>Podremos cambiar estas condiciones en cualquier momento y sin previo aviso mediante la actualizaci\u00f3n de las condiciones en este Sitio web. Es su responsabilidad consultar las condiciones del Sitio web cada vez que entre en el mismo, para asegurarse de que conoce nuestras condiciones de uso m\u00e1s recientes. El hecho de que usted use este Sitio web despu\u00e9s de que se haya realizado un cambio en las condiciones implica su aceptaci\u00f3n de las condiciones modificadas.<\/li>\n<\/ol>\n<\/li>\n<li>USO DE NUESTRO SITIO WEB\n<ol>\n<li>Usted, en calidad de usuario de nuestro Sitio web (\u201custed\u201d, \u201csu\u201d y \u201csuyo\u201d), puede utilizarlo para su propio uso personal no comercial.<\/li>\n<li>El acceso a nuestro Sitio web se permite de forma temporal y nos reservamos el derecho a retirar o modificar el servicio sin previo aviso. Usted es responsable de disponer todo lo necesario para acceder a este Sitio web. Tambi\u00e9n es responsable de garantizar que todas las personas que accedan a nuestro Sitio web a trav\u00e9s de su conexi\u00f3n a Internet conozcan estas condiciones.<\/li>\n<li>No se le permite utilizar, ni hacer que otros utilicen, ning\u00fan sistema o software automatizado para extraer contenido o datos de nuestro Sitio web, excepto en los casos en que usted o un tercero correspondiente haya celebrado un acuerdo escrito con nosotros que permita expresamente dicha actividad.<\/li>\n<\/ol>\n<\/li>\n<li>RIESGO Y RESPONSABILIDAD\n<ol>\n<li>Nosotros solo somos responsables ante usted, en relaci\u00f3n con su uso de nuestro Sitio web, por p\u00e9rdidas que usted sufra como resultado directo de nuestro incumplimiento de estas condiciones. No seremos responsables de ning\u00fan da\u00f1o o p\u00e9rdida de car\u00e1cter indirecto, especial, incidental o consecuencial, ni de ninguna p\u00e9rdida comercial en la que incurra, incluidos, entre otros, la p\u00e9rdida de datos, el lucro cesante o la interrupci\u00f3n del negocio.<\/li>\n<li>No excluimos nuestra responsabilidad (si la hubiera) ante usted por:\n<ol>\n<li>lesiones f\u00edsicas o muerte como resultado de nuestra negligencia;<\/li>\n<li>fraude o tergiversaci\u00f3n fraudulenta; o<\/li>\n<li>cualquier asunto respecto al cual resultase ilegal excluir o intentar excluir nuestra responsabilidad.<\/li>\n<\/ol>\n<\/li>\n<li>Usted reconoce que no podemos garantizar que nuestro Sitio web:\n<ol>\n<li>permanezca igual, ya que podr\u00edamos cambiarlo o eliminarlo o hacer que el acceso a \u00e9l est\u00e9 sujeto a un proceso de registro o a cargos;<\/li>\n<li>sea compatible con todos o cualesquiera hardware o software que usted utilice;<\/li>\n<li>est\u00e9 disponible en todo momento o en un momento espec\u00edfico;<\/li>\n<li>sea preciso y actualizado; o<\/li>\n<li>est\u00e9 libre de errores o libre de virus, errores electr\u00f3nicos, troyanos u otros componentes da\u00f1inos, por lo que debe tomar sus propias precauciones en consecuencia.<\/li>\n<\/ol>\n<\/li>\n<li>Tambi\u00e9n reconoce que:\n<ol>\n<li>no podemos garantizar la velocidad o seguridad del Sitio web; y<\/li>\n<li>no seremos responsables de ning\u00fan da\u00f1o o p\u00e9rdida que sufra directa o indirectamente como resultado de cualquier ataque de virus cuyo origen pueda atribuirse a nuestro Sitio web, en la m\u00e1xima medida permitida por la ley.<\/li>\n<\/ol>\n<\/li>\n<\/ol>\n<\/li>\n<li>USO DE LA GU\u00cdA DE VIAJE\n<ol>\n<li>Nissan se esfuerza constantemente por mejorar sus productos. En consecuencia, toda la informaci\u00f3n de este sitio est\u00e1 sujeta a cambios y tiene un mero car\u00e1cter informativo en general.<\/li>\n<li>El contenido de este Sitio web, en su totalidad, e incluidas im\u00e1genes, texto, v\u00eddeos, mapas o sugerencias de ubicaciones y viajes por carretera, no es definitivo y est\u00e1 sujeto a cambios sin previo aviso.<\/li>\n<li>Usted reconoce que Nissan no puede ser considerado responsable de ninguna p\u00e9rdida, da\u00f1o o inconveniente en que se incurra por haber seguido las sugerencias de la Gu\u00eda de viaje.<\/li>\n<\/ol>\n<\/li>\n<li>PRODUCTOS Y PRECIOS\n<ol>\n<li>Nissan se esfuerza constantemente por mejorar sus productos. En consecuencia, toda la informaci\u00f3n de este sitio est\u00e1 sujeta a cambios y tiene un mero car\u00e1cter informativo en general.<\/li>\n<li>P\u00f3ngase en contacto con su concesionario Nissan autorizado local o, si es un cliente de flota, con su gestor de flota de \u00e1rea o con el centro de contacto para clientes de flota, para obtener la informaci\u00f3n m\u00e1s actualizada o m\u00e1s asesoramiento u orientaci\u00f3n antes de tomar cualquier medida bas\u00e1ndose en la informaci\u00f3n contenida o generada por nuestro Sitio web.<\/li>\n<li>Nosotros no seremos responsables de ninguna p\u00e9rdida o da\u00f1o que surja porque usted se base en cualquier informaci\u00f3n disponible en nuestro Sitio web para tomar una decisi\u00f3n, en la m\u00e1xima medida permitida por la ley.<\/li>\n<\/ol>\n<\/li>\n<li>PROPIEDAD INTELECTUAL\n<ol>\n<li>Nuestro Sitio web y toda la informaci\u00f3n, im\u00e1genes, fotograf\u00edas y dem\u00e1s contenidos mostrados en el Sitio web (\u201cMateriales\u201d) est\u00e1n protegidos por ciertos derechos. Estos derechos incluyen todas las patentes, derechos sobre invenciones, derechos de autor y derechos relacionados, derechos morales, marcas comerciales y marcas de servicio, nombres comerciales y nombres de dominio, fondo de comercio y el derecho a demanda por usurpaci\u00f3n o competencia desleal, derechos sobre dise\u00f1os y todos los dem\u00e1s derechos de propiedad intelectual, en cada caso tanto registrados como no (\u201cDerechos\u201d). Estos Derechos pertenecen directamente a Nissan o nos los otorgan bajo licencia sus respectivos propietarios o licenciantes.<\/li>\n<li>Usted no puede copiar nada en el sitio sin el permiso de Nissan. Solo se le concede el derecho a ver el sitio e imprimir Material desde \u00e9l. Solo puede hacerlo para su uso personal no comercial o para tomar decisiones informadas sobre los productos Nissan. No debe:\n<ol>\n<li>copiar, publicar ni modificar nada en el sitio ni revender informaci\u00f3n que haya visto o impreso desde \u00e9l;<\/li>\n<li>eliminar ning\u00fan aviso de derechos de autor ni dem\u00e1s avisos de propiedad contenidos en los Materiales;<\/li>\n<li>utilizar ning\u00fan Material de nuestro Sitio web de manera que pueda infringir cualquiera de nuestros Derechos o los Derechos de un tercero; ni<\/li>\n<li>reproducir, modificar, mostrar, ejecutar, publicar, distribuir, difundir, transmitir, simular, comunicar al p\u00fablico o hacer circular a terceros ni explotar nuestro Sitio web o los Materiales de manera alguna, incluido con cualquier fin comercial, sin nuestro consentimiento previo por escrito.<\/li>\n<\/ol>\n<\/li>\n<li>Cualquier uso del Sitio web o los Materiales de una manera no expresamente permitida por estas condiciones puede constituir una infracci\u00f3n de nuestros Derechos o de los Derechos de nuestros Licenciantes. Nosotros y nuestros Licenciantes nos reservamos el derecho de ejercer todos los derechos y recursos disponibles con respecto a cualquier infracci\u00f3n de los Derechos en el Sitio web o los Materiales accesibles en \u00e9l.<\/li>\n<\/ol>\n<\/li>\n<li>MARCAS COMERCIALES\n<ol>\n<li>Nos reservamos todos los Derechos sobre el nombre de dominio de nissantravelguide.com, as\u00ed como todos los dominios y subdominios relacionados, el nombre \u201cNissan\u201d, nuestro logotipo y nuestras marcas de servicio, nombres de marca, nombres comerciales o marcas comerciales que aparecen en el Sitio web. Otras marcas comerciales, productos y nombres de empresas mencionados en el Sitio web pueden ser marcas comerciales de sus respectivos propietarios o licenciantes, y los Derechos sobre dichas marcas est\u00e1n reservados para sus respectivos propietarios o licenciantes.<\/li>\n<li>Nada de lo contenido en estas condiciones debe interpretarse como una concesi\u00f3n de licencia o derecho a utilizar dicha marca comercial o nombre de dominio.<\/li>\n<\/ol>\n<\/li>\n<li>SU PRIVACIDAD\n<ol>\n<li>La privacidad de sus datos personales es importante para nosotros. Consulte nuestra Pol\u00edtica de privacidad, que forma parte de estas condiciones, para obtener detalles sobre c\u00f3mo trataremos sus datos personales.<\/li>\n<\/ol>\n<\/li>\n<li>NUESTRO USO DE COOKIES\n<ol>\n<li>Este Sitio web utiliza cookies. Consulte nuestra Pol\u00edtica de cookies, que forma parte de estas condiciones, para obtener m\u00e1s detalles.<\/li>\n<\/ol>\n<\/li>\n<li>CONTENIDO DE TERCEROS\n<ol>\n<li>Nuestro Sitio web o los Materiales pueden contener enlaces a sitios de empresas afiliadas y no afiliadas.<\/li>\n<li>Nissan no edita ni controla dichos sitios. Los enlaces a dichos sitios no constituir\u00e1n, en ning\u00fan caso, un aval nuestro ni una asociaci\u00f3n entre Nissan y dichos sitios, y Nissan no ser\u00e1 responsable de ning\u00fan contenido, producto, servicio, publicidad, de la exactitud, de opiniones u otros aspectos que se presenten en dichos sitios. El acceso a cualquier sitio afiliado o no afiliado y su uso est\u00e1 sujeto a las propias condiciones de uso y pol\u00edticas de privacidad de dicho sitio, y si decide visitar un sitio de terceros, lo hace bajo su propio riesgo.<\/li>\n<\/ol>\n<\/li>\n<li>ENLACES A NUESTRO SITIO WEB\n<ol>\n<li>Usted puede incluir un enlace a cualquier p\u00e1gina de nuestro Sitio web, con fines no comerciales, siempre que lo haga de una manera justa y legal y que no da\u00f1e nuestra reputaci\u00f3n ni se aproveche de ella.<\/li>\n<li>No debe incluir enlaces a nuestro Sitio web de manera que sugiera forma alguna de asociaci\u00f3n, aprobaci\u00f3n o aval por nuestra parte, cuando esta no exista.<\/li>\n<li>No debe eliminar, ocultar ni modificar de ninguna manera ning\u00fan anuncio, aviso de derechos de autor u otra informaci\u00f3n en nuestro Sitio web. Nuestro Sitio web no debe simularse en ning\u00fan otro sitio.<\/li>\n<li>Si desea incluir enlaces a nuestro Sitio web con fines comerciales o con cualquier fin no incluido anteriormente, p\u00f3ngase en contacto con nosotros utilizando los datos que se indican a continuaci\u00f3n.<\/li>\n<li>Nos reservamos el derecho de retirar el permiso de incluir enlaces en cualquier momento y sin previo aviso.<\/li>\n<\/ol>\n<\/li>\n<li>GENERAL\n<ol>\n<li>Usted no podr\u00e1 ceder, sublicenciar ni transferir de otro modo ninguno de sus derechos en virtud de estas condiciones.<\/li>\n<li>Si se determina que alguna disposici\u00f3n de estas condiciones no es v\u00e1lida por el motivo que fuere, la invalidez de dicha disposici\u00f3n no afectar\u00e1 a las disposiciones restantes de estas condiciones, que permanecer\u00e1n en pleno vigor y efecto.<\/li>\n<li>El hecho de que cualquiera de nosotros no ejerza alg\u00fan derecho o recurso en virtud de estas condiciones no constituye una renuncia a ese derecho o recurso.<\/li>\n<\/ol>\n<\/li>\n<li>LEY APLICABLE\n<ol>\n<li>Usted acepta que la legislaci\u00f3n francesa rige su uso del Sitio web y su relaci\u00f3n con Nissan, y acepta que los tribunales de Francia tengan competencia exclusiva sobre cualquier reclamaci\u00f3n que surja de, o est\u00e9 relacionada con, este Sitio web.<\/li>\n<\/ol>\n<\/li>\n<li>CONTACTE CON NOSOTROS\n<ol>\n<li>Si tiene alguna pregunta, ll\u00e1menos al 0330\u00a0123\u00a01231.<br \/>\nSi necesita llamarnos desde el extranjero o prefiere no utilizar nuestro n\u00famero publicado, llame al 0044\u00a0191\u00a0335\u00a02879.<br \/>\nNuestro horario de atenci\u00f3n es de 8:00\u00a0h a 20:00\u00a0h, de lunes a viernes, y de 8:00\u00a0h a 14:00\u00a0h los s\u00e1bados (excepto festivos). Fuera de este horario, puede dejar un mensaje y le llamaremos al siguiente d\u00eda laborable.<\/li>\n<\/ol>\n<\/li>\n<\/ol>\n","protected":false},"excerpt":{"rendered":"<p>INTRODUCCI\u00d3N Las siguientes condiciones rigen su uso de este sitio web (el \u201cSitio web\u201d) y, al acceder al Sitio web, usted acepta quedar vinculado por ellas. Si no acepta estas condiciones, abandone el Sitio web. Nissan Motor (GB) Limited, una empresa inscrita en Inglaterra y Gales con el n\u00famero de inscripci\u00f3n 02514418 (\u201cNissan\u201d, \u201cnosotros\u201d, \u201cnos\u201d [&hellip;]<\/p>\n","protected":false},"author":1,"featured_media":0,"parent":0,"menu_order":0,"comment_status":"closed","ping_status":"closed","template":"tpl-content.php","meta":{"_acf_changed":false,"footnotes":""},"acf":[],"aioseo_notices":[],"_links":{"self":[{"href":"https:\/\/nissantravelguide.com\/es\/wp-json\/wp\/v2\/pages\/4265"}],"collection":[{"href":"https:\/\/nissantravelguide.com\/es\/wp-json\/wp\/v2\/pages"}],"about":[{"href":"https:\/\/nissantravelguide.com\/es\/wp-json\/wp\/v2\/types\/page"}],"author":[{"embeddable":true,"href":"https:\/\/nissantravelguide.com\/es\/wp-json\/wp\/v2\/users\/1"}],"replies":[{"embeddable":true,"href":"https:\/\/nissantravelguide.com\/es\/wp-json\/wp\/v2\/comments?post=4265"}],"version-history":[{"count":3,"href":"https:\/\/nissantravelguide.com\/es\/wp-json\/wp\/v2\/pages\/4265\/revisions"}],"predecessor-version":[{"id":4553,"href":"https:\/\/nissantravelguide.com\/es\/wp-json\/wp\/v2\/pages\/4265\/revisions\/4553"}],"wp:attachment":[{"href":"https:\/\/nissantravelguide.com\/es\/wp-json\/wp\/v2\/media?parent=4265"}],"curies":[{"name":"wp","href":"https:\/\/api.w.org\/{rel}","templated":true}]}}