{"id":439,"date":"2022-06-24T09:42:29","date_gmt":"2022-06-24T09:42:29","guid":{"rendered":"https:\/\/nissantravelguide.com\/sobre\/"},"modified":"2023-01-23T14:14:52","modified_gmt":"2023-01-23T14:14:52","slug":"sobre","status":"publish","type":"page","link":"https:\/\/nissantravelguide.com\/es\/sobre\/","title":{"rendered":"Acerca de"},"content":{"rendered":"<h1>Sobre el proyecto<\/h1>\n<p>Conducir un coche el\u00e9ctrico no es solo una soluci\u00f3n de transporte: es una opci\u00f3n de estilo de vida. Por eso la Gu\u00eda de viaje en clave el\u00e9ctrica de Nissan est\u00e1 dise\u00f1ada para mejorar toda la experiencia de viaje, haci\u00e9ndola asombrosa y sostenible a la vez. Descubre aqu\u00ed las mejores atracciones locales a lo largo de pintorescas rutas de conducci\u00f3n, con muchos altos en el camino para recargar energ\u00edas por el camino.<\/p>\n<p><img loading=\"lazy\" decoding=\"async\" src=\"https:\/\/nissantravelguide.com\/wp-content\/uploads\/2022\/06\/Frame-329-1.png\" alt=\"\" width=\"716\" height=\"446\" \/><\/p>\n<h2>Sobre el Nissan Ariya<\/h2>\n<h3>Siente la emoci\u00f3n del 100 % el\u00e9ctrico<\/h3>\n<p>El Ariya marca un nuevo cap\u00edtulo para Nissan en su evoluci\u00f3n de la conducci\u00f3n el\u00e9ctrica, con un crossover coup\u00e9 totalmente el\u00e9ctrico que no solo reinventa el potencial de este tipo de veh\u00edculos, sino tambi\u00e9n c\u00f3mo se siente la gente al volante.<\/p>\n<p>Pensado para impulsar la transici\u00f3n a la conducci\u00f3n sin emisiones, el Ariya ofrece la mejor experiencia de conducci\u00f3n el\u00e9ctrica, al tiempo que est\u00e1 dise\u00f1ado ergon\u00f3micamente para ofrecer comodidad. Obt\u00e9n ms informaci\u00f3n aqu\u00ed:\u00a0<a href=\"https:\/\/www.nissan.es\/vehiculos\/nuevos-vehiculos\/ariya.html\" target=\"_blank\" rel=\"noopener\">https:\/\/www.nissan.es\/vehiculos\/nuevos-vehiculos\/ariya.html<\/a>.<\/p>\n<h2>Carga de tu coche el\u00e9ctro<\/h2>\n<p>Hay m\u00e1s de 40 000 estaciones de carga p\u00fablicas en Europa, incluidas m\u00e1s de 7000 que ofrecen servicios de carga r\u00e1pida, y esas cifras crecen cada d\u00eda. Aunque puedes encontrar una estaci\u00f3n en varios puntos a lo largo de tu ruta, hemos anotado las que est\u00e1n m\u00e1s cerca de las \u00e1reas de inter\u00e9s. Navega por el mapa para comenzar.<\/p>\n","protected":false},"excerpt":{"rendered":"<p>Sobre el proyecto Conducir un coche el\u00e9ctrico no es solo una soluci\u00f3n de transporte: es una opci\u00f3n de estilo de vida. Por eso la Gu\u00eda de viaje en clave el\u00e9ctrica de Nissan est\u00e1 dise\u00f1ada para mejorar toda la experiencia de viaje, haci\u00e9ndola asombrosa y sostenible a la vez. Descubre aqu\u00ed las mejores atracciones locales a [&hellip;]<\/p>\n","protected":false},"author":1,"featured_media":370,"parent":0,"menu_order":0,"comment_status":"closed","ping_status":"closed","template":"tpl-about.php","meta":{"_acf_changed":false,"footnotes":""},"acf":[],"aioseo_notices":[],"_links":{"self":[{"href":"https:\/\/nissantravelguide.com\/es\/wp-json\/wp\/v2\/pages\/439"}],"collection":[{"href":"https:\/\/nissantravelguide.com\/es\/wp-json\/wp\/v2\/pages"}],"about":[{"href":"https:\/\/nissantravelguide.com\/es\/wp-json\/wp\/v2\/types\/page"}],"author":[{"embeddable":true,"href":"https:\/\/nissantravelguide.com\/es\/wp-json\/wp\/v2\/users\/1"}],"replies":[{"embeddable":true,"href":"https:\/\/nissantravelguide.com\/es\/wp-json\/wp\/v2\/comments?post=439"}],"version-history":[{"count":8,"href":"https:\/\/nissantravelguide.com\/es\/wp-json\/wp\/v2\/pages\/439\/revisions"}],"predecessor-version":[{"id":4476,"href":"https:\/\/nissantravelguide.com\/es\/wp-json\/wp\/v2\/pages\/439\/revisions\/4476"}],"wp:featuredmedia":[{"embeddable":true,"href":"https:\/\/nissantravelguide.com\/es\/wp-json\/wp\/v2\/media\/370"}],"wp:attachment":[{"href":"https:\/\/nissantravelguide.com\/es\/wp-json\/wp\/v2\/media?parent=439"}],"curies":[{"name":"wp","href":"https:\/\/api.w.org\/{rel}","templated":true}]}}