{"id":4458,"date":"2022-11-02T16:25:22","date_gmt":"2022-11-02T16:25:22","guid":{"rendered":"https:\/\/nissantravelguide.com\/budapest\/tatabanya-electric-vehicle-charging-station-gyori-ut-35-2800-hungary\/"},"modified":"2022-11-02T16:25:22","modified_gmt":"2022-11-02T16:25:22","slug":"tatabanya-electric-vehicle-charging-station-gyori-ut-35-2800-hungary","status":"publish","type":"page","link":"https:\/\/nissantravelguide.com\/es\/budapest\/tatabanya-electric-vehicle-charging-station-gyori-ut-35-2800-hungary\/","title":{"rendered":"Tatab\u00e1nya, Electric Vehicle Charging Station, Gy\u0151ri \u00fat 35, 2800 Hungary"},"content":{"rendered":"","protected":false},"excerpt":{"rendered":"","protected":false},"author":1,"featured_media":0,"parent":2907,"menu_order":0,"comment_status":"closed","ping_status":"closed","template":"tpl-location.php","meta":{"_acf_changed":false,"footnotes":""},"acf":{"address":"Tatab\u00e1nya, Gy\u0151ri \u00fat 35, 2800 Hungary","location_type":"charging","map_link":"https:\/\/www.google.co.uk\/maps\/place\/Electric+Vehicle+Charging+Station\/@47.5937885,18.3858465,17z\/data=!3m1!4b1!4m5!3m4!1s0x476a418b25a24827:0x5c520063775853c0!8m2!3d47.5937885!4d18.3880405","trip_advisor":"","coordinates":{"latitude":"47.5937885","longitude":"18.3858465"},"charging_stations":null},"aioseo_notices":[],"_links":{"self":[{"href":"https:\/\/nissantravelguide.com\/es\/wp-json\/wp\/v2\/pages\/4458"}],"collection":[{"href":"https:\/\/nissantravelguide.com\/es\/wp-json\/wp\/v2\/pages"}],"about":[{"href":"https:\/\/nissantravelguide.com\/es\/wp-json\/wp\/v2\/types\/page"}],"author":[{"embeddable":true,"href":"https:\/\/nissantravelguide.com\/es\/wp-json\/wp\/v2\/users\/1"}],"replies":[{"embeddable":true,"href":"https:\/\/nissantravelguide.com\/es\/wp-json\/wp\/v2\/comments?post=4458"}],"version-history":[{"count":0,"href":"https:\/\/nissantravelguide.com\/es\/wp-json\/wp\/v2\/pages\/4458\/revisions"}],"up":[{"embeddable":true,"href":"https:\/\/nissantravelguide.com\/es\/wp-json\/wp\/v2\/pages\/2907"}],"wp:attachment":[{"href":"https:\/\/nissantravelguide.com\/es\/wp-json\/wp\/v2\/media?parent=4458"}],"curies":[{"name":"wp","href":"https:\/\/api.w.org\/{rel}","templated":true}]}}