{"id":461,"date":"2022-06-28T07:58:14","date_gmt":"2022-06-28T07:58:14","guid":{"rendered":"https:\/\/nissantravelguide.com\/estocolmo\/avicii-arena-ericsson-globe\/"},"modified":"2022-07-01T10:40:28","modified_gmt":"2022-07-01T10:40:28","slug":"avicii-arena-ericsson-globe","status":"publish","type":"page","link":"https:\/\/nissantravelguide.com\/es\/estocolmo\/avicii-arena-ericsson-globe\/","title":{"rendered":"Avicii Arena (Ericsson Globe)"},"content":{"rendered":"<p>Visita el Avicii Arena, el edificio esf\u00e9rico m\u00e1s grande del mundo, uno de los monumentos m\u00e1s emblem\u00e1ticos de Suecia. Anteriormente conocido como Ericsson Globe, representa el Sol en el Sistema Solar de Suecia (SSS), una serie de estructuras artificiales en todo el pa\u00eds que forman el modelo m\u00e1s grande del mundo de nuestro sistema planetario. Es la sede oficial del equipo nacional de hockey de Suecia, y sus amplios escenarios tambi\u00e9n han recibido a algunos de los artistas m\u00e1s importantes del mundo, incluidos los Rolling Stones, Beyonce, Madonna y el mismo Avicii. Mientras est\u00e9s all\u00ed, no te pierdas The Skyview, una cabina que recorre las murallas curvas del estadio y ofrece vistas espectaculares de la ciudad.<\/p>\n<p>El edificio cambi\u00f3 su nombre en 2021 en honor al prol\u00edfico DJ y productor, para aumentar la concienciaci\u00f3n sobre la salud mental.<\/p>\n","protected":false},"excerpt":{"rendered":"<p>Visita el Avicii Arena, el edificio esf\u00e9rico m\u00e1s grande del mundo, uno de los monumentos m\u00e1s emblem\u00e1ticos de Suecia. Anteriormente conocido como Ericsson Globe, representa el Sol en el Sistema Solar de Suecia (SSS), una serie de estructuras artificiales en todo el pa\u00eds que forman el modelo m\u00e1s grande del mundo de nuestro sistema planetario. [&hellip;]<\/p>\n","protected":false},"author":1,"featured_media":1075,"parent":331,"menu_order":0,"comment_status":"closed","ping_status":"closed","template":"tpl-location.php","meta":{"_acf_changed":false,"footnotes":""},"acf":{"address":"121 77 Johanneshov, Sweden","location_type":"interest","map_link":"https:\/\/www.google.com\/maps\/place\/Avicii+Arena\/@59.2935752,18.0813561,17z\/data=!3m1!4b1!4m5!3m4!1s0x465f7826c8abcc0f:0x1d7a9835ba7d7f96!8m2!3d59.2935725!4d18.0835501","trip_advisor":"https:\/\/www.tripadvisor.co.uk\/Attraction_Review-g189852-d3342231-Reviews-Avicii_Arena-Stockholm.html","coordinates":{"latitude":"59.2935752","longitude":"18.0813561"},"charging_stations":[{"charging_station":"11 kW Type 2"}]},"aioseo_notices":[],"_links":{"self":[{"href":"https:\/\/nissantravelguide.com\/es\/wp-json\/wp\/v2\/pages\/461"}],"collection":[{"href":"https:\/\/nissantravelguide.com\/es\/wp-json\/wp\/v2\/pages"}],"about":[{"href":"https:\/\/nissantravelguide.com\/es\/wp-json\/wp\/v2\/types\/page"}],"author":[{"embeddable":true,"href":"https:\/\/nissantravelguide.com\/es\/wp-json\/wp\/v2\/users\/1"}],"replies":[{"embeddable":true,"href":"https:\/\/nissantravelguide.com\/es\/wp-json\/wp\/v2\/comments?post=461"}],"version-history":[{"count":1,"href":"https:\/\/nissantravelguide.com\/es\/wp-json\/wp\/v2\/pages\/461\/revisions"}],"predecessor-version":[{"id":1078,"href":"https:\/\/nissantravelguide.com\/es\/wp-json\/wp\/v2\/pages\/461\/revisions\/1078"}],"up":[{"embeddable":true,"href":"https:\/\/nissantravelguide.com\/es\/wp-json\/wp\/v2\/pages\/331"}],"wp:featuredmedia":[{"embeddable":true,"href":"https:\/\/nissantravelguide.com\/es\/wp-json\/wp\/v2\/media\/1075"}],"wp:attachment":[{"href":"https:\/\/nissantravelguide.com\/es\/wp-json\/wp\/v2\/media?parent=461"}],"curies":[{"name":"wp","href":"https:\/\/api.w.org\/{rel}","templated":true}]}}