{"id":465,"date":"2022-06-28T08:00:16","date_gmt":"2022-06-28T08:00:16","guid":{"rendered":"https:\/\/nissantravelguide.com\/estocolmo\/parque-waldemarsudde\/"},"modified":"2022-12-13T11:04:50","modified_gmt":"2022-12-13T11:04:50","slug":"parque-waldemarsudde","status":"publish","type":"page","link":"https:\/\/nissantravelguide.com\/es\/estocolmo\/parque-waldemarsudde\/","title":{"rendered":"Parque Waldemarsudde"},"content":{"rendered":"<p><span data-sheets-value=\"{&quot;1&quot;:2,&quot;2&quot;:&quot;Parque Waldemarsudde \\r\\nImagina tu propia versi\u00f3n de Orgullo y prejuicio (la original, no la de los zombis...) en la antigua residencia real del parque Waldemarsudde. A menudo se le conoce como el \u201cmuseo de arte m\u00e1s hermoso de Suecia\u201d, algo bastante atrevido. Sin embargo, el parque en s\u00ed mismo lo corrobora con hermosos edificios rodeados de aguas tranquilas, impresionantes (y variados) jardines y much\u00edsimas esculturas impresionantes. \u00a1Y eso es antes de entrar a las galer\u00edas! Desear\u00e1s poder vivir all\u00ed, y no solo porque no podr\u00e1s ver todo lo que tiene que ofrecer en una sola visita...\\r&quot;}\" data-sheets-userformat=\"{&quot;2&quot;:7041,&quot;3&quot;:{&quot;1&quot;:0},&quot;10&quot;:2,&quot;11&quot;:4,&quot;12&quot;:0,&quot;14&quot;:{&quot;1&quot;:2,&quot;2&quot;:0},&quot;15&quot;:&quot;Verdana, sans-serif&quot;}\">Imagina tu propia versi\u00f3n de Orgullo y prejuicio (la original, no la de los zombis&#8230;) en la antigua residencia real del parque Waldemarsudde. A menudo se le conoce como el<\/span> \u201cmuseo<span data-sheets-value=\"{&quot;1&quot;:2,&quot;2&quot;:&quot;Parque Waldemarsudde \\r\\nImagina tu propia versi\u00f3n de Orgullo y prejuicio (la original, no la de los zombis...) en la antigua residencia real del parque Waldemarsudde. A menudo se le conoce como el \u201cmuseo de arte m\u00e1s hermoso de Suecia\u201d, algo bastante atrevido. Sin embargo, el parque en s\u00ed mismo lo corrobora con hermosos edificios rodeados de aguas tranquilas, impresionantes (y variados) jardines y much\u00edsimas esculturas impresionantes. \u00a1Y eso es antes de entrar a las galer\u00edas! Desear\u00e1s poder vivir all\u00ed, y no solo porque no podr\u00e1s ver todo lo que tiene que ofrecer en una sola visita...\\r&quot;}\" data-sheets-userformat=\"{&quot;2&quot;:7041,&quot;3&quot;:{&quot;1&quot;:0},&quot;10&quot;:2,&quot;11&quot;:4,&quot;12&quot;:0,&quot;14&quot;:{&quot;1&quot;:2,&quot;2&quot;:0},&quot;15&quot;:&quot;Verdana, sans-serif&quot;}\"> de arte m\u00e1s hermoso de Suecia\u201d, algo bastante atrevido. Sin embargo, el parque en s\u00ed mismo lo corrobora con hermosos edificios rodeados de aguas tranquilas, impresionantes (y variados) jardines y much\u00edsimas esculturas impresionantes. \u00a1Y eso es antes de entrar a las galer\u00edas! Desear\u00e1s poder vivir all\u00ed, y no solo porque no podr\u00e1s ver todo lo que tiene que ofrecer en una sola visita&#8230; <\/span><\/p>\n","protected":false},"excerpt":{"rendered":"<p>Imagina tu propia versi\u00f3n de Orgullo y prejuicio (la original, no la de los zombis&#8230;) en la antigua residencia real del parque Waldemarsudde. A menudo se le conoce como el \u201cmuseo de arte m\u00e1s hermoso de Suecia\u201d, algo bastante atrevido. Sin embargo, el parque en s\u00ed mismo lo corrobora con hermosos edificios rodeados de aguas [&hellip;]<\/p>\n","protected":false},"author":1,"featured_media":1160,"parent":331,"menu_order":12,"comment_status":"closed","ping_status":"closed","template":"tpl-location.php","meta":{"_acf_changed":false,"footnotes":""},"acf":{"address":"Prins Eugensv\u00e4g 6 Djurg\u00e5rden, Stockholm","location_type":"beauty","map_link":"https:\/\/www.google.co.uk\/maps\/search\/+Waldemarsudde+Park,+Prins+Eugensv%C3%A4g+6+Djurg%C3%A5rden,+Stockholm\/@59.3216148,18.1131338,17z\/data=!3m1!4b1","trip_advisor":"https:\/\/www.tripadvisor.co.uk\/Attraction_Review-g189852-d244312-Reviews-Prins_Eugens_Waldemarsudde-Stockholm.html","coordinates":{"latitude":"59.3216148","longitude":"18.1131338"},"charging_stations":[{"charging_station":"22 kW Type 2"}]},"aioseo_notices":[],"_links":{"self":[{"href":"https:\/\/nissantravelguide.com\/es\/wp-json\/wp\/v2\/pages\/465"}],"collection":[{"href":"https:\/\/nissantravelguide.com\/es\/wp-json\/wp\/v2\/pages"}],"about":[{"href":"https:\/\/nissantravelguide.com\/es\/wp-json\/wp\/v2\/types\/page"}],"author":[{"embeddable":true,"href":"https:\/\/nissantravelguide.com\/es\/wp-json\/wp\/v2\/users\/1"}],"replies":[{"embeddable":true,"href":"https:\/\/nissantravelguide.com\/es\/wp-json\/wp\/v2\/comments?post=465"}],"version-history":[{"count":1,"href":"https:\/\/nissantravelguide.com\/es\/wp-json\/wp\/v2\/pages\/465\/revisions"}],"predecessor-version":[{"id":1239,"href":"https:\/\/nissantravelguide.com\/es\/wp-json\/wp\/v2\/pages\/465\/revisions\/1239"}],"up":[{"embeddable":true,"href":"https:\/\/nissantravelguide.com\/es\/wp-json\/wp\/v2\/pages\/331"}],"wp:featuredmedia":[{"embeddable":true,"href":"https:\/\/nissantravelguide.com\/es\/wp-json\/wp\/v2\/media\/1160"}],"wp:attachment":[{"href":"https:\/\/nissantravelguide.com\/es\/wp-json\/wp\/v2\/media?parent=465"}],"curies":[{"name":"wp","href":"https:\/\/api.w.org\/{rel}","templated":true}]}}