{"id":466,"date":"2022-06-28T08:00:40","date_gmt":"2022-06-28T08:00:40","guid":{"rendered":"https:\/\/nissantravelguide.com\/estocolmo\/el-palacio-real\/"},"modified":"2022-12-13T11:06:05","modified_gmt":"2022-12-13T11:06:05","slug":"el-palacio-real","status":"publish","type":"page","link":"https:\/\/nissantravelguide.com\/es\/estocolmo\/el-palacio-real\/","title":{"rendered":"El Palacio Real"},"content":{"rendered":"<p>Conoce la rica historia de Suecia en el Palacio Real de Estocolmo, uno de los m\u00e1s grandes de Europa, con m\u00e1s de 600 habitaciones. El edificio del siglo XVIII, residencia oficial de Su Majestad el Rey de Suecia, est\u00e1 abierto al p\u00fablico y no ofrece solo uno o dos museos, sino cinco museos diferentes. Conoce varios artefactos magn\u00edficos mientras est\u00e1s all\u00ed, como el trono de plata de la Reina Cristina, el Museo de Antig\u00fcedades de Gustavo III, carruajes de coronaci\u00f3n y m\u00e1s. Y si te encanta el esplendor y el espect\u00e1culo, \u00a1no te puedes perder el desfile de soldados y el cambio diario de guardia!<\/p>\n<p>Despu\u00e9s de tu visita real, recarga energ\u00edas con una taza humeante en uno de los varios caf\u00e9s sostenibles del barrio, antes de dirigirte a explorar las estrechas calles circundantes de Gamla Stan (Ciudad Vieja de Estocolmo).<\/p>\n","protected":false},"excerpt":{"rendered":"<p>Conoce la rica historia de Suecia en el Palacio Real de Estocolmo, uno de los m\u00e1s grandes de Europa, con m\u00e1s de 600 habitaciones. El edificio del siglo XVIII, residencia oficial de Su Majestad el Rey de Suecia, est\u00e1 abierto al p\u00fablico y no ofrece solo uno o dos museos, sino cinco museos diferentes. Conoce [&hellip;]<\/p>\n","protected":false},"author":1,"featured_media":1193,"parent":331,"menu_order":15,"comment_status":"closed","ping_status":"closed","template":"tpl-location.php","meta":{"_acf_changed":false,"footnotes":""},"acf":{"address":"The Royal Palace, Kungliga slottet, 107 70 Stockholm, Sweden","location_type":"interest","map_link":"https:\/\/www.google.com\/maps\/place\/The+Royal+Palace\/@59.3268215,18.0695254,17z\/data=!3m1!4b1!4m5!3m4!1s0x465f9d587e4c4a01:0xbdf97a9648763e36!8m2!3d59.3268215!4d18.0717194","trip_advisor":"https:\/\/www.tripadvisor.co.uk\/Attraction_Review-g189852-d208173-Reviews-Royal_Palace-Stockholm.html","coordinates":{"latitude":"59.3268215","longitude":"18.0695254"},"charging_stations":[{"charging_station":"3.7 kW Type 2"}]},"aioseo_notices":[],"_links":{"self":[{"href":"https:\/\/nissantravelguide.com\/es\/wp-json\/wp\/v2\/pages\/466"}],"collection":[{"href":"https:\/\/nissantravelguide.com\/es\/wp-json\/wp\/v2\/pages"}],"about":[{"href":"https:\/\/nissantravelguide.com\/es\/wp-json\/wp\/v2\/types\/page"}],"author":[{"embeddable":true,"href":"https:\/\/nissantravelguide.com\/es\/wp-json\/wp\/v2\/users\/1"}],"replies":[{"embeddable":true,"href":"https:\/\/nissantravelguide.com\/es\/wp-json\/wp\/v2\/comments?post=466"}],"version-history":[{"count":1,"href":"https:\/\/nissantravelguide.com\/es\/wp-json\/wp\/v2\/pages\/466\/revisions"}],"predecessor-version":[{"id":1220,"href":"https:\/\/nissantravelguide.com\/es\/wp-json\/wp\/v2\/pages\/466\/revisions\/1220"}],"up":[{"embeddable":true,"href":"https:\/\/nissantravelguide.com\/es\/wp-json\/wp\/v2\/pages\/331"}],"wp:featuredmedia":[{"embeddable":true,"href":"https:\/\/nissantravelguide.com\/es\/wp-json\/wp\/v2\/media\/1193"}],"wp:attachment":[{"href":"https:\/\/nissantravelguide.com\/es\/wp-json\/wp\/v2\/media?parent=466"}],"curies":[{"name":"wp","href":"https:\/\/api.w.org\/{rel}","templated":true}]}}