{"id":467,"date":"2022-06-28T08:01:05","date_gmt":"2022-06-28T08:01:05","guid":{"rendered":"https:\/\/nissantravelguide.com\/estocolmo\/fotografiska\/"},"modified":"2022-12-13T11:06:34","modified_gmt":"2022-12-13T11:06:34","slug":"fotografiska","status":"publish","type":"page","link":"https:\/\/nissantravelguide.com\/es\/estocolmo\/fotografiska\/","title":{"rendered":"Fotografiska"},"content":{"rendered":"<p>Descubre nuevas perspectivas para cambiar tu enfoque en Fotografiska, el centro de fotograf\u00eda contempor\u00e1nea de Estocolmo. El museo, con su mezcla de eventos culturales, talleres y exposiciones de algunos de los fot\u00f3grafos m\u00e1s famosos del mundo, es un lugar de reuni\u00f3n popular tanto para residentes como para turistas. Los visitantes tambi\u00e9n pueden disfrutar de una gastronom\u00eda sublime y sostenible en su restaurante galardonado con una estrella Michelin, mientras disfrutan de unas vistas inolvidables de la ciudad.<\/p>\n<p>Consejo: Los veranos (de junio a agosto) son especialmente tentadores aqu\u00ed, con productos frescos a la parrilla, pizzas en horno de piedra y bebidas que se ofrecen en la soleada terraza.<\/p>\n","protected":false},"excerpt":{"rendered":"<p>Descubre nuevas perspectivas para cambiar tu enfoque en Fotografiska, el centro de fotograf\u00eda contempor\u00e1nea de Estocolmo. El museo, con su mezcla de eventos culturales, talleres y exposiciones de algunos de los fot\u00f3grafos m\u00e1s famosos del mundo, es un lugar de reuni\u00f3n popular tanto para residentes como para turistas. Los visitantes tambi\u00e9n pueden disfrutar de una [&hellip;]<\/p>\n","protected":false},"author":1,"featured_media":1069,"parent":331,"menu_order":16,"comment_status":"closed","ping_status":"closed","template":"tpl-location.php","meta":{"_acf_changed":false,"footnotes":""},"acf":{"address":"Stadsg\u00e5rdshamnen 22, 116 45 Stockholm, Sweden","location_type":"interest","map_link":"https:\/\/www.google.com\/maps\/place\/Fotografiska\/@59.3178442,18.0837164,17z\/data=!3m1!4b1!4m5!3m4!1s0x465f77f93374a385:0xc045ff16b9bceaa4!8m2!3d59.3178415!4d18.0859104","trip_advisor":"https:\/\/www.tripadvisor.co.uk\/Attraction_Review-g189852-d1804218-Reviews-Fotografiska_Stockholm-Stockholm.html","coordinates":{"latitude":"59.3178442","longitude":"18.0837164"},"charging_stations":[{"charging_station":"3.7 kW Type 2: Stigbergsgatan, 116 28 Parking Stockholm"}]},"aioseo_notices":[],"_links":{"self":[{"href":"https:\/\/nissantravelguide.com\/es\/wp-json\/wp\/v2\/pages\/467"}],"collection":[{"href":"https:\/\/nissantravelguide.com\/es\/wp-json\/wp\/v2\/pages"}],"about":[{"href":"https:\/\/nissantravelguide.com\/es\/wp-json\/wp\/v2\/types\/page"}],"author":[{"embeddable":true,"href":"https:\/\/nissantravelguide.com\/es\/wp-json\/wp\/v2\/users\/1"}],"replies":[{"embeddable":true,"href":"https:\/\/nissantravelguide.com\/es\/wp-json\/wp\/v2\/comments?post=467"}],"version-history":[{"count":1,"href":"https:\/\/nissantravelguide.com\/es\/wp-json\/wp\/v2\/pages\/467\/revisions"}],"predecessor-version":[{"id":1224,"href":"https:\/\/nissantravelguide.com\/es\/wp-json\/wp\/v2\/pages\/467\/revisions\/1224"}],"up":[{"embeddable":true,"href":"https:\/\/nissantravelguide.com\/es\/wp-json\/wp\/v2\/pages\/331"}],"wp:featuredmedia":[{"embeddable":true,"href":"https:\/\/nissantravelguide.com\/es\/wp-json\/wp\/v2\/media\/1069"}],"wp:attachment":[{"href":"https:\/\/nissantravelguide.com\/es\/wp-json\/wp\/v2\/media?parent=467"}],"curies":[{"name":"wp","href":"https:\/\/api.w.org\/{rel}","templated":true}]}}