{"id":580,"date":"2022-06-29T13:25:19","date_gmt":"2022-06-29T13:25:19","guid":{"rendered":"https:\/\/nissantravelguide.com\/estocolmo\/jardin-rosendals-restaurante\/"},"modified":"2022-12-13T11:00:00","modified_gmt":"2022-12-13T11:00:00","slug":"jardin-rosendals-restaurante","status":"publish","type":"page","link":"https:\/\/nissantravelguide.com\/es\/estocolmo\/jardin-rosendals-restaurante\/","title":{"rendered":"Jard\u00edn Rosendals Caf\u00e9"},"content":{"rendered":"<p>Si hay una mejor manera de comer de la granja a la mesa que sostener el tenedor sentados a una mesa dentro de la propia granja, no la hemos encontrado&#8230; Y eso es exactamente lo que obtendr\u00e1s cuando te dirijas al Rosendals Garden, un exuberante oasis en el coraz\u00f3n de la ciudad. Cultivan, cosechan y cocinan solo los productos de temporada m\u00e1s frescos. Todos los panes y boller\u00eda que sirven se elaboran a mano en su r\u00fastica panader\u00eda con horno de le\u00f1a. Adem\u00e1s, el caf\u00e9\/restaurante se encuentra en uno de los invernaderos (muy aut\u00e9ntico&#8230;). Puedes abrir el apetito antes de sentarte a comer explorando el huerto de manzanas, el jard\u00edn de rosas, el vi\u00f1edo o la tienda de la granja. En serio, \u00bfqu\u00e9 es lo que no tienen? No es de extra\u00f1ar que sea muy popular entre los lugare\u00f1os.<\/p>\n<p>Consejo superior: Aseg\u00farate de planificar\/reservar con anticipaci\u00f3n, ya que los horarios de apertura var\u00edan a lo largo de la temporada.<\/p>\n","protected":false},"excerpt":{"rendered":"<p>Si hay una mejor manera de comer de la granja a la mesa que sostener el tenedor sentados a una mesa dentro de la propia granja, no la hemos encontrado&#8230; Y eso es exactamente lo que obtendr\u00e1s cuando te dirijas al Rosendals Garden, un exuberante oasis en el coraz\u00f3n de la ciudad. Cultivan, cosechan y [&hellip;]<\/p>\n","protected":false},"author":1,"featured_media":1188,"parent":331,"menu_order":0,"comment_status":"closed","ping_status":"closed","template":"tpl-location.php","meta":{"_acf_changed":false,"footnotes":""},"acf":{"address":"Rosendalsv\u00e4gen 38, 115 21 Stockholm, Sweden","location_type":"restaurant","map_link":"https:\/\/www.google.co.uk\/maps\/place\/Rosendals+Tr%C3%A4dg%C3%A5rd\/@59.3273793,18.1131602,17z\/data=!3m1!4b1!4m5!3m4!1s0x465f82aee0533d3d:0x9216b8ab25417838!8m2!3d59.3273766!4d18.1153542","trip_advisor":"https:\/\/www.tripadvisor.co.uk\/Attraction_Review-g189852-d313587-Reviews-Rosendals_Garden-Stockholm.html","coordinates":{"latitude":"59.3273793","longitude":"18.1131602"},"charging_stations":[{"charging_station":"3.7 kW Type 2: Djurg\u00e5rden, 115 21 Stockholm, Sweden"}]},"aioseo_notices":[],"_links":{"self":[{"href":"https:\/\/nissantravelguide.com\/es\/wp-json\/wp\/v2\/pages\/580"}],"collection":[{"href":"https:\/\/nissantravelguide.com\/es\/wp-json\/wp\/v2\/pages"}],"about":[{"href":"https:\/\/nissantravelguide.com\/es\/wp-json\/wp\/v2\/types\/page"}],"author":[{"embeddable":true,"href":"https:\/\/nissantravelguide.com\/es\/wp-json\/wp\/v2\/users\/1"}],"replies":[{"embeddable":true,"href":"https:\/\/nissantravelguide.com\/es\/wp-json\/wp\/v2\/comments?post=580"}],"version-history":[{"count":2,"href":"https:\/\/nissantravelguide.com\/es\/wp-json\/wp\/v2\/pages\/580\/revisions"}],"predecessor-version":[{"id":1267,"href":"https:\/\/nissantravelguide.com\/es\/wp-json\/wp\/v2\/pages\/580\/revisions\/1267"}],"up":[{"embeddable":true,"href":"https:\/\/nissantravelguide.com\/es\/wp-json\/wp\/v2\/pages\/331"}],"wp:featuredmedia":[{"embeddable":true,"href":"https:\/\/nissantravelguide.com\/es\/wp-json\/wp\/v2\/media\/1188"}],"wp:attachment":[{"href":"https:\/\/nissantravelguide.com\/es\/wp-json\/wp\/v2\/media?parent=580"}],"curies":[{"name":"wp","href":"https:\/\/api.w.org\/{rel}","templated":true}]}}