{"id":591,"date":"2022-06-29T13:31:28","date_gmt":"2022-06-29T13:31:28","guid":{"rendered":"https:\/\/nissantravelguide.com\/el-hotel-hobo-restaurante\/"},"modified":"2022-12-13T10:59:15","modified_gmt":"2022-12-13T10:59:15","slug":"el-hotel-hobo-restaurante","status":"publish","type":"page","link":"https:\/\/nissantravelguide.com\/es\/estocolmo\/el-hotel-hobo-restaurante\/","title":{"rendered":"HOBO\u00a0Restaurante"},"content":{"rendered":"<p>\u00bfBuscas una experiencia de viaje urbana como ninguna otra? Entonces este hotel boutique es el ideal para ti. Su ubicaci\u00f3n c\u00e9ntrica, su sencillez y su aire tan escandinavo, te proporcionar\u00e1n un emplazamiento \u00fanico desde el que descubrir Estocolmo. Tambi\u00e9n hay muchos motivos por los que quedarse, ya que el hotel recibe regularmente artistas y startups locales.<\/p>\n<p>HOBO cuenta adem\u00e1s con todas las credenciales necesarias para formar parte de tus viajes sostenibles, desde sus pr\u00e1cticas de limpieza que ahorran m\u00e1s de 100 000 litros cada a\u00f1o hasta los servicios de alquiler de bicicletas que te ofrecen una forma m\u00e1s ecol\u00f3gica de explorar el barrio. Ah, y las cocinas solo trabajan con los mejores productos de temporada de origen local. Probablemente sea el \u00fanico lugar donde encontrar\u00e1s ingredientes para el desayuno reciclados para hacer que la hora de c\u00f3ctel sea especial. \u00bfQu\u00e9 pedir? \u00a1Prueba el \u201cCereal Killer\u201d cuando hagas este alto en el camino!<\/p>\n","protected":false},"excerpt":{"rendered":"<p>\u00bfBuscas una experiencia de viaje urbana como ninguna otra? Entonces este hotel boutique es el ideal para ti. Su ubicaci\u00f3n c\u00e9ntrica, su sencillez y su aire tan escandinavo, te proporcionar\u00e1n un emplazamiento \u00fanico desde el que descubrir Estocolmo. Tambi\u00e9n hay muchos motivos por los que quedarse, ya que el hotel recibe regularmente artistas y startups [&hellip;]<\/p>\n","protected":false},"author":1,"featured_media":1097,"parent":331,"menu_order":0,"comment_status":"closed","ping_status":"closed","template":"tpl-location.php","meta":{"_acf_changed":false,"footnotes":""},"acf":{"address":"S\u00f6dra Blasieholmshamnen 8, Norrmalm, Stockholm","location_type":"restaurant","map_link":"https:\/\/goo.gl\/maps\/8icteL7gAz2Wzr1e8","trip_advisor":"https:\/\/www.tripadvisor.co.uk\/Hotel_Review-g189852-d10847243-Reviews-Hobo-Stockholm.html","coordinates":{"latitude":"59.3279317","longitude":"18.038513"},"charging_stations":[{"charging_station":"3.7 kW Type 2: Hamngatan 37, 111 53 Stockholm, Sweden"}]},"aioseo_notices":[],"_links":{"self":[{"href":"https:\/\/nissantravelguide.com\/es\/wp-json\/wp\/v2\/pages\/591"}],"collection":[{"href":"https:\/\/nissantravelguide.com\/es\/wp-json\/wp\/v2\/pages"}],"about":[{"href":"https:\/\/nissantravelguide.com\/es\/wp-json\/wp\/v2\/types\/page"}],"author":[{"embeddable":true,"href":"https:\/\/nissantravelguide.com\/es\/wp-json\/wp\/v2\/users\/1"}],"replies":[{"embeddable":true,"href":"https:\/\/nissantravelguide.com\/es\/wp-json\/wp\/v2\/comments?post=591"}],"version-history":[{"count":2,"href":"https:\/\/nissantravelguide.com\/es\/wp-json\/wp\/v2\/pages\/591\/revisions"}],"predecessor-version":[{"id":1272,"href":"https:\/\/nissantravelguide.com\/es\/wp-json\/wp\/v2\/pages\/591\/revisions\/1272"}],"up":[{"embeddable":true,"href":"https:\/\/nissantravelguide.com\/es\/wp-json\/wp\/v2\/pages\/331"}],"wp:featuredmedia":[{"embeddable":true,"href":"https:\/\/nissantravelguide.com\/es\/wp-json\/wp\/v2\/media\/1097"}],"wp:attachment":[{"href":"https:\/\/nissantravelguide.com\/es\/wp-json\/wp\/v2\/media?parent=591"}],"curies":[{"name":"wp","href":"https:\/\/api.w.org\/{rel}","templated":true}]}}