{"id":5978,"date":"2023-07-27T07:16:26","date_gmt":"2023-07-27T07:16:26","guid":{"rendered":"https:\/\/nissantravelguide.com\/bisos\/"},"modified":"2023-07-27T07:16:46","modified_gmt":"2023-07-27T07:16:46","slug":"bisos","status":"publish","type":"page","link":"https:\/\/nissantravelguide.com\/es\/cerdena\/bisos\/","title":{"rendered":"Bisos"},"content":{"rendered":"<p class=\"p1\">\u00a1Bisos es un ecoretiro boutique rebosante de historia y encanto! Ubicado en un edificio del siglo XIX que en su d\u00eda fue un animado bazar y una bulliciosa f\u00e1brica de bebidas, este lugar tiene historias que contar. Escondido en el pintoresco pueblo de Paulitano, podr\u00e1s disfrutar de delicias culinarias caseras procedentes directamente de los tesoros locales. Y eso no es todo: te esperan seis apartamentos bellamente amueblados, adornados con materiales ecol\u00f3gicos que combinan sostenibilidad y estilo.<\/p>\n<p class=\"p1\">Pero Bisos es algo m\u00e1s que lo que se ve. Este hotel, recientemente renovado para adoptar los principios de la construcci\u00f3n ecol\u00f3gica, se encuentra en perfecta armon\u00eda con el mundo natural que lo rodea. Sum\u00e9rgete en el ambiente tranquilo, rel\u00e1jate y emp\u00e1pate de rejuvenecedora energ\u00eda.<span class=\"Apple-converted-space\">\u00a0 <\/span>Bisos te ofrece una escapada inolvidable, donde la belleza de la naturaleza se encuentra con las comodidades de la hospitalidad moderna.<\/p>\n","protected":false},"excerpt":{"rendered":"<p>\u00a1Bisos es un ecoretiro boutique rebosante de historia y encanto! Ubicado en un edificio del siglo XIX que en su d\u00eda fue un animado bazar y una bulliciosa f\u00e1brica de bebidas, este lugar tiene historias que contar. Escondido en el pintoresco pueblo de Paulitano, podr\u00e1s disfrutar de delicias culinarias caseras procedentes directamente de los tesoros [&hellip;]<\/p>\n","protected":false},"author":1,"featured_media":5389,"parent":6009,"menu_order":0,"comment_status":"closed","ping_status":"closed","template":"tpl-location.php","meta":{"_acf_changed":false,"footnotes":""},"acf":{"address":"Via Roma, 1, 09070 Paulilatino OR, Italy","location_type":"hotel","map_link":"https:\/\/www.google.com\/maps\/place\/Bisos\/@40.0833733,8.7286414,14z\/data=!4m19!1m9!2m8!1sHotels!3m6!1sHotels!2s09070+Paulilatino,+Province+of+Oristano,+Italy!3s0x12ddb969500f2c2d:0xf6df35c13449438!4m2!1d8.7623754!2d40.082333!3m8!1s0x12ddb969567d6d25:0x6c32535287b7157b!5m2!4m1!1i2!8m2!3d40.0838514!4d8.7643411!16s%2Fg%2F11fkm88c68?entry=ttu","trip_advisor":"https:\/\/www.tripadvisor.it\/Hotel_Review-g1888228-d17325702-Reviews-Bisos_Ospitalita_diffusa_ecosostenibile-Paulilatino_Oristano_Province_of_Oristano_Sa.html","coordinates":{"latitude":"40.0833733","longitude":"8.7286414"},"charging_stations":[{"charging_station":"CHAdeMO 50kW, CCS 50kW, Type 2 34.9kW, Type 2 14kW: 09071 Abbasanta, Province of Oristano, Italy, (5.7km \/ 7-min)"}]},"aioseo_notices":[],"_links":{"self":[{"href":"https:\/\/nissantravelguide.com\/es\/wp-json\/wp\/v2\/pages\/5978"}],"collection":[{"href":"https:\/\/nissantravelguide.com\/es\/wp-json\/wp\/v2\/pages"}],"about":[{"href":"https:\/\/nissantravelguide.com\/es\/wp-json\/wp\/v2\/types\/page"}],"author":[{"embeddable":true,"href":"https:\/\/nissantravelguide.com\/es\/wp-json\/wp\/v2\/users\/1"}],"replies":[{"embeddable":true,"href":"https:\/\/nissantravelguide.com\/es\/wp-json\/wp\/v2\/comments?post=5978"}],"version-history":[{"count":1,"href":"https:\/\/nissantravelguide.com\/es\/wp-json\/wp\/v2\/pages\/5978\/revisions"}],"predecessor-version":[{"id":5979,"href":"https:\/\/nissantravelguide.com\/es\/wp-json\/wp\/v2\/pages\/5978\/revisions\/5979"}],"up":[{"embeddable":true,"href":"https:\/\/nissantravelguide.com\/es\/wp-json\/wp\/v2\/pages\/6009"}],"wp:featuredmedia":[{"embeddable":true,"href":"https:\/\/nissantravelguide.com\/es\/wp-json\/wp\/v2\/media\/5389"}],"wp:attachment":[{"href":"https:\/\/nissantravelguide.com\/es\/wp-json\/wp\/v2\/media?parent=5978"}],"curies":[{"name":"wp","href":"https:\/\/api.w.org\/{rel}","templated":true}]}}