{"id":5980,"date":"2023-07-27T07:17:09","date_gmt":"2023-07-27T07:17:09","guid":{"rendered":"https:\/\/nissantravelguide.com\/resort-spa-le-dune\/"},"modified":"2023-07-27T07:17:09","modified_gmt":"2023-07-27T07:17:09","slug":"resort-spa-le-dune","status":"publish","type":"page","link":"https:\/\/nissantravelguide.com\/es\/cerdena\/resort-spa-le-dune\/","title":{"rendered":"Resort &#038; Spa Le Dune"},"content":{"rendered":"<p class=\"p1\">Este destino, situado en una posici\u00f3n envidiable en la costa norte de Cerde\u00f1a, cautiva a los viajeros con sus impresionantes dunas de arena, sus pr\u00edstinas playas y un sinf\u00edn de atracciones para todos los gustos. El complejo es una colecci\u00f3n de cinco hoteles de cuatro estrellas, y cada uno de ellos ofrece encantadoras vistas del golfo de Asinara en direcci\u00f3n a C\u00f3rcega. Adem\u00e1s, el complejo cuenta con una impresionante selecci\u00f3n de nueve restaurantes, que tentar\u00e1n tu paladar con deliciosa cocina sarda y mediterr\u00e1nea. Los talentosos chefs elaboran con habilidad platos con ingredientes locales, y el resultado son obras maestras culinarias que muestran los sabores de la regi\u00f3n.<\/p>\n","protected":false},"excerpt":{"rendered":"<p>Este destino, situado en una posici\u00f3n envidiable en la costa norte de Cerde\u00f1a, cautiva a los viajeros con sus impresionantes dunas de arena, sus pr\u00edstinas playas y un sinf\u00edn de atracciones para todos los gustos. El complejo es una colecci\u00f3n de cinco hoteles de cuatro estrellas, y cada uno de ellos ofrece encantadoras vistas del [&hellip;]<\/p>\n","protected":false},"author":1,"featured_media":5400,"parent":6009,"menu_order":0,"comment_status":"closed","ping_status":"closed","template":"tpl-location.php","meta":{"_acf_changed":false,"footnotes":""},"acf":{"address":"07030 Li Junchi Province of Sassari, Italy","location_type":"hotel","map_link":"https:\/\/www.google.com\/maps\/place\/Resort+&+SPA+Le+Dune\/@40.9768541,8.8420096,15z\/data=!3m1!4b1!4m9!3m8!1s0x12dbf50958859e63:0x28b4448ddb240046!5m2!4m1!1i2!8m2!3d40.9768394!4d8.8604636!16s\/g\/1tfn6b_v?entry=ttu","trip_advisor":"https:\/\/www.tripadvisor.co.uk\/Hotel_Review-g608905-d486598-Reviews-Resort_Spa_Le_Dune-Badesi_Province_of_Olbia_Tempio_Sardinia.html","coordinates":{"latitude":"40.9768541","longitude":"8.8420096"},"charging_stations":[{"charging_station":"Type 2 23kW, Type 2 21kW: 07030 Li Junchi Province of Sassari, Italy (450 Mtrs \/ 2-min)"}]},"aioseo_notices":[],"_links":{"self":[{"href":"https:\/\/nissantravelguide.com\/es\/wp-json\/wp\/v2\/pages\/5980"}],"collection":[{"href":"https:\/\/nissantravelguide.com\/es\/wp-json\/wp\/v2\/pages"}],"about":[{"href":"https:\/\/nissantravelguide.com\/es\/wp-json\/wp\/v2\/types\/page"}],"author":[{"embeddable":true,"href":"https:\/\/nissantravelguide.com\/es\/wp-json\/wp\/v2\/users\/1"}],"replies":[{"embeddable":true,"href":"https:\/\/nissantravelguide.com\/es\/wp-json\/wp\/v2\/comments?post=5980"}],"version-history":[{"count":0,"href":"https:\/\/nissantravelguide.com\/es\/wp-json\/wp\/v2\/pages\/5980\/revisions"}],"up":[{"embeddable":true,"href":"https:\/\/nissantravelguide.com\/es\/wp-json\/wp\/v2\/pages\/6009"}],"wp:featuredmedia":[{"embeddable":true,"href":"https:\/\/nissantravelguide.com\/es\/wp-json\/wp\/v2\/media\/5400"}],"wp:attachment":[{"href":"https:\/\/nissantravelguide.com\/es\/wp-json\/wp\/v2\/media?parent=5980"}],"curies":[{"name":"wp","href":"https:\/\/api.w.org\/{rel}","templated":true}]}}