{"id":5982,"date":"2023-07-27T07:17:42","date_gmt":"2023-07-27T07:17:42","guid":{"rendered":"https:\/\/nissantravelguide.com\/rifugio-di-mare\/"},"modified":"2023-07-27T07:17:42","modified_gmt":"2023-07-27T07:17:42","slug":"rifugio-di-mare","status":"publish","type":"page","link":"https:\/\/nissantravelguide.com\/es\/cerdena\/rifugio-di-mare\/","title":{"rendered":"Rifugio di Mare"},"content":{"rendered":"<p>Este hotel, con un nombre muy apropiado que literalmente significa \u201cretiro en el mar\u201d, ofrece unas impresionantes vistas de los acantilados cerca de Alghero. Con siete encantadoras habitaciones destinadas a todo tipo de hu\u00e9spedes, incluidas familias y viajeros en solitario, sirve como punto de partida ideal para explorar el paisaje circundante. Recarga energ\u00eda para tus aventuras con el desayuno y la cena que se incluyen, para que nunca empieces con el est\u00f3mago vac\u00edo. \u00bfA punto para una aventura? \u00a0Emb\u00e1rcate en emocionantes visitas guiadas y excursiones que desvelan los secretos de la zona, y permiten que te sumerjas en su esplendor natural. Prep\u00e1rate para crear recuerdos inolvidables con este impresionante paisaje como tel\u00f3n de fondo.<\/p>\n","protected":false},"excerpt":{"rendered":"<p>Este hotel, con un nombre muy apropiado que literalmente significa \u201cretiro en el mar\u201d, ofrece unas impresionantes vistas de los acantilados cerca de Alghero. Con siete encantadoras habitaciones destinadas a todo tipo de hu\u00e9spedes, incluidas familias y viajeros en solitario, sirve como punto de partida ideal para explorar el paisaje circundante. Recarga energ\u00eda para tus [&hellip;]<\/p>\n","protected":false},"author":1,"featured_media":5459,"parent":6009,"menu_order":0,"comment_status":"closed","ping_status":"closed","template":"tpl-location.php","meta":{"_acf_changed":false,"footnotes":""},"acf":{"address":"Strada Statale 127 bis, 62, 07041 Maristella SS, Italy","location_type":"hotel","map_link":"https:\/\/www.google.com\/maps\/place\/Rifugio+di+Mare\/@40.5727961,8.1888315,14z\/data=!4m9!3m8!1s0x12dc6e014ade055b:0xdae7fea0df5352ea!5m2!4m1!1i2!8m2!3d40.5703115!4d8.2041553!16s%2Fg%2F11pzyqq1h7?entry=ttu","trip_advisor":"https:\/\/www.tripadvisor.it\/Restaurant_Review-g187880-d24033400-Reviews-Rifugio_Di_Mare-Alghero_Province_of_Sassari_Sardinia.html","coordinates":{"latitude":"40.5727961","longitude":"8.1888315"},"charging_stations":[{"charging_station":"Type 2 22kW: Strada Provinciale 44, 07041 Alghero SS, Italy (14.7km \/ 28-min)"}]},"aioseo_notices":[],"_links":{"self":[{"href":"https:\/\/nissantravelguide.com\/es\/wp-json\/wp\/v2\/pages\/5982"}],"collection":[{"href":"https:\/\/nissantravelguide.com\/es\/wp-json\/wp\/v2\/pages"}],"about":[{"href":"https:\/\/nissantravelguide.com\/es\/wp-json\/wp\/v2\/types\/page"}],"author":[{"embeddable":true,"href":"https:\/\/nissantravelguide.com\/es\/wp-json\/wp\/v2\/users\/1"}],"replies":[{"embeddable":true,"href":"https:\/\/nissantravelguide.com\/es\/wp-json\/wp\/v2\/comments?post=5982"}],"version-history":[{"count":0,"href":"https:\/\/nissantravelguide.com\/es\/wp-json\/wp\/v2\/pages\/5982\/revisions"}],"up":[{"embeddable":true,"href":"https:\/\/nissantravelguide.com\/es\/wp-json\/wp\/v2\/pages\/6009"}],"wp:featuredmedia":[{"embeddable":true,"href":"https:\/\/nissantravelguide.com\/es\/wp-json\/wp\/v2\/media\/5459"}],"wp:attachment":[{"href":"https:\/\/nissantravelguide.com\/es\/wp-json\/wp\/v2\/media?parent=5982"}],"curies":[{"name":"wp","href":"https:\/\/api.w.org\/{rel}","templated":true}]}}