{"id":5983,"date":"2023-07-27T07:17:57","date_gmt":"2023-07-27T07:17:57","guid":{"rendered":"https:\/\/nissantravelguide.com\/azienda-agrituristica-sa-mandra\/"},"modified":"2023-07-27T07:17:57","modified_gmt":"2023-07-27T07:17:57","slug":"azienda-agrituristica-sa-mandra","status":"publish","type":"page","link":"https:\/\/nissantravelguide.com\/es\/cerdena\/azienda-agrituristica-sa-mandra\/","title":{"rendered":"Azienda Agrituristica Sa Mandra"},"content":{"rendered":"<p>Todas las habitaciones de este lugar est\u00e1n maravillosamente amuebladas con el aut\u00e9ntico estilo sardo, lo que garantiza una estancia verdaderamente relajante. Sa Mandra, adem\u00e1s de c\u00f3modos alojamientos, cuenta con un delicioso restaurante en el que se sirven apetitosos platos sardos elaborados con ingredientes de origen \u00e9tico. La propiedad tambi\u00e9n alberga un museo dedicado a las tradiciones \u00fanicas de la isla, y los hu\u00e9spedes tienen la oportunidad de relacionarse con el terroir sardo con clases de cocina y catas de vino.<\/p>\n","protected":false},"excerpt":{"rendered":"<p>Todas las habitaciones de este lugar est\u00e1n maravillosamente amuebladas con el aut\u00e9ntico estilo sardo, lo que garantiza una estancia verdaderamente relajante. Sa Mandra, adem\u00e1s de c\u00f3modos alojamientos, cuenta con un delicioso restaurante en el que se sirven apetitosos platos sardos elaborados con ingredientes de origen \u00e9tico. La propiedad tambi\u00e9n alberga un museo dedicado a las [&hellip;]<\/p>\n","protected":false},"author":1,"featured_media":5422,"parent":6009,"menu_order":0,"comment_status":"closed","ping_status":"closed","template":"tpl-location.php","meta":{"_acf_changed":false,"footnotes":""},"acf":{"address":"Strada Provinciale 44, 1, 07041 Alghero SS, Italy","location_type":"hotel","map_link":"https:\/\/www.google.com\/maps\/place\/Azienda+Agrituristica+Sa+Mandra\/@40.6524505,8.2977132,17z\/data=!3m1!4b1!4m9!3m8!1s0x12dcedc3c3eefd81:0xc751fbc807ed9cad!5m2!4m1!1i2!8m2!3d40.6524505!4d8.2977132!16s%2Fg%2F1tgv8y66?entry=ttu","trip_advisor":"https:\/\/www.tripadvisor.it\/Hotel_Review-g187880-d6508810-Reviews-Azienda_Agrituristica_Sa_Mandra-Alghero_Province_of_Sassari_Sardinia.html","coordinates":{"latitude":"40.6524505","longitude":"8.2977132"},"charging_stations":[{"charging_station":"Type 2 23kW: Localit\u00e0 sa Segada, 07041 Alghero SS, Italy (2.9km \/ 5-min)"}]},"aioseo_notices":[],"_links":{"self":[{"href":"https:\/\/nissantravelguide.com\/es\/wp-json\/wp\/v2\/pages\/5983"}],"collection":[{"href":"https:\/\/nissantravelguide.com\/es\/wp-json\/wp\/v2\/pages"}],"about":[{"href":"https:\/\/nissantravelguide.com\/es\/wp-json\/wp\/v2\/types\/page"}],"author":[{"embeddable":true,"href":"https:\/\/nissantravelguide.com\/es\/wp-json\/wp\/v2\/users\/1"}],"replies":[{"embeddable":true,"href":"https:\/\/nissantravelguide.com\/es\/wp-json\/wp\/v2\/comments?post=5983"}],"version-history":[{"count":0,"href":"https:\/\/nissantravelguide.com\/es\/wp-json\/wp\/v2\/pages\/5983\/revisions"}],"up":[{"embeddable":true,"href":"https:\/\/nissantravelguide.com\/es\/wp-json\/wp\/v2\/pages\/6009"}],"wp:featuredmedia":[{"embeddable":true,"href":"https:\/\/nissantravelguide.com\/es\/wp-json\/wp\/v2\/media\/5422"}],"wp:attachment":[{"href":"https:\/\/nissantravelguide.com\/es\/wp-json\/wp\/v2\/media?parent=5983"}],"curies":[{"name":"wp","href":"https:\/\/api.w.org\/{rel}","templated":true}]}}