{"id":5984,"date":"2023-07-27T07:18:11","date_gmt":"2023-07-27T07:18:11","guid":{"rendered":"https:\/\/nissantravelguide.com\/ecoparco-neule\/"},"modified":"2023-07-27T07:18:11","modified_gmt":"2023-07-27T07:18:11","slug":"ecoparco-neule","status":"publish","type":"page","link":"https:\/\/nissantravelguide.com\/es\/cerdena\/ecoparco-neule\/","title":{"rendered":"Ecoparco Neule"},"content":{"rendered":"<p>\u00bfBuscas una estancia respetuosa con el medio ambiente, acompa\u00f1ada de unas vistas impresionantes y una deliciosa comida de origen local? Entonces, \u00a1Ecoparco Neul\u00e8 es para ti! Con impresionantes vistas al fondo del lago Cedrino y del paisaje virgen que le rodea, con esta ubicaci\u00f3n no tendr\u00e1s ninguna duda sobre la incre\u00edblemente pintoresca naturaleza de la isla. No obstante, las vistas no son lo \u00fanico que ofrece este lugar. El parque est\u00e1 situado muy cerca del golfo de Orosei y de algunas de las mejores playas de Cerde\u00f1a, y todos los hu\u00e9spedes tienen acceso a su propia cocina de piedra, \u00a1para que puedan perfeccionar sus talentos culinarios!<\/p>\n","protected":false},"excerpt":{"rendered":"<p>\u00bfBuscas una estancia respetuosa con el medio ambiente, acompa\u00f1ada de unas vistas impresionantes y una deliciosa comida de origen local? Entonces, \u00a1Ecoparco Neul\u00e8 es para ti! Con impresionantes vistas al fondo del lago Cedrino y del paisaje virgen que le rodea, con esta ubicaci\u00f3n no tendr\u00e1s ninguna duda sobre la incre\u00edblemente pintoresca naturaleza de la [&hellip;]<\/p>\n","protected":false},"author":1,"featured_media":5448,"parent":6009,"menu_order":0,"comment_status":"closed","ping_status":"closed","template":"tpl-location.php","meta":{"_acf_changed":false,"footnotes":""},"acf":{"address":"Localit\u00e0 Neul\u00e8, 08022 Dorgali NU, Italy","location_type":"hotel","map_link":"https:\/\/www.google.com\/maps\/place\/Ecoparco+neule'\/@40.3208037,9.5509956,17z\/data=!3m1!4b1!4m9!3m8!1s0x12def572f0d97c17:0xd5e45f428d9ec5c9!5m2!4m1!1i2!8m2!3d40.3207996!4d9.5535705!16s\/g\/11t31vk21f?entry=ttu","trip_advisor":"https:\/\/www.tripadvisor.it\/Hotel_Review-g642180-d2186476-Reviews-Ecoparco_Neule_kayak_sul_cedrino-Dorgali_Province_of_Nuoro_Sardinia.html","coordinates":{"latitude":"40.3208037","longitude":"9.5509956"},"charging_stations":[{"charging_station":"Type 2 22kW: Via Vittorio Emanuele, 93, 08022 Dorgali NU, Italy (6.3km \/ 14-min)"}]},"aioseo_notices":[],"_links":{"self":[{"href":"https:\/\/nissantravelguide.com\/es\/wp-json\/wp\/v2\/pages\/5984"}],"collection":[{"href":"https:\/\/nissantravelguide.com\/es\/wp-json\/wp\/v2\/pages"}],"about":[{"href":"https:\/\/nissantravelguide.com\/es\/wp-json\/wp\/v2\/types\/page"}],"author":[{"embeddable":true,"href":"https:\/\/nissantravelguide.com\/es\/wp-json\/wp\/v2\/users\/1"}],"replies":[{"embeddable":true,"href":"https:\/\/nissantravelguide.com\/es\/wp-json\/wp\/v2\/comments?post=5984"}],"version-history":[{"count":0,"href":"https:\/\/nissantravelguide.com\/es\/wp-json\/wp\/v2\/pages\/5984\/revisions"}],"up":[{"embeddable":true,"href":"https:\/\/nissantravelguide.com\/es\/wp-json\/wp\/v2\/pages\/6009"}],"wp:featuredmedia":[{"embeddable":true,"href":"https:\/\/nissantravelguide.com\/es\/wp-json\/wp\/v2\/media\/5448"}],"wp:attachment":[{"href":"https:\/\/nissantravelguide.com\/es\/wp-json\/wp\/v2\/media?parent=5984"}],"curies":[{"name":"wp","href":"https:\/\/api.w.org\/{rel}","templated":true}]}}