{"id":5985,"date":"2023-07-27T07:18:34","date_gmt":"2023-07-27T07:18:34","guid":{"rendered":"https:\/\/nissantravelguide.com\/spiaggia-di-tuerredda\/"},"modified":"2023-07-27T07:18:34","modified_gmt":"2023-07-27T07:18:34","slug":"spiaggia-di-tuerredda","status":"publish","type":"page","link":"https:\/\/nissantravelguide.com\/es\/cerdena\/spiaggia-di-tuerredda\/","title":{"rendered":"Spiaggia di Tuerredda"},"content":{"rendered":"<p>Enclavada en un para\u00edso para los amantes de la playa y la bendici\u00f3n de un esplendor natural impresionante, la playa de Tuerredda es el lugar de recreo definitivo de la costa sur de Cerde\u00f1a. Sum\u00e9rgete en un para\u00edso submarino mientras buceas en sus aguas cristalinas. Pero espera, \u00a1a\u00fan hay m\u00e1s! Coge un remo y emb\u00e1rcate en una emocionante aventura en canoa hasta la joya oculta de Isola di Tuerredda, a solo 150\u00a0metros de la costa. Prepara tu protector solar, porque esta escapada a la playa est\u00e1 a punto de llevarte a un viaje salvaje e inolvidable.<\/p>\n","protected":false},"excerpt":{"rendered":"<p>Enclavada en un para\u00edso para los amantes de la playa y la bendici\u00f3n de un esplendor natural impresionante, la playa de Tuerredda es el lugar de recreo definitivo de la costa sur de Cerde\u00f1a. Sum\u00e9rgete en un para\u00edso submarino mientras buceas en sus aguas cristalinas. Pero espera, \u00a1a\u00fan hay m\u00e1s! Coge un remo y emb\u00e1rcate [&hellip;]<\/p>\n","protected":false},"author":1,"featured_media":5311,"parent":6009,"menu_order":0,"comment_status":"closed","ping_status":"closed","template":"tpl-location.php","meta":{"_acf_changed":false,"footnotes":""},"acf":{"address":"Localit\u00e0 Tuerredda, 09019 Teulada CA, Italy","location_type":"beauty","map_link":"https:\/\/www.google.com\/maps\/place\/Tuerredda+Beach\/@38.8902838,8.7414241,11z\/data=!4m6!3m5!1s0x12e6e7378d569d7f:0xfe8af765f15074f0!8m2!3d38.8946095!4d8.8131483!16s%2Fg%2F12q4r5ypd?entry=ttu","trip_advisor":"https:\/\/www.tripadvisor.co.uk\/Attraction_Review-g1202591-d2254080-Reviews-Spiaggia_di_Tuerredda-Teulada_Province_of_Cagliari_Sardinia.html","coordinates":{"latitude":"38.8902838","longitude":"8.7414241"},"charging_stations":[{"charging_station":"CCS 150kW, CHAdeMO 62kW, Type 2 22kW: Via Tramontana, 09010 Pula CA, Italy (23.4km \/ 27-min)"}]},"aioseo_notices":[],"_links":{"self":[{"href":"https:\/\/nissantravelguide.com\/es\/wp-json\/wp\/v2\/pages\/5985"}],"collection":[{"href":"https:\/\/nissantravelguide.com\/es\/wp-json\/wp\/v2\/pages"}],"about":[{"href":"https:\/\/nissantravelguide.com\/es\/wp-json\/wp\/v2\/types\/page"}],"author":[{"embeddable":true,"href":"https:\/\/nissantravelguide.com\/es\/wp-json\/wp\/v2\/users\/1"}],"replies":[{"embeddable":true,"href":"https:\/\/nissantravelguide.com\/es\/wp-json\/wp\/v2\/comments?post=5985"}],"version-history":[{"count":0,"href":"https:\/\/nissantravelguide.com\/es\/wp-json\/wp\/v2\/pages\/5985\/revisions"}],"up":[{"embeddable":true,"href":"https:\/\/nissantravelguide.com\/es\/wp-json\/wp\/v2\/pages\/6009"}],"wp:featuredmedia":[{"embeddable":true,"href":"https:\/\/nissantravelguide.com\/es\/wp-json\/wp\/v2\/media\/5311"}],"wp:attachment":[{"href":"https:\/\/nissantravelguide.com\/es\/wp-json\/wp\/v2\/media?parent=5985"}],"curies":[{"name":"wp","href":"https:\/\/api.w.org\/{rel}","templated":true}]}}