{"id":5986,"date":"2023-07-27T07:18:49","date_gmt":"2023-07-27T07:18:49","guid":{"rendered":"https:\/\/nissantravelguide.com\/spiaggia-del-poetto\/"},"modified":"2023-07-27T07:18:49","modified_gmt":"2023-07-27T07:18:49","slug":"spiaggia-del-poetto","status":"publish","type":"page","link":"https:\/\/nissantravelguide.com\/es\/cerdena\/spiaggia-del-poetto\/","title":{"rendered":"Spiaggia del Poetto"},"content":{"rendered":"<p>No solo es la playa principal de Cagliari, la capital de Cerde\u00f1a, sino que tambi\u00e9n es una de las m\u00e1s largas, \u00a1con nada menos que 8\u00a0impresionantes kil\u00f3metros! Prep\u00e1rate para una aventura en la playa sin igual al poner el pie en las animadas costas de Spiaggia del Poetto. Interioriza las vibraciones urbanas que se mezclan con la belleza de la naturaleza, y proporcionan una experiencia en la costa \u00fanica. Con impresionantes vistas del azul profundo del golfo de Quartu y las majestuosas colinas de Sella Del Diavolo en el horizonte sur, ver\u00e1s que te rodea un paisaje cautivador. Adem\u00e1s, los vientos de la playa la convierten en un lugar excelente para practicar windsurfing y kitesurfing, \u00a1lo que hace que sea perfecta para los visitantes aficionados al deporte! As\u00ed que, \u00a1prep\u00e1rate para sumergirte en la emoci\u00f3n, tomar el sol y crear recuerdos inolvidables en la animada Spiaggia Del Poetto!<\/p>\n","protected":false},"excerpt":{"rendered":"<p>No solo es la playa principal de Cagliari, la capital de Cerde\u00f1a, sino que tambi\u00e9n es una de las m\u00e1s largas, \u00a1con nada menos que 8\u00a0impresionantes kil\u00f3metros! Prep\u00e1rate para una aventura en la playa sin igual al poner el pie en las animadas costas de Spiaggia del Poetto. Interioriza las vibraciones urbanas que se mezclan [&hellip;]<\/p>\n","protected":false},"author":1,"featured_media":5378,"parent":6009,"menu_order":0,"comment_status":"closed","ping_status":"closed","template":"tpl-location.php","meta":{"_acf_changed":false,"footnotes":""},"acf":{"address":"Italy","location_type":"beauty","map_link":"https:\/\/www.google.com\/maps\/place\/Poetto\/@39.2188576,9.2172175,13z\/data=!4m6!3m5!1s0x12e0cb51ddbbeddb:0x6faa2e32c94fb2a0!8m2!3d39.2134183!4d9.1757159!16s%2Fm%2F04jhhrx?entry=ttu","trip_advisor":"https:\/\/www.tripadvisor.it\/Attraction_Review-g187881-d247462-Reviews-Poetto-Cagliari_Province_of_Cagliari_Sardinia.html","coordinates":{"latitude":"39.2188576","longitude":"9.2172175"},"charging_stations":[{"charging_station":"CHAdeMO 50kW, CCS 50kW, Type 2 41.5 kW: 8 Viale Lungomare del Golfo Sardegna, Viale Lungomare del Golfo, 09045 Quartu Sant'Elena CA, Italy (2.2Kms \/ 4-min)"}]},"aioseo_notices":[],"_links":{"self":[{"href":"https:\/\/nissantravelguide.com\/es\/wp-json\/wp\/v2\/pages\/5986"}],"collection":[{"href":"https:\/\/nissantravelguide.com\/es\/wp-json\/wp\/v2\/pages"}],"about":[{"href":"https:\/\/nissantravelguide.com\/es\/wp-json\/wp\/v2\/types\/page"}],"author":[{"embeddable":true,"href":"https:\/\/nissantravelguide.com\/es\/wp-json\/wp\/v2\/users\/1"}],"replies":[{"embeddable":true,"href":"https:\/\/nissantravelguide.com\/es\/wp-json\/wp\/v2\/comments?post=5986"}],"version-history":[{"count":0,"href":"https:\/\/nissantravelguide.com\/es\/wp-json\/wp\/v2\/pages\/5986\/revisions"}],"up":[{"embeddable":true,"href":"https:\/\/nissantravelguide.com\/es\/wp-json\/wp\/v2\/pages\/6009"}],"wp:featuredmedia":[{"embeddable":true,"href":"https:\/\/nissantravelguide.com\/es\/wp-json\/wp\/v2\/media\/5378"}],"wp:attachment":[{"href":"https:\/\/nissantravelguide.com\/es\/wp-json\/wp\/v2\/media?parent=5986"}],"curies":[{"name":"wp","href":"https:\/\/api.w.org\/{rel}","templated":true}]}}