{"id":5987,"date":"2023-07-27T07:19:03","date_gmt":"2023-07-27T07:19:03","guid":{"rendered":"https:\/\/nissantravelguide.com\/spiaggia-cala-sarraina\/"},"modified":"2023-07-27T07:19:03","modified_gmt":"2023-07-27T07:19:03","slug":"spiaggia-cala-sarraina","status":"publish","type":"page","link":"https:\/\/nissantravelguide.com\/es\/cerdena\/spiaggia-cala-sarraina\/","title":{"rendered":"Spiaggia Cala Sarraina"},"content":{"rendered":"<p>Prep\u00e1rate para una inolvidable experiencia en la playa en Cala Sarraina, donde las puestas de sol te dejar\u00e1n boquiabierto y las aguas cristalinas son una invitaci\u00f3n abierta para que te sumerjas y descubras maravillas submarinas. Pero eso no es todo. T\u00f3mate una bebida refrescante en el propio bar de la playa, y cuando te entre el hambre, sigue a tu paladar hasta el restaurante situado en la costa a tiro de piedra. \u00bfCon ganas de aventura? Ad\u00e9ntrate en los senderos ocultos que conducen a calas solitarias, donde podr\u00e1s dar rienda suelta a tu esp\u00edritu explorador interior y empaparte de la serenidad de este para\u00edso en la costa. Cala Sarraina lo tiene todo: impresionantes puestas de sol, delicias para bucear, delicias junto a la playa y tesoros ocultos a la espera de ser descubiertos.<\/p>\n","protected":false},"excerpt":{"rendered":"<p>Prep\u00e1rate para una inolvidable experiencia en la playa en Cala Sarraina, donde las puestas de sol te dejar\u00e1n boquiabierto y las aguas cristalinas son una invitaci\u00f3n abierta para que te sumerjas y descubras maravillas submarinas. Pero eso no es todo. T\u00f3mate una bebida refrescante en el propio bar de la playa, y cuando te entre [&hellip;]<\/p>\n","protected":false},"author":1,"featured_media":5350,"parent":6009,"menu_order":0,"comment_status":"closed","ping_status":"closed","template":"tpl-location.php","meta":{"_acf_changed":false,"footnotes":""},"acf":{"address":"07038 Trinit\u00e0 d'Agultu e Vignola Province of Sassari, Italy","location_type":"beauty","map_link":"https:\/\/www.google.com\/maps\/place\/Cala+Sarraina\/@41.0873602,8.984303,15z\/data=!3m1!4b1!4m6!3m5!1s0x12dbf026ebf0b261:0x8039b8c4078e672b!8m2!3d41.0873607!4d8.984303!16s%2Fg%2F11b8thyg64?entry=ttu","trip_advisor":"https:\/\/www.tripadvisor.co.uk\/Attraction_Review-g2698278-d4607382-Reviews-Spiaggia_Cala_Sarraina-Trinita_d_Agultu_e_Vignola_Province_of_Olbia_Tempio_Sardi.html","coordinates":{"latitude":"41.0873602","longitude":"8.984303"},"charging_stations":[{"charging_station":"Type 2 23kW, Type 2 21kW: 07030 Li Junchi Province of Sassari, Italy (27.8Kms \/ 33-min)"}]},"aioseo_notices":[],"_links":{"self":[{"href":"https:\/\/nissantravelguide.com\/es\/wp-json\/wp\/v2\/pages\/5987"}],"collection":[{"href":"https:\/\/nissantravelguide.com\/es\/wp-json\/wp\/v2\/pages"}],"about":[{"href":"https:\/\/nissantravelguide.com\/es\/wp-json\/wp\/v2\/types\/page"}],"author":[{"embeddable":true,"href":"https:\/\/nissantravelguide.com\/es\/wp-json\/wp\/v2\/users\/1"}],"replies":[{"embeddable":true,"href":"https:\/\/nissantravelguide.com\/es\/wp-json\/wp\/v2\/comments?post=5987"}],"version-history":[{"count":0,"href":"https:\/\/nissantravelguide.com\/es\/wp-json\/wp\/v2\/pages\/5987\/revisions"}],"up":[{"embeddable":true,"href":"https:\/\/nissantravelguide.com\/es\/wp-json\/wp\/v2\/pages\/6009"}],"wp:featuredmedia":[{"embeddable":true,"href":"https:\/\/nissantravelguide.com\/es\/wp-json\/wp\/v2\/media\/5350"}],"wp:attachment":[{"href":"https:\/\/nissantravelguide.com\/es\/wp-json\/wp\/v2\/media?parent=5987"}],"curies":[{"name":"wp","href":"https:\/\/api.w.org\/{rel}","templated":true}]}}