{"id":5988,"date":"2023-07-27T07:19:15","date_gmt":"2023-07-27T07:19:15","guid":{"rendered":"https:\/\/nissantravelguide.com\/grotta-di-nettuno\/"},"modified":"2023-07-27T07:19:15","modified_gmt":"2023-07-27T07:19:15","slug":"grotta-di-nettuno","status":"publish","type":"page","link":"https:\/\/nissantravelguide.com\/es\/cerdena\/grotta-di-nettuno\/","title":{"rendered":"Grotta di Nettuno"},"content":{"rendered":"<p>Prep\u00e1rate para dejarte hechizar por el encanto m\u00edstico de estas cautivadoras cuevas, que rinden homenaje al poderoso dios romano del mar. Prep\u00e1rate para una inolvidable aventura mientras exploras estas cuevas a pie y por el mar, sumergi\u00e9ndote en su impresionante belleza. Estas cuevas no son un lugar tur\u00edstico normal: encarnan la esencia cruda y diversa de la geograf\u00eda de Cerde\u00f1a, y dejan una impresi\u00f3n duradera en todos aquellos que se aventuran en su interior. Prep\u00e1rate para crear recuerdos que perdurar\u00e1n en tu mente como una cautivadora historia de antiguas leyendas. Las Cuevas de Neptuno te llaman y te invitan a embarcarte en un viaje que no olvidar\u00e1s.<\/p>\n","protected":false},"excerpt":{"rendered":"<p>Prep\u00e1rate para dejarte hechizar por el encanto m\u00edstico de estas cautivadoras cuevas, que rinden homenaje al poderoso dios romano del mar. Prep\u00e1rate para una inolvidable aventura mientras exploras estas cuevas a pie y por el mar, sumergi\u00e9ndote en su impresionante belleza. Estas cuevas no son un lugar tur\u00edstico normal: encarnan la esencia cruda y diversa [&hellip;]<\/p>\n","protected":false},"author":1,"featured_media":5797,"parent":6009,"menu_order":0,"comment_status":"closed","ping_status":"closed","template":"tpl-location.php","meta":{"_acf_changed":false,"footnotes":""},"acf":{"address":"07041 Alghero, Province of Sassari, Italy","location_type":"beauty","map_link":"https:\/\/www.google.com\/maps\/place\/Neptune's+Grotto\/@40.5641883,8.1618085,18z\/data=!3m1!4b1!4m6!3m5!1s0x12dce9bb9a8b5129:0xc2b9ceb7b86dc2ac!8m2!3d40.5650296!4d8.1604548!16s%2Fm%2F040833t?entry=ttu","trip_advisor":"https:\/\/www.tripadvisor.co.uk\/Attraction_Review-g187880-d10389400-Reviews-Neptune_s_Grotto-Alghero_Province_of_Sassari_Sardinia.html","coordinates":{"latitude":"40.5641883","longitude":"8.1618085"},"charging_stations":[{"charging_station":"Type 2 22kW: Strada Provinciale 44, 07041 Alghero SS, Italy (22.8Kms \/ 27-min)"}]},"aioseo_notices":[],"_links":{"self":[{"href":"https:\/\/nissantravelguide.com\/es\/wp-json\/wp\/v2\/pages\/5988"}],"collection":[{"href":"https:\/\/nissantravelguide.com\/es\/wp-json\/wp\/v2\/pages"}],"about":[{"href":"https:\/\/nissantravelguide.com\/es\/wp-json\/wp\/v2\/types\/page"}],"author":[{"embeddable":true,"href":"https:\/\/nissantravelguide.com\/es\/wp-json\/wp\/v2\/users\/1"}],"replies":[{"embeddable":true,"href":"https:\/\/nissantravelguide.com\/es\/wp-json\/wp\/v2\/comments?post=5988"}],"version-history":[{"count":0,"href":"https:\/\/nissantravelguide.com\/es\/wp-json\/wp\/v2\/pages\/5988\/revisions"}],"up":[{"embeddable":true,"href":"https:\/\/nissantravelguide.com\/es\/wp-json\/wp\/v2\/pages\/6009"}],"wp:featuredmedia":[{"embeddable":true,"href":"https:\/\/nissantravelguide.com\/es\/wp-json\/wp\/v2\/media\/5797"}],"wp:attachment":[{"href":"https:\/\/nissantravelguide.com\/es\/wp-json\/wp\/v2\/media?parent=5988"}],"curies":[{"name":"wp","href":"https:\/\/api.w.org\/{rel}","templated":true}]}}