{"id":5989,"date":"2023-07-27T07:19:39","date_gmt":"2023-07-27T07:19:39","guid":{"rendered":"https:\/\/nissantravelguide.com\/spiaggia-la-pelosa\/"},"modified":"2023-07-27T07:19:39","modified_gmt":"2023-07-27T07:19:39","slug":"spiaggia-la-pelosa","status":"publish","type":"page","link":"https:\/\/nissantravelguide.com\/es\/cerdena\/spiaggia-la-pelosa\/","title":{"rendered":"Spiaggia La Pelosa"},"content":{"rendered":"<p>Descubre una playa que te dejar\u00e1 sin habla y har\u00e1 que te preguntes si por arte de magia te has transportado al Caribe. Prep\u00e1rate para una experiencia inolvidable en Spiaggia La Pelosa, una de las playas m\u00e1s apreciadas, no solo de la isla, sino tal vez de todo el continente. Cobijada en la cautivadora costa noroeste de Cerde\u00f1a, cuenta con aguas cristalinas de color turquesa y pr\u00edstinas playas de arena blanca. Mientras tomas el sol y sumerges los pies en el tentador mar, prep\u00e1rate para sorprenderte por las impresionantes vistas de Isola Piana, a apenas 600 metros de la costa, y la encantadora Isola Asinara. Spiaggia La Pelosa, con su irresistible encanto, es una visita obligada para cualquiera que explore la regi\u00f3n de Sassari. \u00a1Prepara tu equipo de playa y emb\u00e1rcate en una aventura tropical sin salir de Cerde\u00f1a!<\/p>\n","protected":false},"excerpt":{"rendered":"<p>Descubre una playa que te dejar\u00e1 sin habla y har\u00e1 que te preguntes si por arte de magia te has transportado al Caribe. Prep\u00e1rate para una experiencia inolvidable en Spiaggia La Pelosa, una de las playas m\u00e1s apreciadas, no solo de la isla, sino tal vez de todo el continente. Cobijada en la cautivadora costa [&hellip;]<\/p>\n","protected":false},"author":1,"featured_media":5887,"parent":6009,"menu_order":0,"comment_status":"closed","ping_status":"closed","template":"tpl-location.php","meta":{"_acf_changed":false,"footnotes":""},"acf":{"address":"Italy","location_type":"beauty","map_link":"https:\/\/www.google.com\/maps\/place\/Spiaggia+La+Pelosa\/@40.9661896,8.2058939,15z\/data=!4m6!3m5!1s0x12dc9e7186be51dd:0xff1db3e8eed05b65!8m2!3d40.9654818!4d8.2095124!16s%2Fg%2F11bymx1tfy?entry=ttu","trip_advisor":"https:\/\/www.tripadvisor.it\/Attraction_Review-g608925-d614634-Reviews-La_Pelosa_Beach-Stintino_Province_of_Sassari_Sardinia.html","coordinates":{"latitude":"40.9661896","longitude":"8.2058939"},"charging_stations":[{"charging_station":"CHAdeMO 50kW, CCS 50kW, Type 2 43kW, Type 2 22kW: Str. Litoranea Platamona, 07046 Porto Torres SS, Italy (35.2kms \/ 40-min)"}]},"aioseo_notices":[],"_links":{"self":[{"href":"https:\/\/nissantravelguide.com\/es\/wp-json\/wp\/v2\/pages\/5989"}],"collection":[{"href":"https:\/\/nissantravelguide.com\/es\/wp-json\/wp\/v2\/pages"}],"about":[{"href":"https:\/\/nissantravelguide.com\/es\/wp-json\/wp\/v2\/types\/page"}],"author":[{"embeddable":true,"href":"https:\/\/nissantravelguide.com\/es\/wp-json\/wp\/v2\/users\/1"}],"replies":[{"embeddable":true,"href":"https:\/\/nissantravelguide.com\/es\/wp-json\/wp\/v2\/comments?post=5989"}],"version-history":[{"count":0,"href":"https:\/\/nissantravelguide.com\/es\/wp-json\/wp\/v2\/pages\/5989\/revisions"}],"up":[{"embeddable":true,"href":"https:\/\/nissantravelguide.com\/es\/wp-json\/wp\/v2\/pages\/6009"}],"wp:featuredmedia":[{"embeddable":true,"href":"https:\/\/nissantravelguide.com\/es\/wp-json\/wp\/v2\/media\/5887"}],"wp:attachment":[{"href":"https:\/\/nissantravelguide.com\/es\/wp-json\/wp\/v2\/media?parent=5989"}],"curies":[{"name":"wp","href":"https:\/\/api.w.org\/{rel}","templated":true}]}}