{"id":5990,"date":"2023-07-27T07:20:02","date_gmt":"2023-07-27T07:20:02","guid":{"rendered":"https:\/\/nissantravelguide.com\/cala-biriala\/"},"modified":"2023-07-27T07:20:02","modified_gmt":"2023-07-27T07:20:02","slug":"cala-biriala","status":"publish","type":"page","link":"https:\/\/nissantravelguide.com\/es\/cerdena\/cala-biriala\/","title":{"rendered":"Cala Biriala"},"content":{"rendered":"<p>Escondida a lo largo del golfo de Orosei en la costa este de la isla, la playa de Cala Bir\u00ecala ofrece a los viajeros cansados amplias oportunidades de relax y aventura. Las aguas cristalinas proporcionan un entorno ideal para el submarinismo y el esn\u00f3rquel, para que puedas explorar el apasionante mundo submarino. La ubicaci\u00f3n \u00fanica de la playa, enclavada entre los encantadores bosques de Bir\u00ecala y Bilariccoro, ofrece a los exploradores aventureros una emocionante oportunidad para embarcarse en una caminata para llegar a la playa. Tanto si buscas tranquilidad como experiencias emocionantes, la playa de Cala Bir\u00ecala tiene algo para disfrute de todos.<\/p>\n","protected":false},"excerpt":{"rendered":"<p>Escondida a lo largo del golfo de Orosei en la costa este de la isla, la playa de Cala Bir\u00ecala ofrece a los viajeros cansados amplias oportunidades de relax y aventura. Las aguas cristalinas proporcionan un entorno ideal para el submarinismo y el esn\u00f3rquel, para que puedas explorar el apasionante mundo submarino. La ubicaci\u00f3n \u00fanica [&hellip;]<\/p>\n","protected":false},"author":1,"featured_media":5317,"parent":6009,"menu_order":0,"comment_status":"closed","ping_status":"closed","template":"tpl-location.php","meta":{"_acf_changed":false,"footnotes":""},"acf":{"address":"08040 Baunei, Province of Nuoro, Italy","location_type":"beauty","map_link":"https:\/\/www.google.com\/maps\/place\/Cala+Bir%C3%ACala\/@40.147947,9.6500255,17z\/data=!3m1!4b1!4m9!3m8!1s0x12de5944e288fd5b:0xd038484e0ba22c90!5m2!4m1!1i2!8m2!3d40.1479429!4d9.6526004!16s%2Fg%2F12q4qyl30?entry=tts&shorturl=1","trip_advisor":"https:\/\/www.tripadvisor.it\/Attraction_Review-g644260-d6867241-Reviews-Cala_Biriala-Baunei_Province_of_Ogliastra_Sardinia.html","coordinates":{"latitude":"40.147947","longitude":"9.6500255"},"charging_stations":[{"charging_station":"Type 2 22kW: Viale Colombo, 08022 Cala Gonone NU, Italy (70.4km \/ 1 hour 49-min)"}]},"aioseo_notices":[],"_links":{"self":[{"href":"https:\/\/nissantravelguide.com\/es\/wp-json\/wp\/v2\/pages\/5990"}],"collection":[{"href":"https:\/\/nissantravelguide.com\/es\/wp-json\/wp\/v2\/pages"}],"about":[{"href":"https:\/\/nissantravelguide.com\/es\/wp-json\/wp\/v2\/types\/page"}],"author":[{"embeddable":true,"href":"https:\/\/nissantravelguide.com\/es\/wp-json\/wp\/v2\/users\/1"}],"replies":[{"embeddable":true,"href":"https:\/\/nissantravelguide.com\/es\/wp-json\/wp\/v2\/comments?post=5990"}],"version-history":[{"count":0,"href":"https:\/\/nissantravelguide.com\/es\/wp-json\/wp\/v2\/pages\/5990\/revisions"}],"up":[{"embeddable":true,"href":"https:\/\/nissantravelguide.com\/es\/wp-json\/wp\/v2\/pages\/6009"}],"wp:featuredmedia":[{"embeddable":true,"href":"https:\/\/nissantravelguide.com\/es\/wp-json\/wp\/v2\/media\/5317"}],"wp:attachment":[{"href":"https:\/\/nissantravelguide.com\/es\/wp-json\/wp\/v2\/media?parent=5990"}],"curies":[{"name":"wp","href":"https:\/\/api.w.org\/{rel}","templated":true}]}}